{"id":611,"date":"2023-08-18T13:00:47","date_gmt":"2023-08-18T13:00:47","guid":{"rendered":"https:\/\/rastas.com.tr\/82-mm-kavanoz-kapagi\/"},"modified":"2023-09-20T13:09:10","modified_gmt":"2023-09-20T13:09:10","slug":"82-mm-twist-off-caps","status":"publish","type":"page","link":"https:\/\/rastas.com.tr\/en\/82-mm-twist-off-caps\/","title":{"rendered":"82 MM TWIST OFF CAPS"},"content":{"rendered":"\t\t<div data-elementor-type=\"wp-page\" data-elementor-id=\"611\" class=\"elementor elementor-611 elementor-301\" data-elementor-post-type=\"page\">\n\t\t\t\t\t\t\t\t\t<section class=\"elementor-section elementor-top-section elementor-element elementor-element-33273ee elementor-section-boxed elementor-section-height-default elementor-section-height-default\" data-id=\"33273ee\" data-element_type=\"section\" data-settings=\"{&quot;background_background&quot;:&quot;classic&quot;}\">\n\t\t\t\t\t\t<div class=\"elementor-container elementor-column-gap-default\">\n\t\t\t\t\t<div class=\"elementor-column elementor-col-50 elementor-top-column elementor-element elementor-element-48d0e55\" data-id=\"48d0e55\" data-element_type=\"column\">\n\t\t\t<div class=\"elementor-widget-wrap elementor-element-populated\">\n\t\t\t\t\t\t\t\t<section class=\"elementor-section elementor-inner-section elementor-element elementor-element-02a8def elementor-section-boxed elementor-section-height-default elementor-section-height-default\" data-id=\"02a8def\" data-element_type=\"section\" data-settings=\"{&quot;background_background&quot;:&quot;classic&quot;}\">\n\t\t\t\t\t\t<div class=\"elementor-container elementor-column-gap-default\">\n\t\t\t\t\t<div class=\"elementor-column elementor-col-100 elementor-inner-column elementor-element elementor-element-7b3a5a6 single-products\" data-id=\"7b3a5a6\" data-element_type=\"column\">\n\t\t\t<div class=\"elementor-widget-wrap elementor-element-populated\">\n\t\t\t\t\t\t\t\t<div class=\"elementor-element elementor-element-22f89eb elementor-widget elementor-widget-heading\" data-id=\"22f89eb\" data-element_type=\"widget\" data-widget_type=\"heading.default\">\n\t\t\t\t<div class=\"elementor-widget-container\">\n\t\t\t<style>\/*! elementor - v3.17.0 - 25-10-2023 *\/\n.elementor-heading-title{padding:0;margin:0;line-height:1}.elementor-widget-heading .elementor-heading-title[class*=elementor-size-]>a{color:inherit;font-size:inherit;line-height:inherit}.elementor-widget-heading .elementor-heading-title.elementor-size-small{font-size:15px}.elementor-widget-heading .elementor-heading-title.elementor-size-medium{font-size:19px}.elementor-widget-heading .elementor-heading-title.elementor-size-large{font-size:29px}.elementor-widget-heading .elementor-heading-title.elementor-size-xl{font-size:39px}.elementor-widget-heading .elementor-heading-title.elementor-size-xxl{font-size:59px}<\/style><h1 class=\"elementor-heading-title elementor-size-default\">82 MM TWIST OFF CAPS<\/h1>\t\t<\/div>\n\t\t\t\t<\/div>\n\t\t\t\t<div class=\"elementor-element elementor-element-1a62568 elementor-widget elementor-widget-text-editor\" data-id=\"1a62568\" data-element_type=\"widget\" data-widget_type=\"text-editor.default\">\n\t\t\t\t<div class=\"elementor-widget-container\">\n\t\t\t<style>\/*! elementor - v3.17.0 - 25-10-2023 *\/\n.elementor-widget-text-editor.elementor-drop-cap-view-stacked .elementor-drop-cap{background-color:#69727d;color:#fff}.elementor-widget-text-editor.elementor-drop-cap-view-framed .elementor-drop-cap{color:#69727d;border:3px solid;background-color:transparent}.elementor-widget-text-editor:not(.elementor-drop-cap-view-default) .elementor-drop-cap{margin-top:8px}.elementor-widget-text-editor:not(.elementor-drop-cap-view-default) .elementor-drop-cap-letter{width:1em;height:1em}.elementor-widget-text-editor .elementor-drop-cap{float:left;text-align:center;line-height:1;font-size:50px}.elementor-widget-text-editor .elementor-drop-cap-letter{display:inline-block}<\/style>\t\t\t\t<p>Rastas is a leading brand in the field of jar lids and can lids. Our products are made of high quality materials and help you keep your food fresh and safe. Our easy-to-use jar lids seal tightly and prevent spoilage of the food inside.<\/p>\t\t\t\t\t\t<\/div>\n\t\t\t\t<\/div>\n\t\t\t\t<div class=\"elementor-element elementor-element-338b645 elementor-widget elementor-widget-text-editor\" data-id=\"338b645\" data-element_type=\"widget\" data-widget_type=\"text-editor.default\">\n\t\t\t\t<div class=\"elementor-widget-container\">\n\t\t\t\t\t\t\t<table>\n<tbody>\n<tr>\n<th class=\"text-center\" colspan=\"7\">82 MM TECHNICAL SPECIFICATIONS<\/th>\n<\/tr>\n<tr>\n<td>CAP SIZE<\/td>\n<td>CAP HEIGHT<\/td>\n<td>OUTER DIAMETER<\/td>\n<td>INTER-DENTAL DIAMETER<\/td>\n<td>MIN. ROLLING INNER DIAMETER<\/td>\n<td>MIN. GASKET THICKNESS<\/td>\n<td>OUTER BOTTOM-GASKET HEIGHT<\/td>\n<\/tr>\n<tr>\n<td title=\"CAP SIZE\">82 MM RTS-RSB<\/td>\n<td title=\"CAP HEIGHT\">10.55<\/td>\n<td title=\"OUTER DIAMETER\">85.20<\/td>\n<td title=\"INTER-DENTAL DIAMETER\">78.00 min. 78.75 max.<\/td>\n<td title=\"MIN. ROLLING INNER DIAMETER\">81.20<\/td>\n<td title=\"MIN. GASKET THICKNESS\">0.75<\/td>\n<td title=\"OUTER BOTTOM-GASKET HEIGHT\">7.80 min. 8.90 max.<\/td>\n<\/tr>\n<\/tbody>\n<\/table>\n<table>\n<tbody>\n<tr>\n<th class=\"text-center\" colspan=\"5\">82 MM JARS COMPATIBLE WITH LIDS<\/th>\n<\/tr>\n<tr>\n<td>HEAD TYPE<\/td>\n<td>JAR BRAND<\/td>\n<td>JAR CODE<\/td>\n<td>VOLUME (CC)<\/td>\n<\/tr>\n<tr>\n<td title=\"HEAD TYPE\">82 MM<\/td>\n<td title=\"JAR BRAND\">G\u00dcRALLAR<\/td>\n<td title=\"JAR CODE\">MER 058<\/td>\n<td title=\"VOLUME (CC)\">580 CC<\/td>\n<\/tr>\n<tr>\n<td title=\"HEAD TYPE\">82 MM<\/td>\n<td title=\"JAR BRAND\">G\u00dcRALLAR<\/td>\n<td title=\"JAR CODE\">MER 066<\/td>\n<td title=\"VOLUME (CC)\">660 CC<\/td>\n<\/tr>\n<tr>\n<td title=\"HEAD TYPE\">82 MM<\/td>\n<td title=\"JAR BRAND\">G\u00dcRALLAR<\/td>\n<td title=\"JAR CODE\">AKK 058<\/td>\n<td title=\"VOLUME (CC)\">580 CC<\/td>\n<\/tr>\n<tr>\n<td title=\"HEAD TYPE\">82 MM<\/td>\n<td title=\"JAR BRAND\">G\u00dcRALLAR<\/td>\n<td title=\"JAR CODE\">AKK 072<\/td>\n<td title=\"VOLUME (CC)\">720 CC<\/td>\n<\/tr>\n<tr>\n<td title=\"HEAD TYPE\">82 MM<\/td>\n<td title=\"JAR BRAND\">G\u00dcRALLAR<\/td>\n<td title=\"JAR CODE\">KVR 066<\/td>\n<td title=\"VOLUME (CC)\">660 CC<\/td>\n<\/tr>\n<tr>\n<td title=\"HEAD TYPE\">82 MM<\/td>\n<td title=\"JAR BRAND\">G\u00dcRALLAR<\/td>\n<td title=\"JAR CODE\">KVR 072<\/td>\n<td title=\"VOLUME (CC)\">720 CC<\/td>\n<\/tr>\n<tr>\n<td title=\"HEAD TYPE\">82 MM<\/td>\n<td title=\"JAR BRAND\">G\u00dcRALLAR<\/td>\n<td title=\"JAR CODE\">LPS 058<\/td>\n<td title=\"VOLUME (CC)\">580 CC<\/td>\n<\/tr>\n<tr>\n<td title=\"HEAD TYPE\">82 MM<\/td>\n<td title=\"JAR BRAND\">G\u00dcRALLAR<\/td>\n<td title=\"JAR CODE\">LPS 072<\/td>\n<td title=\"VOLUME (CC)\">720 CC<\/td>\n<\/tr>\n<tr>\n<td title=\"HEAD TYPE\">82 MM<\/td>\n<td title=\"JAR BRAND\">G\u00dcRALLAR<\/td>\n<td title=\"JAR CODE\">MER 042<\/td>\n<td title=\"VOLUME (CC)\">425 CC<\/td>\n<\/tr>\n<tr>\n<td title=\"HEAD TYPE\">82 MM<\/td>\n<td title=\"JAR BRAND\">G\u00dcRALLAR<\/td>\n<td title=\"JAR CODE\">MER 072<\/td>\n<td title=\"VOLUME (CC)\">720 CC<\/td>\n<\/tr>\n<tr>\n<td title=\"HEAD TYPE\">82 MM<\/td>\n<td title=\"JAR BRAND\">G\u00dcRALLAR<\/td>\n<td title=\"JAR CODE\">MER 081<\/td>\n<td title=\"VOLUME (CC)\">810 CC<\/td>\n<\/tr>\n<tr>\n<td title=\"HEAD TYPE\">82 MM<\/td>\n<td title=\"JAR BRAND\">G\u00dcRALLAR<\/td>\n<td title=\"JAR CODE\">MER 100<\/td>\n<td title=\"VOLUME (CC)\">1000 CC<\/td>\n<\/tr>\n<tr>\n<td title=\"HEAD TYPE\">82 MM<\/td>\n<td title=\"JAR BRAND\">\u015e\u0130\u015eECAM<\/td>\n<td title=\"JAR CODE\">189130<\/td>\n<td title=\"VOLUME (CC)\">300 CC<\/td>\n<\/tr>\n<tr>\n<td title=\"HEAD TYPE\">82 MM<\/td>\n<td title=\"JAR BRAND\">\u015e\u0130\u015eECAM<\/td>\n<td title=\"JAR CODE\">103340<\/td>\n<td title=\"VOLUME (CC)\">400 CC<\/td>\n<\/tr>\n<tr>\n<td title=\"HEAD TYPE\">82 MM<\/td>\n<td title=\"JAR BRAND\">\u015e\u0130\u015eECAM<\/td>\n<td title=\"JAR CODE\">141942<\/td>\n<td title=\"VOLUME (CC)\">425 CC<\/td>\n<\/tr>\n<tr>\n<td title=\"HEAD TYPE\">82 MM<\/td>\n<td title=\"JAR BRAND\">\u015e\u0130\u015eECAM<\/td>\n<td title=\"JAR CODE\">145558<\/td>\n<td title=\"VOLUME (CC)\">580 CC<\/td>\n<\/tr>\n<tr>\n<td title=\"HEAD TYPE\">82 MM<\/td>\n<td title=\"JAR BRAND\">\u015e\u0130\u015eECAM<\/td>\n<td title=\"JAR CODE\">150458<\/td>\n<td title=\"VOLUME (CC)\">580 CC<\/td>\n<\/tr>\n<tr>\n<td title=\"HEAD TYPE\">82 MM<\/td>\n<td title=\"JAR BRAND\">\u015e\u0130\u015eECAM<\/td>\n<td title=\"JAR CODE\">173858<\/td>\n<td title=\"VOLUME (CC)\">580 CC<\/td>\n<\/tr>\n<tr>\n<td title=\"HEAD TYPE\">82 MM<\/td>\n<td title=\"JAR BRAND\">\u015e\u0130\u015eECAM<\/td>\n<td title=\"JAR CODE\">144966<\/td>\n<td title=\"VOLUME (CC)\">660 CC<\/td>\n<\/tr>\n<tr>\n<td title=\"HEAD TYPE\">82 MM<\/td>\n<td title=\"JAR BRAND\">\u015e\u0130\u015eECAM<\/td>\n<td title=\"JAR CODE\">185166<\/td>\n<td title=\"VOLUME (CC)\">660 CC<\/td>\n<\/tr>\n<tr>\n<td title=\"HEAD TYPE\">82 MM<\/td>\n<td title=\"JAR BRAND\">\u015e\u0130\u015eECAM<\/td>\n<td title=\"JAR CODE\">157972<\/td>\n<td title=\"VOLUME (CC)\">720 CC<\/td>\n<\/tr>\n<tr>\n<td title=\"HEAD TYPE\">82 MM<\/td>\n<td title=\"JAR BRAND\">\u015e\u0130\u015eECAM<\/td>\n<td title=\"JAR CODE\">150472<\/td>\n<td title=\"VOLUME (CC)\">720 CC<\/td>\n<\/tr>\n<tr>\n<td title=\"HEAD TYPE\">82 MM<\/td>\n<td title=\"JAR BRAND\">\u015e\u0130\u015eECAM<\/td>\n<td title=\"JAR CODE\">182472<\/td>\n<td title=\"VOLUME (CC)\">720 CC<\/td>\n<\/tr>\n<tr>\n<td title=\"HEAD TYPE\">82 MM<\/td>\n<td title=\"JAR BRAND\">\u015e\u0130\u015eECAM<\/td>\n<td title=\"JAR CODE\">143372<\/td>\n<td title=\"VOLUME (CC)\">720 CC<\/td>\n<\/tr>\n<tr>\n<td title=\"HEAD TYPE\">82 MM<\/td>\n<td title=\"JAR BRAND\">\u015e\u0130\u015eECAM<\/td>\n<td title=\"JAR CODE\">170172<\/td>\n<td title=\"VOLUME (CC)\">720 CC<\/td>\n<\/tr>\n<tr>\n<td title=\"HEAD TYPE\">82 MM<\/td>\n<td title=\"JAR BRAND\">\u015e\u0130\u015eECAM<\/td>\n<td title=\"JAR CODE\">147375<\/td>\n<td title=\"VOLUME (CC)\">750 CC<\/td>\n<\/tr>\n<tr>\n<td title=\"HEAD TYPE\">82 MM<\/td>\n<td title=\"JAR BRAND\">\u015e\u0130\u015eECAM<\/td>\n<td title=\"JAR CODE\">165685<\/td>\n<td title=\"VOLUME (CC)\">850 CC<\/td>\n<\/tr>\n<tr>\n<td title=\"HEAD TYPE\">82 MM<\/td>\n<td title=\"JAR BRAND\">\u015e\u0130\u015eECAM<\/td>\n<td title=\"JAR CODE\">103599<\/td>\n<td title=\"VOLUME (CC)\">1000 CC<\/td>\n<\/tr>\n<tr>\n<td title=\"HEAD TYPE\">82 MM<\/td>\n<td title=\"JAR BRAND\">\u015e\u0130\u015eECAM<\/td>\n<td title=\"JAR CODE\">182999<\/td>\n<td title=\"VOLUME (CC)\">1000 CC<\/td>\n<\/tr>\n<tr>\n<td title=\"HEAD TYPE\">82 MM<\/td>\n<td title=\"JAR BRAND\">MARMARA CAM<\/td>\n<td title=\"JAR CODE\">111 101 0230<\/td>\n<td title=\"VOLUME (CC)\">230 CC<\/td>\n<\/tr>\n<tr>\n<td title=\"HEAD TYPE\">82 MM<\/td>\n<td title=\"JAR BRAND\">MARMARA CAM<\/td>\n<td title=\"JAR CODE\">111 104 0320<\/td>\n<td title=\"VOLUME (CC)\">320 CC<\/td>\n<\/tr>\n<tr>\n<td title=\"HEAD TYPE\">82 MM<\/td>\n<td title=\"JAR BRAND\">MARMARA CAM<\/td>\n<td title=\"JAR CODE\">111 105 0330<\/td>\n<td title=\"VOLUME (CC)\">330 CC<\/td>\n<\/tr>\n<tr>\n<td title=\"HEAD TYPE\">82 MM<\/td>\n<td title=\"JAR BRAND\">MARMARA CAM<\/td>\n<td title=\"JAR CODE\">111 101 0425<\/td>\n<td title=\"VOLUME (CC)\">425 CC<\/td>\n<\/tr>\n<tr>\n<td title=\"HEAD TYPE\">82 MM<\/td>\n<td title=\"JAR BRAND\">MARMARA CAM<\/td>\n<td title=\"JAR CODE\">111 108 0580<\/td>\n<td title=\"VOLUME (CC)\">580 CC<\/td>\n<\/tr>\n<tr>\n<td title=\"HEAD TYPE\">82 MM<\/td>\n<td title=\"JAR BRAND\">MARMARA CAM<\/td>\n<td title=\"JAR CODE\">111 101 0660<\/td>\n<td title=\"VOLUME (CC)\">660 CC<\/td>\n<\/tr>\n<tr>\n<td title=\"HEAD TYPE\">82 MM<\/td>\n<td title=\"JAR BRAND\">MARMARA CAM<\/td>\n<td title=\"JAR CODE\">111 109 0580<\/td>\n<td title=\"VOLUME (CC)\">580 CC<\/td>\n<\/tr>\n<tr>\n<td title=\"HEAD TYPE\">82 MM<\/td>\n<td title=\"JAR BRAND\">MARMARA CAM<\/td>\n<td title=\"JAR CODE\">111 111 0580<\/td>\n<td title=\"VOLUME (CC)\">580 CC<\/td>\n<\/tr>\n<tr>\n<td title=\"HEAD TYPE\">82 MM<\/td>\n<td title=\"JAR BRAND\">MARMARA CAM<\/td>\n<td title=\"JAR CODE\">111 115 0580<\/td>\n<td title=\"VOLUME (CC)\">580 CC<\/td>\n<\/tr>\n<tr>\n<td title=\"HEAD TYPE\">82 MM<\/td>\n<td title=\"JAR BRAND\">MARMARA CAM<\/td>\n<td title=\"JAR CODE\">111 102 0660<\/td>\n<td title=\"VOLUME (CC)\">660 CC<\/td>\n<\/tr>\n<tr>\n<td title=\"HEAD TYPE\">82 MM<\/td>\n<td title=\"JAR BRAND\">MARMARA CAM<\/td>\n<td title=\"JAR CODE\">111 104 0660<\/td>\n<td title=\"VOLUME (CC)\">660 CC<\/td>\n<\/tr>\n<tr>\n<td title=\"HEAD TYPE\">82 MM<\/td>\n<td title=\"JAR BRAND\">MARMARA CAM<\/td>\n<td title=\"JAR CODE\">111 101 0720<\/td>\n<td title=\"VOLUME (CC)\">720 CC<\/td>\n<\/tr>\n<tr>\n<td title=\"HEAD TYPE\">82 MM<\/td>\n<td title=\"JAR BRAND\">MARMARA CAM<\/td>\n<td title=\"JAR CODE\">111 102 0720<\/td>\n<td title=\"VOLUME (CC)\">720 CC<\/td>\n<\/tr>\n<tr>\n<td title=\"HEAD TYPE\">82 MM<\/td>\n<td title=\"JAR BRAND\">MARMARA CAM<\/td>\n<td title=\"JAR CODE\">111 103 0720<\/td>\n<td title=\"VOLUME (CC)\">720 CC<\/td>\n<\/tr>\n<tr>\n<td title=\"HEAD TYPE\">82 MM<\/td>\n<td title=\"JAR BRAND\">MARMARA CAM<\/td>\n<td title=\"JAR CODE\">111 108 0720<\/td>\n<td title=\"VOLUME (CC)\">720 CC<\/td>\n<\/tr>\n<tr>\n<td title=\"HEAD TYPE\">82 MM<\/td>\n<td title=\"JAR BRAND\">MARMARA CAM<\/td>\n<td title=\"JAR CODE\">111 109 0720<\/td>\n<td title=\"VOLUME (CC)\">720 CC<\/td>\n<\/tr>\n<tr>\n<td title=\"HEAD TYPE\">82 MM<\/td>\n<td title=\"JAR BRAND\">MARMARA CAM<\/td>\n<td title=\"JAR CODE\">111 101 0773<\/td>\n<td title=\"VOLUME (CC)\">773 CC<\/td>\n<\/tr>\n<tr>\n<td title=\"HEAD TYPE\">82 MM<\/td>\n<td title=\"JAR BRAND\">MARMARA CAM<\/td>\n<td title=\"JAR CODE\">111 102 0773<\/td>\n<td title=\"VOLUME (CC)\">773 CC<\/td>\n<\/tr>\n<tr>\n<td title=\"HEAD TYPE\">82 MM<\/td>\n<td title=\"JAR BRAND\">MARMARA CAM<\/td>\n<td title=\"JAR CODE\">111 102 0815<\/td>\n<td title=\"VOLUME (CC)\">815 CC<\/td>\n<\/tr>\n<tr>\n<td title=\"HEAD TYPE\">82 MM<\/td>\n<td title=\"JAR BRAND\">MARMARA CAM<\/td>\n<td title=\"JAR CODE\">111 101 0850<\/td>\n<td title=\"VOLUME (CC)\">850 CC<\/td>\n<\/tr>\n<tr>\n<td title=\"HEAD TYPE\">82 MM<\/td>\n<td title=\"JAR BRAND\">MARMARA CAM<\/td>\n<td title=\"JAR CODE\">111 102 1000<\/td>\n<td title=\"VOLUME (CC)\">1000 CC<\/td>\n<\/tr>\n<tr>\n<td title=\"HEAD TYPE\">82 MM<\/td>\n<td title=\"JAR BRAND\">MARMARA CAM<\/td>\n<td title=\"JAR CODE\">111 125 1000<\/td>\n<td title=\"VOLUME (CC)\">1000 CC<\/td>\n<\/tr>\n<tr>\n<td title=\"HEAD TYPE\">82 MM<\/td>\n<td title=\"JAR BRAND\">MARMARA CAM<\/td>\n<td title=\"JAR CODE\">111 101 1062<\/td>\n<td title=\"VOLUME (CC)\">1062 CC<\/td>\n<\/tr>\n<tr>\n<td title=\"HEAD TYPE\">82 MM<\/td>\n<td title=\"JAR BRAND\">MARMARA CAM<\/td>\n<td title=\"JAR CODE\">111 133 1500<\/td>\n<td title=\"VOLUME (CC)\">1500 CC<\/td>\n<\/tr>\n<tr>\n<td title=\"HEAD TYPE\">82 MM<\/td>\n<td title=\"JAR BRAND\">MARMARA CAM<\/td>\n<td title=\"JAR CODE\">111 101 1650<\/td>\n<td title=\"VOLUME (CC)\">1650 CC<\/td>\n<\/tr>\n<\/tbody>\n<\/table>\t\t\t\t\t\t<\/div>\n\t\t\t\t<\/div>\n\t\t\t\t\t<\/div>\n\t\t<\/div>\n\t\t\t\t\t\t\t<\/div>\n\t\t<\/section>\n\t\t\t\t\t<\/div>\n\t\t<\/div>\n\t\t\t\t<div class=\"elementor-column elementor-col-50 elementor-top-column elementor-element elementor-element-e65f07a\" data-id=\"e65f07a\" data-element_type=\"column\">\n\t\t\t<div class=\"elementor-widget-wrap elementor-element-populated\">\n\t\t\t\t\t\t\t\t<section class=\"elementor-section elementor-inner-section elementor-element elementor-element-a91066f page_sidebar elementor-section-boxed elementor-section-height-default elementor-section-height-default\" data-id=\"a91066f\" data-element_type=\"section\" data-settings=\"{&quot;background_background&quot;:&quot;classic&quot;}\">\n\t\t\t\t\t\t<div class=\"elementor-container elementor-column-gap-default\">\n\t\t\t\t\t<div class=\"elementor-column elementor-col-100 elementor-inner-column elementor-element elementor-element-7ee6706\" data-id=\"7ee6706\" data-element_type=\"column\">\n\t\t\t<div class=\"elementor-widget-wrap elementor-element-populated\">\n\t\t\t\t\t\t\t\t<div class=\"elementor-element elementor-element-16d8758 title elementor-widget elementor-widget-heading\" data-id=\"16d8758\" data-element_type=\"widget\" data-widget_type=\"heading.default\">\n\t\t\t\t<div class=\"elementor-widget-container\">\n\t\t\t<h4 class=\"elementor-heading-title elementor-size-default\">Our Products<\/h4>\t\t<\/div>\n\t\t\t\t<\/div>\n\t\t\t\t<div class=\"elementor-element elementor-element-9d6fbfe elementor-nav-menu--dropdown-none elementor-widget elementor-widget-nav-menu\" data-id=\"9d6fbfe\" data-element_type=\"widget\" data-settings=\"{&quot;layout&quot;:&quot;vertical&quot;,&quot;submenu_icon&quot;:{&quot;value&quot;:&quot;&lt;i class=\\&quot;fas fa-caret-down\\&quot;&gt;&lt;\\\/i&gt;&quot;,&quot;library&quot;:&quot;fa-solid&quot;}}\" data-widget_type=\"nav-menu.default\">\n\t\t\t\t<div class=\"elementor-widget-container\">\n\t\t\t<link rel=\"stylesheet\" href=\"https:\/\/rastas.com.tr\/wp-content\/plugins\/elementor-pro\/assets\/css\/widget-nav-menu.min.css\">\t\t\t<nav class=\"elementor-nav-menu--main elementor-nav-menu__container elementor-nav-menu--layout-vertical e--pointer-background e--animation-fade\">\n\t\t\t\t<ul id=\"menu-1-9d6fbfe\" class=\"elementor-nav-menu sm-vertical\"><li class=\"menu-item menu-item-type-post_type menu-item-object-page menu-item-2593\"><a href=\"https:\/\/rastas.com.tr\/en\/38-mm-twist-off-caps\/\" class=\"elementor-item\">38 MM TWIST OFF CAPS<\/a><\/li>\n<li class=\"menu-item menu-item-type-post_type menu-item-object-page menu-item-1427\"><a href=\"https:\/\/rastas.com.tr\/en\/43-mm-twist-off-caps\/\" class=\"elementor-item\">43 MM TWIST OFF CAPS<\/a><\/li>\n<li class=\"menu-item menu-item-type-post_type menu-item-object-page menu-item-2592\"><a href=\"https:\/\/rastas.com.tr\/en\/48-mm-twist-off-caps\/\" class=\"elementor-item\">48 MM TWIST OFF CAPS<\/a><\/li>\n<li class=\"menu-item menu-item-type-post_type menu-item-object-page menu-item-1430\"><a href=\"https:\/\/rastas.com.tr\/en\/53-mm-twist-off-caps\/\" class=\"elementor-item\">53 MM TWIST OFF CAPS<\/a><\/li>\n<li class=\"menu-item menu-item-type-post_type menu-item-object-page menu-item-1431\"><a href=\"https:\/\/rastas.com.tr\/en\/63-mm-twist-off-caps\/\" class=\"elementor-item\">63 MM TWIST OFF CAPS<\/a><\/li>\n<li class=\"menu-item menu-item-type-post_type menu-item-object-page menu-item-1432\"><a href=\"https:\/\/rastas.com.tr\/en\/63-mm-deep-twist-off-caps\/\" class=\"elementor-item\">63 MM DEEP TWIST OFF CAPS<\/a><\/li>\n<li class=\"menu-item menu-item-type-post_type menu-item-object-page menu-item-1433\"><a href=\"https:\/\/rastas.com.tr\/en\/66-mm-twist-off-caps\/\" class=\"elementor-item\">66 MM TWIST OFF CAPS<\/a><\/li>\n<li class=\"menu-item menu-item-type-post_type menu-item-object-page menu-item-1434\"><a href=\"https:\/\/rastas.com.tr\/en\/82-mm-twist-off-caps\/\" class=\"elementor-item\">82 MM TWIST OFF CAPS<\/a><\/li>\n<li class=\"menu-item menu-item-type-post_type menu-item-object-page menu-item-1435\"><a href=\"https:\/\/rastas.com.tr\/en\/100-mm-twist-off-caps\/\" class=\"elementor-item\">100 MM TWIST OFF CAPS<\/a><\/li>\n<\/ul>\t\t\t<\/nav>\n\t\t\t\t\t\t<nav class=\"elementor-nav-menu--dropdown elementor-nav-menu__container\" aria-hidden=\"true\">\n\t\t\t\t<ul id=\"menu-2-9d6fbfe\" class=\"elementor-nav-menu sm-vertical\"><li class=\"menu-item menu-item-type-post_type menu-item-object-page menu-item-2593\"><a href=\"https:\/\/rastas.com.tr\/en\/38-mm-twist-off-caps\/\" class=\"elementor-item\" tabindex=\"-1\">38 MM TWIST OFF CAPS<\/a><\/li>\n<li class=\"menu-item menu-item-type-post_type menu-item-object-page menu-item-1427\"><a href=\"https:\/\/rastas.com.tr\/en\/43-mm-twist-off-caps\/\" class=\"elementor-item\" tabindex=\"-1\">43 MM TWIST OFF CAPS<\/a><\/li>\n<li class=\"menu-item menu-item-type-post_type menu-item-object-page menu-item-2592\"><a href=\"https:\/\/rastas.com.tr\/en\/48-mm-twist-off-caps\/\" class=\"elementor-item\" tabindex=\"-1\">48 MM TWIST OFF CAPS<\/a><\/li>\n<li class=\"menu-item menu-item-type-post_type menu-item-object-page menu-item-1430\"><a href=\"https:\/\/rastas.com.tr\/en\/53-mm-twist-off-caps\/\" class=\"elementor-item\" tabindex=\"-1\">53 MM TWIST OFF CAPS<\/a><\/li>\n<li class=\"menu-item menu-item-type-post_type menu-item-object-page menu-item-1431\"><a href=\"https:\/\/rastas.com.tr\/en\/63-mm-twist-off-caps\/\" class=\"elementor-item\" tabindex=\"-1\">63 MM TWIST OFF CAPS<\/a><\/li>\n<li class=\"menu-item menu-item-type-post_type menu-item-object-page menu-item-1432\"><a href=\"https:\/\/rastas.com.tr\/en\/63-mm-deep-twist-off-caps\/\" class=\"elementor-item\" tabindex=\"-1\">63 MM DEEP TWIST OFF CAPS<\/a><\/li>\n<li class=\"menu-item menu-item-type-post_type menu-item-object-page menu-item-1433\"><a href=\"https:\/\/rastas.com.tr\/en\/66-mm-twist-off-caps\/\" class=\"elementor-item\" tabindex=\"-1\">66 MM TWIST OFF CAPS<\/a><\/li>\n<li class=\"menu-item menu-item-type-post_type menu-item-object-page menu-item-1434\"><a href=\"https:\/\/rastas.com.tr\/en\/82-mm-twist-off-caps\/\" class=\"elementor-item\" tabindex=\"-1\">82 MM TWIST OFF CAPS<\/a><\/li>\n<li class=\"menu-item menu-item-type-post_type menu-item-object-page menu-item-1435\"><a href=\"https:\/\/rastas.com.tr\/en\/100-mm-twist-off-caps\/\" class=\"elementor-item\" tabindex=\"-1\">100 MM TWIST OFF CAPS<\/a><\/li>\n<\/ul>\t\t\t<\/nav>\n\t\t\t\t<\/div>\n\t\t\t\t<\/div>\n\t\t\t\t\t<\/div>\n\t\t<\/div>\n\t\t\t\t\t\t\t<\/div>\n\t\t<\/section>\n\t\t\t\t\t<\/div>\n\t\t<\/div>\n\t\t\t\t\t\t\t<\/div>\n\t\t<\/section>\n\t\t\t\t\t\t\t<\/div>\n\t\t","protected":false},"excerpt":{"rendered":"<p>Rastas is a leading brand in the field of jar lids and can lids. Our products are made of high quality materials and help you keep your food fresh and safe. Our easy-to-use jar lids seal tightly and prevent spoilage of the food inside. 82 MM TECHNICAL SPECIFICATIONS CAP SIZE CAP HEIGHT OUTER DIAMETER INTER-DENTAL [&hellip;]<\/p>\n","protected":false},"author":1,"featured_media":0,"parent":0,"menu_order":0,"comment_status":"closed","ping_status":"closed","template":"","meta":{"footnotes":""},"_links":{"self":[{"href":"https:\/\/rastas.com.tr\/en\/wp-json\/wp\/v2\/pages\/611"}],"collection":[{"href":"https:\/\/rastas.com.tr\/en\/wp-json\/wp\/v2\/pages"}],"about":[{"href":"https:\/\/rastas.com.tr\/en\/wp-json\/wp\/v2\/types\/page"}],"author":[{"embeddable":true,"href":"https:\/\/rastas.com.tr\/en\/wp-json\/wp\/v2\/users\/1"}],"replies":[{"embeddable":true,"href":"https:\/\/rastas.com.tr\/en\/wp-json\/wp\/v2\/comments?post=611"}],"version-history":[{"count":7,"href":"https:\/\/rastas.com.tr\/en\/wp-json\/wp\/v2\/pages\/611\/revisions"}],"predecessor-version":[{"id":2611,"href":"https:\/\/rastas.com.tr\/en\/wp-json\/wp\/v2\/pages\/611\/revisions\/2611"}],"wp:attachment":[{"href":"https:\/\/rastas.com.tr\/en\/wp-json\/wp\/v2\/media?parent=611"}],"curies":[{"name":"wp","href":"https:\/\/api.w.org\/{rel}","templated":true}]}}