{"id":631,"date":"2023-08-18T11:28:32","date_gmt":"2023-08-18T11:28:32","guid":{"rendered":"https:\/\/rastas.com.tr\/43-mm-kavanoz-kapagi\/"},"modified":"2023-09-20T13:08:21","modified_gmt":"2023-09-20T13:08:21","slug":"43-mm-twist-off-caps","status":"publish","type":"page","link":"https:\/\/rastas.com.tr\/en\/43-mm-twist-off-caps\/","title":{"rendered":"43 MM TWIST OFF CAPS"},"content":{"rendered":"\t\t<div data-elementor-type=\"wp-page\" data-elementor-id=\"631\" class=\"elementor elementor-631 elementor-224\" data-elementor-post-type=\"page\">\n\t\t\t\t\t\t\t\t\t<section class=\"elementor-section elementor-top-section elementor-element elementor-element-f5c6cd2 elementor-section-boxed elementor-section-height-default elementor-section-height-default\" data-id=\"f5c6cd2\" data-element_type=\"section\" data-settings=\"{&quot;background_background&quot;:&quot;classic&quot;}\">\n\t\t\t\t\t\t<div class=\"elementor-container elementor-column-gap-default\">\n\t\t\t\t\t<div class=\"elementor-column elementor-col-50 elementor-top-column elementor-element elementor-element-b966592\" data-id=\"b966592\" data-element_type=\"column\">\n\t\t\t<div class=\"elementor-widget-wrap elementor-element-populated\">\n\t\t\t\t\t\t\t\t<section class=\"elementor-section elementor-inner-section elementor-element elementor-element-1bec8ca elementor-section-boxed elementor-section-height-default elementor-section-height-default\" data-id=\"1bec8ca\" data-element_type=\"section\" data-settings=\"{&quot;background_background&quot;:&quot;classic&quot;}\">\n\t\t\t\t\t\t<div class=\"elementor-container elementor-column-gap-default\">\n\t\t\t\t\t<div class=\"elementor-column elementor-col-100 elementor-inner-column elementor-element elementor-element-2767eb0 single-products\" data-id=\"2767eb0\" data-element_type=\"column\">\n\t\t\t<div class=\"elementor-widget-wrap elementor-element-populated\">\n\t\t\t\t\t\t\t\t<div class=\"elementor-element elementor-element-d6272fd elementor-widget elementor-widget-heading\" data-id=\"d6272fd\" data-element_type=\"widget\" data-widget_type=\"heading.default\">\n\t\t\t\t<div class=\"elementor-widget-container\">\n\t\t\t<style>\/*! elementor - v3.17.0 - 25-10-2023 *\/\n.elementor-heading-title{padding:0;margin:0;line-height:1}.elementor-widget-heading .elementor-heading-title[class*=elementor-size-]>a{color:inherit;font-size:inherit;line-height:inherit}.elementor-widget-heading .elementor-heading-title.elementor-size-small{font-size:15px}.elementor-widget-heading .elementor-heading-title.elementor-size-medium{font-size:19px}.elementor-widget-heading .elementor-heading-title.elementor-size-large{font-size:29px}.elementor-widget-heading .elementor-heading-title.elementor-size-xl{font-size:39px}.elementor-widget-heading .elementor-heading-title.elementor-size-xxl{font-size:59px}<\/style><h1 class=\"elementor-heading-title elementor-size-default\">43 MM TWIST OFF CAPS<\/h1>\t\t<\/div>\n\t\t\t\t<\/div>\n\t\t\t\t<div class=\"elementor-element elementor-element-ba8ef29 elementor-widget elementor-widget-text-editor\" data-id=\"ba8ef29\" data-element_type=\"widget\" data-widget_type=\"text-editor.default\">\n\t\t\t\t<div class=\"elementor-widget-container\">\n\t\t\t<style>\/*! elementor - v3.17.0 - 25-10-2023 *\/\n.elementor-widget-text-editor.elementor-drop-cap-view-stacked .elementor-drop-cap{background-color:#69727d;color:#fff}.elementor-widget-text-editor.elementor-drop-cap-view-framed .elementor-drop-cap{color:#69727d;border:3px solid;background-color:transparent}.elementor-widget-text-editor:not(.elementor-drop-cap-view-default) .elementor-drop-cap{margin-top:8px}.elementor-widget-text-editor:not(.elementor-drop-cap-view-default) .elementor-drop-cap-letter{width:1em;height:1em}.elementor-widget-text-editor .elementor-drop-cap{float:left;text-align:center;line-height:1;font-size:50px}.elementor-widget-text-editor .elementor-drop-cap-letter{display:inline-block}<\/style>\t\t\t\t<p>Rastas is a leading brand in the field of jar lids and can lids. Our products are made of high quality materials and help you keep your food fresh and safe. Our easy-to-use jar lids seal tightly and prevent spoilage of the food inside.<\/p>\t\t\t\t\t\t<\/div>\n\t\t\t\t<\/div>\n\t\t\t\t<div class=\"elementor-element elementor-element-4435bb8 elementor-widget elementor-widget-text-editor\" data-id=\"4435bb8\" data-element_type=\"widget\" data-widget_type=\"text-editor.default\">\n\t\t\t\t<div class=\"elementor-widget-container\">\n\t\t\t\t\t\t\t<table>\n<tbody>\n<tr>\n<th class=\"text-center\" colspan=\"7\">43 MM TECHNICAL SPECIFICATIONS<\/th>\n<\/tr>\n<tr>\n<td>LID SIZE<\/td>\n<td>LID HEIGHT<\/td>\n<td>OUTER DIAMETER<\/td>\n<td>INTER-THREAD DIAMETER<\/td>\n<td>MIN. ROLLING INNER DIAMETER<\/td>\n<td>MIN. GASKET THICKNESS<\/td>\n<td>OUTER BOTTOM-GASKET HEIGHT<\/td>\n<\/tr>\n<tr>\n<td title=\"LID SIZE\">43 MM RTO-RTB<\/td>\n<td title=\"LID HEIGHT\">8.65<\/td>\n<td title=\"OUTER DIAMETER\">44.80<\/td>\n<td title=\"INTER-THREAD DIAMETER\">38.40 min. 38.95 max.<\/td>\n<td title=\"MIN. ROLLING INNER DIAMETER\">40.80<\/td>\n<td title=\"MIN. GASKET THICKNESS\">0.70<\/td>\n<td title=\"OUTER BOTTOM-GASKET HEIGHT\">5.75 min. 6.75 max.<\/td>\n<\/tr>\n<\/tbody>\n<\/table>\n<table>\n<tbody>\n<tr>\n<th class=\"text-center\" colspan=\"5\">JARS SUITABLE FOR 43 MM LID<\/th>\n<\/tr>\n<tr>\n<td>LID SIZE<\/td>\n<td>JAR BRAND<\/td>\n<td>JAR CODE<\/td>\n<td>VOLUME (CC)<\/td>\n<\/tr>\n<tr>\n<td title=\"LID SIZE\">43 MM LID<\/td>\n<td title=\"JAR BRAND\">\u015e\u0130\u015eECAM<\/td>\n<td title=\"JAR CODE\">141202<\/td>\n<td title=\"VOLUME (CC)\">29 CC<\/td>\n<\/tr>\n<tr>\n<td title=\"LID SIZE\">43 MM LID<\/td>\n<td title=\"JAR BRAND\">\u015e\u0130\u015eECAM<\/td>\n<td title=\"JAR CODE\">141004<\/td>\n<td title=\"VOLUME (CC)\">40 CC<\/td>\n<\/tr>\n<tr>\n<td title=\"LID SIZE\">43 MM LID<\/td>\n<td title=\"JAR BRAND\">MARMARA CAM<\/td>\n<td title=\"JAR CODE\">111 101 0033<\/td>\n<td title=\"VOLUME (CC)\">33 CC<\/td>\n<\/tr>\n<\/tbody>\n<\/table>\n\t\t\t\t\t\t<\/div>\n\t\t\t\t<\/div>\n\t\t\t\t\t<\/div>\n\t\t<\/div>\n\t\t\t\t\t\t\t<\/div>\n\t\t<\/section>\n\t\t\t\t\t<\/div>\n\t\t<\/div>\n\t\t\t\t<div class=\"elementor-column elementor-col-50 elementor-top-column elementor-element elementor-element-de35f7b\" data-id=\"de35f7b\" data-element_type=\"column\">\n\t\t\t<div class=\"elementor-widget-wrap elementor-element-populated\">\n\t\t\t\t\t\t\t\t<section class=\"elementor-section elementor-inner-section elementor-element elementor-element-97fc89e page_sidebar elementor-section-boxed elementor-section-height-default elementor-section-height-default\" data-id=\"97fc89e\" data-element_type=\"section\" data-settings=\"{&quot;background_background&quot;:&quot;classic&quot;}\">\n\t\t\t\t\t\t<div class=\"elementor-container elementor-column-gap-default\">\n\t\t\t\t\t<div class=\"elementor-column elementor-col-100 elementor-inner-column elementor-element elementor-element-7778e47\" data-id=\"7778e47\" data-element_type=\"column\">\n\t\t\t<div class=\"elementor-widget-wrap elementor-element-populated\">\n\t\t\t\t\t\t\t\t<div class=\"elementor-element elementor-element-7fe3e13 title elementor-widget elementor-widget-heading\" data-id=\"7fe3e13\" data-element_type=\"widget\" data-widget_type=\"heading.default\">\n\t\t\t\t<div class=\"elementor-widget-container\">\n\t\t\t<h4 class=\"elementor-heading-title elementor-size-default\">Our Products<\/h4>\t\t<\/div>\n\t\t\t\t<\/div>\n\t\t\t\t<div class=\"elementor-element elementor-element-a61ebb5 elementor-nav-menu--dropdown-none elementor-widget elementor-widget-nav-menu\" data-id=\"a61ebb5\" data-element_type=\"widget\" data-settings=\"{&quot;layout&quot;:&quot;vertical&quot;,&quot;submenu_icon&quot;:{&quot;value&quot;:&quot;&lt;i class=\\&quot;fas fa-caret-down\\&quot;&gt;&lt;\\\/i&gt;&quot;,&quot;library&quot;:&quot;fa-solid&quot;}}\" data-widget_type=\"nav-menu.default\">\n\t\t\t\t<div class=\"elementor-widget-container\">\n\t\t\t<link rel=\"stylesheet\" href=\"https:\/\/rastas.com.tr\/wp-content\/plugins\/elementor-pro\/assets\/css\/widget-nav-menu.min.css\">\t\t\t<nav class=\"elementor-nav-menu--main elementor-nav-menu__container elementor-nav-menu--layout-vertical e--pointer-background e--animation-fade\">\n\t\t\t\t<ul id=\"menu-1-a61ebb5\" class=\"elementor-nav-menu sm-vertical\"><li class=\"menu-item menu-item-type-post_type menu-item-object-page menu-item-2593\"><a href=\"https:\/\/rastas.com.tr\/en\/38-mm-twist-off-caps\/\" class=\"elementor-item\">38 MM TWIST OFF CAPS<\/a><\/li>\n<li class=\"menu-item menu-item-type-post_type menu-item-object-page menu-item-1427\"><a href=\"https:\/\/rastas.com.tr\/en\/43-mm-twist-off-caps\/\" class=\"elementor-item\">43 MM TWIST OFF CAPS<\/a><\/li>\n<li class=\"menu-item menu-item-type-post_type menu-item-object-page menu-item-2592\"><a href=\"https:\/\/rastas.com.tr\/en\/48-mm-twist-off-caps\/\" class=\"elementor-item\">48 MM TWIST OFF CAPS<\/a><\/li>\n<li class=\"menu-item menu-item-type-post_type menu-item-object-page menu-item-1430\"><a href=\"https:\/\/rastas.com.tr\/en\/53-mm-twist-off-caps\/\" class=\"elementor-item\">53 MM TWIST OFF CAPS<\/a><\/li>\n<li class=\"menu-item menu-item-type-post_type menu-item-object-page menu-item-1431\"><a href=\"https:\/\/rastas.com.tr\/en\/63-mm-twist-off-caps\/\" class=\"elementor-item\">63 MM TWIST OFF CAPS<\/a><\/li>\n<li class=\"menu-item menu-item-type-post_type menu-item-object-page menu-item-1432\"><a href=\"https:\/\/rastas.com.tr\/en\/63-mm-deep-twist-off-caps\/\" class=\"elementor-item\">63 MM DEEP TWIST OFF CAPS<\/a><\/li>\n<li class=\"menu-item menu-item-type-post_type menu-item-object-page menu-item-1433\"><a href=\"https:\/\/rastas.com.tr\/en\/66-mm-twist-off-caps\/\" class=\"elementor-item\">66 MM TWIST OFF CAPS<\/a><\/li>\n<li class=\"menu-item menu-item-type-post_type menu-item-object-page menu-item-1434\"><a href=\"https:\/\/rastas.com.tr\/en\/82-mm-twist-off-caps\/\" class=\"elementor-item\">82 MM TWIST OFF CAPS<\/a><\/li>\n<li class=\"menu-item menu-item-type-post_type menu-item-object-page menu-item-1435\"><a href=\"https:\/\/rastas.com.tr\/en\/100-mm-twist-off-caps\/\" class=\"elementor-item\">100 MM TWIST OFF CAPS<\/a><\/li>\n<\/ul>\t\t\t<\/nav>\n\t\t\t\t\t\t<nav class=\"elementor-nav-menu--dropdown elementor-nav-menu__container\" aria-hidden=\"true\">\n\t\t\t\t<ul id=\"menu-2-a61ebb5\" class=\"elementor-nav-menu sm-vertical\"><li class=\"menu-item menu-item-type-post_type menu-item-object-page menu-item-2593\"><a href=\"https:\/\/rastas.com.tr\/en\/38-mm-twist-off-caps\/\" class=\"elementor-item\" tabindex=\"-1\">38 MM TWIST OFF CAPS<\/a><\/li>\n<li class=\"menu-item menu-item-type-post_type menu-item-object-page menu-item-1427\"><a href=\"https:\/\/rastas.com.tr\/en\/43-mm-twist-off-caps\/\" class=\"elementor-item\" tabindex=\"-1\">43 MM TWIST OFF CAPS<\/a><\/li>\n<li class=\"menu-item menu-item-type-post_type menu-item-object-page menu-item-2592\"><a href=\"https:\/\/rastas.com.tr\/en\/48-mm-twist-off-caps\/\" class=\"elementor-item\" tabindex=\"-1\">48 MM TWIST OFF CAPS<\/a><\/li>\n<li class=\"menu-item menu-item-type-post_type menu-item-object-page menu-item-1430\"><a href=\"https:\/\/rastas.com.tr\/en\/53-mm-twist-off-caps\/\" class=\"elementor-item\" tabindex=\"-1\">53 MM TWIST OFF CAPS<\/a><\/li>\n<li class=\"menu-item menu-item-type-post_type menu-item-object-page menu-item-1431\"><a href=\"https:\/\/rastas.com.tr\/en\/63-mm-twist-off-caps\/\" class=\"elementor-item\" tabindex=\"-1\">63 MM TWIST OFF CAPS<\/a><\/li>\n<li class=\"menu-item menu-item-type-post_type menu-item-object-page menu-item-1432\"><a href=\"https:\/\/rastas.com.tr\/en\/63-mm-deep-twist-off-caps\/\" class=\"elementor-item\" tabindex=\"-1\">63 MM DEEP TWIST OFF CAPS<\/a><\/li>\n<li class=\"menu-item menu-item-type-post_type menu-item-object-page menu-item-1433\"><a href=\"https:\/\/rastas.com.tr\/en\/66-mm-twist-off-caps\/\" class=\"elementor-item\" tabindex=\"-1\">66 MM TWIST OFF CAPS<\/a><\/li>\n<li class=\"menu-item menu-item-type-post_type menu-item-object-page menu-item-1434\"><a href=\"https:\/\/rastas.com.tr\/en\/82-mm-twist-off-caps\/\" class=\"elementor-item\" tabindex=\"-1\">82 MM TWIST OFF CAPS<\/a><\/li>\n<li class=\"menu-item menu-item-type-post_type menu-item-object-page menu-item-1435\"><a href=\"https:\/\/rastas.com.tr\/en\/100-mm-twist-off-caps\/\" class=\"elementor-item\" tabindex=\"-1\">100 MM TWIST OFF CAPS<\/a><\/li>\n<\/ul>\t\t\t<\/nav>\n\t\t\t\t<\/div>\n\t\t\t\t<\/div>\n\t\t\t\t\t<\/div>\n\t\t<\/div>\n\t\t\t\t\t\t\t<\/div>\n\t\t<\/section>\n\t\t\t\t\t<\/div>\n\t\t<\/div>\n\t\t\t\t\t\t\t<\/div>\n\t\t<\/section>\n\t\t\t\t\t\t\t<\/div>\n\t\t","protected":false},"excerpt":{"rendered":"<p>Rastas is a leading brand in the field of jar lids and can lids. Our products are made of high quality materials and help you keep your food fresh and safe. Our easy-to-use jar lids seal tightly and prevent spoilage of the food inside. 43 MM TECHNICAL SPECIFICATIONS LID SIZE LID HEIGHT OUTER DIAMETER INTER-THREAD [&hellip;]<\/p>\n","protected":false},"author":1,"featured_media":0,"parent":0,"menu_order":0,"comment_status":"closed","ping_status":"closed","template":"","meta":{"footnotes":""},"_links":{"self":[{"href":"https:\/\/rastas.com.tr\/en\/wp-json\/wp\/v2\/pages\/631"}],"collection":[{"href":"https:\/\/rastas.com.tr\/en\/wp-json\/wp\/v2\/pages"}],"about":[{"href":"https:\/\/rastas.com.tr\/en\/wp-json\/wp\/v2\/types\/page"}],"author":[{"embeddable":true,"href":"https:\/\/rastas.com.tr\/en\/wp-json\/wp\/v2\/users\/1"}],"replies":[{"embeddable":true,"href":"https:\/\/rastas.com.tr\/en\/wp-json\/wp\/v2\/comments?post=631"}],"version-history":[{"count":10,"href":"https:\/\/rastas.com.tr\/en\/wp-json\/wp\/v2\/pages\/631\/revisions"}],"predecessor-version":[{"id":2596,"href":"https:\/\/rastas.com.tr\/en\/wp-json\/wp\/v2\/pages\/631\/revisions\/2596"}],"wp:attachment":[{"href":"https:\/\/rastas.com.tr\/en\/wp-json\/wp\/v2\/media?parent=631"}],"curies":[{"name":"wp","href":"https:\/\/api.w.org\/{rel}","templated":true}]}}