{"id":609,"date":"2023-08-18T13:10:29","date_gmt":"2023-08-18T13:10:29","guid":{"rendered":"https:\/\/rastas.com.tr\/100-mm-kavanoz-kapagi\/"},"modified":"2023-09-20T13:21:40","modified_gmt":"2023-09-20T13:21:40","slug":"tapa-bote-100-mm","status":"publish","type":"page","link":"https:\/\/rastas.com.tr\/es\/tapa-bote-100-mm\/","title":{"rendered":"TAPA BOTE 100 MM"},"content":{"rendered":"\t\t<div data-elementor-type=\"wp-page\" data-elementor-id=\"609\" class=\"elementor elementor-609 elementor-308\" data-elementor-post-type=\"page\">\n\t\t\t\t\t\t\t\t\t<section class=\"elementor-section elementor-top-section elementor-element elementor-element-29eda75 elementor-section-boxed elementor-section-height-default elementor-section-height-default\" data-id=\"29eda75\" data-element_type=\"section\" data-settings=\"{&quot;background_background&quot;:&quot;classic&quot;}\">\n\t\t\t\t\t\t<div class=\"elementor-container elementor-column-gap-default\">\n\t\t\t\t\t<div class=\"elementor-column elementor-col-50 elementor-top-column elementor-element elementor-element-d090405\" data-id=\"d090405\" data-element_type=\"column\">\n\t\t\t<div class=\"elementor-widget-wrap elementor-element-populated\">\n\t\t\t\t\t\t\t\t<section class=\"elementor-section elementor-inner-section elementor-element elementor-element-26b191b elementor-section-boxed elementor-section-height-default elementor-section-height-default\" data-id=\"26b191b\" data-element_type=\"section\" data-settings=\"{&quot;background_background&quot;:&quot;classic&quot;}\">\n\t\t\t\t\t\t<div class=\"elementor-container elementor-column-gap-default\">\n\t\t\t\t\t<div class=\"elementor-column elementor-col-100 elementor-inner-column elementor-element elementor-element-115da7c single-products\" data-id=\"115da7c\" data-element_type=\"column\">\n\t\t\t<div class=\"elementor-widget-wrap elementor-element-populated\">\n\t\t\t\t\t\t\t\t<div class=\"elementor-element elementor-element-6c847eb elementor-widget elementor-widget-heading\" data-id=\"6c847eb\" data-element_type=\"widget\" data-widget_type=\"heading.default\">\n\t\t\t\t<div class=\"elementor-widget-container\">\n\t\t\t<style>\/*! elementor - v3.17.0 - 25-10-2023 *\/\n.elementor-heading-title{padding:0;margin:0;line-height:1}.elementor-widget-heading .elementor-heading-title[class*=elementor-size-]>a{color:inherit;font-size:inherit;line-height:inherit}.elementor-widget-heading .elementor-heading-title.elementor-size-small{font-size:15px}.elementor-widget-heading .elementor-heading-title.elementor-size-medium{font-size:19px}.elementor-widget-heading .elementor-heading-title.elementor-size-large{font-size:29px}.elementor-widget-heading .elementor-heading-title.elementor-size-xl{font-size:39px}.elementor-widget-heading .elementor-heading-title.elementor-size-xxl{font-size:59px}<\/style><h1 class=\"elementor-heading-title elementor-size-default\">TAPA BOTE 100 MM<\/h1>\t\t<\/div>\n\t\t\t\t<\/div>\n\t\t\t\t<div class=\"elementor-element elementor-element-af5c55a elementor-widget elementor-widget-text-editor\" data-id=\"af5c55a\" data-element_type=\"widget\" data-widget_type=\"text-editor.default\">\n\t\t\t\t<div class=\"elementor-widget-container\">\n\t\t\t<style>\/*! elementor - v3.17.0 - 25-10-2023 *\/\n.elementor-widget-text-editor.elementor-drop-cap-view-stacked .elementor-drop-cap{background-color:#69727d;color:#fff}.elementor-widget-text-editor.elementor-drop-cap-view-framed .elementor-drop-cap{color:#69727d;border:3px solid;background-color:transparent}.elementor-widget-text-editor:not(.elementor-drop-cap-view-default) .elementor-drop-cap{margin-top:8px}.elementor-widget-text-editor:not(.elementor-drop-cap-view-default) .elementor-drop-cap-letter{width:1em;height:1em}.elementor-widget-text-editor .elementor-drop-cap{float:left;text-align:center;line-height:1;font-size:50px}.elementor-widget-text-editor .elementor-drop-cap-letter{display:inline-block}<\/style>\t\t\t\t<p>Rastas es una marca l\u00edder en el sector de las tapas de tarros y latas. Nuestros productos est\u00e1n fabricados con materiales de alta calidad y le ayudan a mantener sus alimentos frescos y seguros. Nuestras tapas de frascos f\u00e1ciles de usar se sellan herm\u00e9ticamente y evitan que los alimentos del interior se echen a perder.<\/p>\t\t\t\t\t\t<\/div>\n\t\t\t\t<\/div>\n\t\t\t\t<div class=\"elementor-element elementor-element-9475418 elementor-widget elementor-widget-text-editor\" data-id=\"9475418\" data-element_type=\"widget\" data-widget_type=\"text-editor.default\">\n\t\t\t\t<div class=\"elementor-widget-container\">\n\t\t\t\t\t\t\t<table>\n<tbody>\n<tr>\n<th class=\"text-center\" colspan=\"7\">CARACTER\u00cdSTICAS T\u00c9CNICAS DE 100 MM<\/th>\n<\/tr>\n<tr>\n<td>TAMA\u00d1O DE LA TAPA<\/td>\n<td>ALTURA DE LA TAPA<\/td>\n<td>DI\u00c1METRO EXTERIOR<\/td>\n<td>DI\u00c1METRO ENTRE ROSCAS<\/td>\n<td>DI\u00c1METRO INTERIOR M\u00cdN. DE RODAMIENTO<\/td>\n<td>ESPESOR DE LA JUNTA M\u00cdN.<\/td>\n<td>ALTURA ENTRE LA PARTE INFERIOR EXTERNA Y LA JUNTA<\/td>\n<\/tr>\n<tr>\n<td title=\"TAMA\u00d1O DE LA TAPA\">100 MM RTS-RSB<\/td>\n<td title=\"ALTURA DE LA TAPA\">13,40<\/td>\n<td title=\"DI\u00c1METRO EXTERIOR\">103,45<\/td>\n<td title=\"DI\u00c1METRO ENTRE ROSCAS\">96,55 min. 97,20 m\u00e1x.<\/td>\n<td title=\"DI\u00c1METRO INTERIOR M\u00cdN. DE RODAMIENTO\">99,75<\/td>\n<td title=\"ESPESOR DE LA JUNTA M\u00cdN.\">0,80<\/td>\n<td title=\"ALTURA ENTRE LA PARTE INFERIOR EXTERNA Y LA JUNTA\">10,50 min. 11,55 m\u00e1x.<\/td>\n<\/tr>\n<\/tbody>\n<\/table>\n\n<table>\n<tbody>\n<tr>\n<th class=\"text-center\" colspan=\"5\">ENVASES DE 100 MM COMPATIBLES CON LA TAPA<\/th>\n<\/tr>\n<tr>\n<td>TIPO DE CABEZA<\/td>\n<td>MARCA DEL ENVASE<\/td>\n<td>C\u00d3DIGO DEL ENVASE<\/td>\n<td>VOLUMEN (CC)<\/td>\n<\/tr>\n<tr>\n<td title=\"TIPO DE CABEZA\">100 MM<\/td>\n<td title=\"MARCA DEL ENVASE\">G\u00dcRALLAR<\/td>\n<td title=\"C\u00d3DIGO DEL ENVASE\">AKK 150<\/td>\n<td title=\"VOLUMEN (CC)\">1500 CC<\/td>\n<\/tr>\n<tr>\n<td title=\"TIPO DE CABEZA\">100 MM<\/td>\n<td title=\"MARCA DEL ENVASE\">G\u00dcRALLAR<\/td>\n<td title=\"C\u00d3DIGO DEL ENVASE\">AKK 170<\/td>\n<td title=\"VOLUMEN (CC)\">1700 CC<\/td>\n<\/tr>\n<tr>\n<td title=\"TIPO DE CABEZA\">100 MM<\/td>\n<td title=\"MARCA DEL ENVASE\">G\u00dcRALLAR<\/td>\n<td title=\"C\u00d3DIGO DEL ENVASE\">KUVARS 265<\/td>\n<td title=\"VOLUMEN (CC)\">2650 CC<\/td>\n<\/tr>\n<tr>\n<td title=\"TIPO DE CABEZA\">100 MM<\/td>\n<td title=\"MARCA DEL ENVASE\">G\u00dcRALLAR<\/td>\n<td title=\"C\u00d3DIGO DEL ENVASE\">MER 200<\/td>\n<td title=\"VOLUMEN (CC)\">2000 CC<\/td>\n<\/tr>\n<tr>\n<td title=\"TIPO DE CABEZA\">100 MM<\/td>\n<td title=\"MARCA DEL ENVASE\">G\u00dcRALLAR<\/td>\n<td title=\"C\u00d3DIGO DEL ENVASE\">MER 300<\/td>\n<td title=\"VOLUMEN (CC)\">3000 CC<\/td>\n<\/tr>\n<tr>\n<td title=\"TIPO DE CABEZA\">100 MM<\/td>\n<td title=\"MARCA DEL ENVASE\">\u015e\u0130\u015eECAM<\/td>\n<td title=\"C\u00d3DIGO DEL ENVASE\">168499<\/td>\n<td title=\"VOLUMEN (CC)\">1500 CC<\/td>\n<\/tr>\n<tr>\n<td title=\"TIPO DE CABEZA\">100 MM<\/td>\n<td title=\"MARCA DEL ENVASE\">\u015e\u0130\u015eECAM<\/td>\n<td title=\"C\u00d3DIGO DEL ENVASE\">170299<\/td>\n<td title=\"VOLUMEN (CC)\">1600 CC<\/td>\n<\/tr>\n<tr>\n<td title=\"TIPO DE CABEZA\">100 MM<\/td>\n<td title=\"MARCA DEL ENVASE\">\u015e\u0130\u015eECAM<\/td>\n<td title=\"C\u00d3DIGO DEL ENVASE\">169099<\/td>\n<td title=\"VOLUMEN (CC)\">1700 CC<\/td>\n<\/tr>\n<tr>\n<td title=\"TIPO DE CABEZA\">100 MM<\/td>\n<td title=\"MARCA DEL ENVASE\">\u015e\u0130\u015eECAM<\/td>\n<td title=\"C\u00d3DIGO DEL ENVASE\">150199<\/td>\n<td title=\"VOLUMEN (CC)\">1700 CC<\/td>\n<\/tr>\n<tr>\n<td title=\"TIPO DE CABEZA\">100 MM<\/td>\n<td title=\"MARCA DEL ENVASE\">\u015e\u0130\u015eECAM<\/td>\n<td title=\"C\u00d3DIGO DEL ENVASE\">176699<\/td>\n<td title=\"VOLUMEN (CC)\">2000 CC<\/td>\n<\/tr>\n<tr>\n<td title=\"TIPO DE CABEZA\">100 MM<\/td>\n<td title=\"MARCA DEL ENVASE\">\u015e\u0130\u015eECAM<\/td>\n<td title=\"C\u00d3DIGO DEL ENVASE\">103399<\/td>\n<td title=\"VOLUMEN (CC)\">2650 CC<\/td>\n<\/tr>\n<tr>\n<td title=\"TIPO DE CABEZA\">100 MM<\/td>\n<td title=\"MARCA DEL ENVASE\">\u015e\u0130\u015eECAM<\/td>\n<td title=\"C\u00d3DIGO DEL ENVASE\">178499<\/td>\n<td title=\"VOLUMEN (CC)\">2950 CC<\/td>\n<\/tr>\n<tr>\n<td title=\"TIPO DE CABEZA\">100 MM<\/td>\n<td title=\"MARCA DEL ENVASE\">\u015e\u0130\u015eECAM<\/td>\n<td title=\"C\u00d3DIGO DEL ENVASE\">177499<\/td>\n<td title=\"VOLUMEN (CC)\">3000 CC<\/td>\n<\/tr>\n<tr>\n<td title=\"TIPO DE CABEZA\">100 MM<\/td>\n<td title=\"MARCA DEL ENVASE\">\u015e\u0130\u015eECAM<\/td>\n<td title=\"C\u00d3DIGO DEL ENVASE\">180499<\/td>\n<td title=\"VOLUMEN (CC)\">5000 CC<\/td>\n<\/tr>\n<tr>\n<td title=\"TIPO DE CABEZA\">100 MM<\/td>\n<td title=\"MARCA DEL ENVASE\">MARMARA CAM<\/td>\n<td title=\"C\u00d3DIGO DEL ENVASE\">111 120 1000<\/td>\n<td title=\"VOLUMEN (CC)\">1000 CC<\/td>\n<\/tr>\n<tr>\n<td title=\"TIPO DE CABEZA\">100 MM<\/td>\n<td title=\"MARCA DEL ENVASE\">MARMARA CAM<\/td>\n<td title=\"C\u00d3DIGO DEL ENVASE\">111 101 1300<\/td>\n<td title=\"VOLUMEN (CC)\">1300 CC<\/td>\n<\/tr>\n<tr>\n<td title=\"TIPO DE CABEZA\">100 MM<\/td>\n<td title=\"MARCA DEL ENVASE\">MARMARA CAM<\/td>\n<td title=\"C\u00d3DIGO DEL ENVASE\">111 102 1300<\/td>\n<td title=\"VOLUMEN (CC)\">1300 CC<\/td>\n<\/tr>\n<tr>\n<td title=\"TIPO DE CABEZA\">100 MM<\/td>\n<td title=\"MARCA DEL ENVASE\">MARMARA CAM<\/td>\n<td title=\"C\u00d3DIGO DEL ENVASE\">111 103 1300<\/td>\n<td title=\"VOLUMEN (CC)\">1300 CC<\/td>\n<\/tr>\n<tr>\n<td title=\"TIPO DE CABEZA\">100 MM<\/td>\n<td title=\"MARCA DEL ENVASE\">MARMARA CAM<\/td>\n<td title=\"C\u00d3DIGO DEL ENVASE\">111 102 1500<\/td>\n<td title=\"VOLUMEN (CC)\">1500 CC<\/td>\n<\/tr>\n<tr>\n<td title=\"TIPO DE CABEZA\">100 MM<\/td>\n<td title=\"MARCA DEL ENVASE\">MARMARA CAM<\/td>\n<td title=\"C\u00d3DIGO DEL ENVASE\">111 105 1500<\/td>\n<td title=\"VOLUMEN (CC)\">1500 CC<\/td>\n<\/tr>\n<tr>\n<td title=\"TIPO DE CABEZA\">100 MM<\/td>\n<td title=\"MARCA DEL ENVASE\">MARMARA CAM<\/td>\n<td title=\"C\u00d3DIGO DEL ENVASE\">111 107 1500<\/td>\n<td title=\"VOLUMEN (CC)\">1500 CC<\/td>\n<\/tr>\n<tr>\n<td title=\"TIPO DE CABEZA\">100 MM<\/td>\n<td title=\"MARCA DEL ENVASE\">MARMARA CAM<\/td>\n<td title=\"C\u00d3DIGO DEL ENVASE\">111 109 1500<\/td>\n<td title=\"VOLUMEN (CC)\">1500 CC<\/td>\n<\/tr>\n<tr>\n<td title=\"TIPO DE CABEZA\">100 MM<\/td>\n<td title=\"MARCA DEL ENVASE\">MARMARA CAM<\/td>\n<td title=\"C\u00d3DIGO DEL ENVASE\">111 114 1500<\/td>\n<td title=\"VOLUMEN (CC)\">1500 CC<\/td>\n<\/tr>\n<tr>\n<td title=\"TIPO DE CABEZA\">100 MM<\/td>\n<td title=\"MARCA DEL ENVASE\">MARMARA CAM<\/td>\n<td title=\"C\u00d3DIGO DEL ENVASE\">111 122 1500<\/td>\n<td title=\"VOLUMEN (CC)\">1500 CC<\/td>\n<\/tr>\n<tr>\n<td title=\"TIPO DE CABEZA\">100 MM<\/td>\n<td title=\"MARCA DEL ENVASE\">MARMARA CAM<\/td>\n<td title=\"C\u00d3DIGO DEL ENVASE\">111 123 1500<\/td>\n<td title=\"VOLUMEN (CC)\">1500 CC<\/td>\n<\/tr>\n<tr>\n<td title=\"TIPO DE CABEZA\">100 MM<\/td>\n<td title=\"MARCA DEL ENVASE\">MARMARA CAM<\/td>\n<td title=\"C\u00d3DIGO DEL ENVASE\">111 124 1500<\/td>\n<td title=\"VOLUMEN (CC)\">1500 CC<\/td>\n<\/tr>\n<tr>\n<td title=\"TIPO DE CABEZA\">100 MM<\/td>\n<td title=\"MARCA DEL ENVASE\">MARMARA CAM<\/td>\n<td title=\"C\u00d3DIGO DEL ENVASE\">111 102 1600<\/td>\n<td title=\"VOLUMEN (CC)\">1600 CC<\/td>\n<\/tr>\n<tr>\n<td title=\"TIPO DE CABEZA\">100 MM<\/td>\n<td title=\"MARCA DEL ENVASE\">MARMARA CAM<\/td>\n<td title=\"C\u00d3DIGO DEL ENVASE\">111 111 1700<\/td>\n<td title=\"VOLUMEN (CC)\">1700 CC<\/td>\n<\/tr>\n<tr>\n<td title=\"TIPO DE CABEZA\">100 MM<\/td>\n<td title=\"MARCA DEL ENVASE\">MARMARA CAM<\/td>\n<td title=\"C\u00d3DIGO DEL ENVASE\">111 112 1700<\/td>\n<td title=\"VOLUMEN (CC)\">1700 CC<\/td>\n<\/tr>\n<tr>\n<td title=\"TIPO DE CABEZA\">100 MM<\/td>\n<td title=\"MARCA DEL ENVASE\">MARMARA CAM<\/td>\n<td title=\"C\u00d3DIGO DEL ENVASE\">111 118 1700<\/td>\n<td title=\"VOLUMEN (CC)\">1700 CC<\/td>\n<\/tr>\n<tr>\n<td title=\"TIPO DE CABEZA\">100 MM<\/td>\n<td title=\"MARCA DEL ENVASE\">MARMARA CAM<\/td>\n<td title=\"C\u00d3DIGO DEL ENVASE\">111 121 1700<\/td>\n<td title=\"VOLUMEN (CC)\">1700 CC<\/td>\n<\/tr>\n<tr>\n<td title=\"TIPO DE CABEZA\">100 MM<\/td>\n<td title=\"MARCA DEL ENVASE\">MARMARA CAM<\/td>\n<td title=\"C\u00d3DIGO DEL ENVASE\">111 102 2000<\/td>\n<td title=\"VOLUMEN (CC)\">2000 CC<\/td>\n<\/tr>\n<tr>\n<td title=\"TIPO DE CABEZA\">100 MM<\/td>\n<td title=\"MARCA DEL ENVASE\">MARMARA CAM<\/td>\n<td title=\"C\u00d3DIGO DEL ENVASE\">111 115 2000<\/td>\n<td title=\"VOLUMEN (CC)\">2000 CC<\/td>\n<\/tr>\n<tr>\n<td title=\"TIPO DE CABEZA\">100 MM<\/td>\n<td title=\"MARCA DEL ENVASE\">MARMARA CAM<\/td>\n<td title=\"C\u00d3DIGO DEL ENVASE\">111 101 2650<\/td>\n<td title=\"VOLUMEN (CC)\">2650 CC<\/td>\n<\/tr>\n<tr>\n<td title=\"TIPO DE CABEZA\">100 MM<\/td>\n<td title=\"MARCA DEL ENVASE\">MARMARA CAM<\/td>\n<td title=\"C\u00d3DIGO DEL ENVASE\">111 101 3000<\/td>\n<td title=\"VOLUMEN (CC)\">3000 CC<\/td>\n<\/tr>\n<tr>\n<td title=\"TIPO DE CABEZA\">100 MM<\/td>\n<td title=\"MARCA DEL ENVASE\">MARMARA CAM<\/td>\n<td title=\"C\u00d3DIGO DEL ENVASE\">111 103 3000<\/td>\n<td title=\"VOLUMEN (CC)\">3000 CC<\/td>\n<\/tr>\n<tr>\n<td title=\"TIPO DE CABEZA\">100 MM<\/td>\n<td title=\"MARCA DEL ENVASE\">MARMARA CAM<\/td>\n<td title=\"C\u00d3DIGO DEL ENVASE\">111 104 3000<\/td>\n<td title=\"VOLUMEN (CC)\">3000 CC<\/td>\n<\/tr>\n<tr>\n<td title=\"TIPO DE CABEZA\">100 MM<\/td>\n<td title=\"MARCA DEL ENVASE\">MARMARA CAM<\/td>\n<td title=\"C\u00d3DIGO DEL ENVASE\">111 101 4000<\/td>\n<td title=\"VOLUMEN (CC)\">4000 CC<\/td>\n<\/tr>\n<tr>\n<td title=\"TIPO DE CABEZA\">100 MM<\/td>\n<td title=\"MARCA DEL ENVASE\">MARMARA CAM<\/td>\n<td title=\"C\u00d3DIGO DEL ENVASE\">111 101 5000<\/td>\n<td title=\"VOLUMEN (CC)\">5000 CC<\/td>\n<\/tr>\n<\/tbody>\n<\/table>\t\t\t\t\t\t<\/div>\n\t\t\t\t<\/div>\n\t\t\t\t\t<\/div>\n\t\t<\/div>\n\t\t\t\t\t\t\t<\/div>\n\t\t<\/section>\n\t\t\t\t\t<\/div>\n\t\t<\/div>\n\t\t\t\t<div class=\"elementor-column elementor-col-50 elementor-top-column elementor-element elementor-element-4155605\" data-id=\"4155605\" data-element_type=\"column\">\n\t\t\t<div class=\"elementor-widget-wrap elementor-element-populated\">\n\t\t\t\t\t\t\t\t<section class=\"elementor-section elementor-inner-section elementor-element elementor-element-cba3183 page_sidebar elementor-section-boxed elementor-section-height-default elementor-section-height-default\" data-id=\"cba3183\" data-element_type=\"section\" data-settings=\"{&quot;background_background&quot;:&quot;classic&quot;}\">\n\t\t\t\t\t\t<div class=\"elementor-container elementor-column-gap-default\">\n\t\t\t\t\t<div class=\"elementor-column elementor-col-100 elementor-inner-column elementor-element elementor-element-22d5055\" data-id=\"22d5055\" data-element_type=\"column\">\n\t\t\t<div class=\"elementor-widget-wrap elementor-element-populated\">\n\t\t\t\t\t\t\t\t<div class=\"elementor-element elementor-element-05df55d title elementor-widget elementor-widget-heading\" data-id=\"05df55d\" data-element_type=\"widget\" data-widget_type=\"heading.default\">\n\t\t\t\t<div class=\"elementor-widget-container\">\n\t\t\t<h4 class=\"elementor-heading-title elementor-size-default\">Nuestros productos<\/h4>\t\t<\/div>\n\t\t\t\t<\/div>\n\t\t\t\t<div class=\"elementor-element elementor-element-69ec6e9 elementor-nav-menu--dropdown-none elementor-widget elementor-widget-nav-menu\" data-id=\"69ec6e9\" data-element_type=\"widget\" data-settings=\"{&quot;layout&quot;:&quot;vertical&quot;,&quot;submenu_icon&quot;:{&quot;value&quot;:&quot;&lt;i class=\\&quot;fas fa-caret-down\\&quot;&gt;&lt;\\\/i&gt;&quot;,&quot;library&quot;:&quot;fa-solid&quot;}}\" data-widget_type=\"nav-menu.default\">\n\t\t\t\t<div class=\"elementor-widget-container\">\n\t\t\t<link rel=\"stylesheet\" href=\"https:\/\/rastas.com.tr\/wp-content\/plugins\/elementor-pro\/assets\/css\/widget-nav-menu.min.css\">\t\t\t<nav class=\"elementor-nav-menu--main elementor-nav-menu__container elementor-nav-menu--layout-vertical e--pointer-background e--animation-fade\">\n\t\t\t\t<ul id=\"menu-1-69ec6e9\" class=\"elementor-nav-menu sm-vertical\"><li class=\"menu-item menu-item-type-post_type menu-item-object-page menu-item-1429\"><a href=\"https:\/\/rastas.com.tr\/es\/tapa-bote-43-mm\/\" class=\"elementor-item\">TAPA BOTE 43 MM<\/a><\/li>\n<li class=\"menu-item menu-item-type-post_type menu-item-object-page menu-item-1442\"><a href=\"https:\/\/rastas.com.tr\/es\/tapa-bote-53-mm\/\" class=\"elementor-item\">TAPA BOTE 53 MM<\/a><\/li>\n<li class=\"menu-item menu-item-type-post_type menu-item-object-page menu-item-1443\"><a href=\"https:\/\/rastas.com.tr\/es\/tapa-bote-63-mm\/\" class=\"elementor-item\">TAPA BOTE 63 MM<\/a><\/li>\n<li class=\"menu-item menu-item-type-post_type menu-item-object-page menu-item-1444\"><a href=\"https:\/\/rastas.com.tr\/es\/tapa-de-bote-de-63-mm-de-profundidad\/\" class=\"elementor-item\">TAPA DE BOTE DE 63 MM DE PROFUNDIDAD<\/a><\/li>\n<li class=\"menu-item menu-item-type-post_type menu-item-object-page menu-item-1445\"><a href=\"https:\/\/rastas.com.tr\/es\/tapa-bote-66-mm\/\" class=\"elementor-item\">TAPA BOTE 66 MM<\/a><\/li>\n<li class=\"menu-item menu-item-type-post_type menu-item-object-page menu-item-1446\"><a href=\"https:\/\/rastas.com.tr\/es\/tapa-bote-82-mm\/\" class=\"elementor-item\">TAPA BOTE 82 MM<\/a><\/li>\n<li class=\"menu-item menu-item-type-post_type menu-item-object-page menu-item-1447\"><a href=\"https:\/\/rastas.com.tr\/es\/tapa-bote-100-mm\/\" class=\"elementor-item\">TAPA BOTE 100 MM<\/a><\/li>\n<\/ul>\t\t\t<\/nav>\n\t\t\t\t\t\t<nav class=\"elementor-nav-menu--dropdown elementor-nav-menu__container\" aria-hidden=\"true\">\n\t\t\t\t<ul id=\"menu-2-69ec6e9\" class=\"elementor-nav-menu sm-vertical\"><li class=\"menu-item menu-item-type-post_type menu-item-object-page menu-item-1429\"><a href=\"https:\/\/rastas.com.tr\/es\/tapa-bote-43-mm\/\" class=\"elementor-item\" tabindex=\"-1\">TAPA BOTE 43 MM<\/a><\/li>\n<li class=\"menu-item menu-item-type-post_type menu-item-object-page menu-item-1442\"><a href=\"https:\/\/rastas.com.tr\/es\/tapa-bote-53-mm\/\" class=\"elementor-item\" tabindex=\"-1\">TAPA BOTE 53 MM<\/a><\/li>\n<li class=\"menu-item menu-item-type-post_type menu-item-object-page menu-item-1443\"><a href=\"https:\/\/rastas.com.tr\/es\/tapa-bote-63-mm\/\" class=\"elementor-item\" tabindex=\"-1\">TAPA BOTE 63 MM<\/a><\/li>\n<li class=\"menu-item menu-item-type-post_type menu-item-object-page menu-item-1444\"><a href=\"https:\/\/rastas.com.tr\/es\/tapa-de-bote-de-63-mm-de-profundidad\/\" class=\"elementor-item\" tabindex=\"-1\">TAPA DE BOTE DE 63 MM DE PROFUNDIDAD<\/a><\/li>\n<li class=\"menu-item menu-item-type-post_type menu-item-object-page menu-item-1445\"><a href=\"https:\/\/rastas.com.tr\/es\/tapa-bote-66-mm\/\" class=\"elementor-item\" tabindex=\"-1\">TAPA BOTE 66 MM<\/a><\/li>\n<li class=\"menu-item menu-item-type-post_type menu-item-object-page menu-item-1446\"><a href=\"https:\/\/rastas.com.tr\/es\/tapa-bote-82-mm\/\" class=\"elementor-item\" tabindex=\"-1\">TAPA BOTE 82 MM<\/a><\/li>\n<li class=\"menu-item menu-item-type-post_type menu-item-object-page menu-item-1447\"><a href=\"https:\/\/rastas.com.tr\/es\/tapa-bote-100-mm\/\" class=\"elementor-item\" tabindex=\"-1\">TAPA BOTE 100 MM<\/a><\/li>\n<\/ul>\t\t\t<\/nav>\n\t\t\t\t<\/div>\n\t\t\t\t<\/div>\n\t\t\t\t\t<\/div>\n\t\t<\/div>\n\t\t\t\t\t\t\t<\/div>\n\t\t<\/section>\n\t\t\t\t\t<\/div>\n\t\t<\/div>\n\t\t\t\t\t\t\t<\/div>\n\t\t<\/section>\n\t\t\t\t\t\t\t<\/div>\n\t\t","protected":false},"excerpt":{"rendered":"<p>Rastas es una marca l\u00edder en el sector de las tapas de tarros y latas. Nuestros productos est\u00e1n fabricados con materiales de alta calidad y le ayudan a mantener sus alimentos frescos y seguros. Nuestras tapas de frascos f\u00e1ciles de usar se sellan herm\u00e9ticamente y evitan que los alimentos del interior se echen a perder. [&hellip;]<\/p>\n","protected":false},"author":1,"featured_media":0,"parent":0,"menu_order":0,"comment_status":"closed","ping_status":"closed","template":"","meta":{"footnotes":""},"_links":{"self":[{"href":"https:\/\/rastas.com.tr\/es\/wp-json\/wp\/v2\/pages\/609"}],"collection":[{"href":"https:\/\/rastas.com.tr\/es\/wp-json\/wp\/v2\/pages"}],"about":[{"href":"https:\/\/rastas.com.tr\/es\/wp-json\/wp\/v2\/types\/page"}],"author":[{"embeddable":true,"href":"https:\/\/rastas.com.tr\/es\/wp-json\/wp\/v2\/users\/1"}],"replies":[{"embeddable":true,"href":"https:\/\/rastas.com.tr\/es\/wp-json\/wp\/v2\/comments?post=609"}],"version-history":[{"count":10,"href":"https:\/\/rastas.com.tr\/es\/wp-json\/wp\/v2\/pages\/609\/revisions"}],"predecessor-version":[{"id":2671,"href":"https:\/\/rastas.com.tr\/es\/wp-json\/wp\/v2\/pages\/609\/revisions\/2671"}],"wp:attachment":[{"href":"https:\/\/rastas.com.tr\/es\/wp-json\/wp\/v2\/media?parent=609"}],"curies":[{"name":"wp","href":"https:\/\/api.w.org\/{rel}","templated":true}]}}