{"id":613,"date":"2023-08-18T13:00:47","date_gmt":"2023-08-18T13:00:47","guid":{"rendered":"https:\/\/rastas.com.tr\/82-mm-kavanoz-kapagi\/"},"modified":"2023-09-20T13:21:36","modified_gmt":"2023-09-20T13:21:36","slug":"tapa-bote-82-mm","status":"publish","type":"page","link":"https:\/\/rastas.com.tr\/es\/tapa-bote-82-mm\/","title":{"rendered":"TAPA BOTE 82 MM"},"content":{"rendered":"\t\t<div data-elementor-type=\"wp-page\" data-elementor-id=\"613\" class=\"elementor elementor-613 elementor-301\" data-elementor-post-type=\"page\">\n\t\t\t\t\t\t\t\t\t<section class=\"elementor-section elementor-top-section elementor-element elementor-element-33273ee elementor-section-boxed elementor-section-height-default elementor-section-height-default\" data-id=\"33273ee\" data-element_type=\"section\" data-settings=\"{&quot;background_background&quot;:&quot;classic&quot;}\">\n\t\t\t\t\t\t<div class=\"elementor-container elementor-column-gap-default\">\n\t\t\t\t\t<div class=\"elementor-column elementor-col-50 elementor-top-column elementor-element elementor-element-48d0e55\" data-id=\"48d0e55\" data-element_type=\"column\">\n\t\t\t<div class=\"elementor-widget-wrap elementor-element-populated\">\n\t\t\t\t\t\t\t\t<section class=\"elementor-section elementor-inner-section elementor-element elementor-element-02a8def elementor-section-boxed elementor-section-height-default elementor-section-height-default\" data-id=\"02a8def\" data-element_type=\"section\" data-settings=\"{&quot;background_background&quot;:&quot;classic&quot;}\">\n\t\t\t\t\t\t<div class=\"elementor-container elementor-column-gap-default\">\n\t\t\t\t\t<div class=\"elementor-column elementor-col-100 elementor-inner-column elementor-element elementor-element-7b3a5a6 single-products\" data-id=\"7b3a5a6\" data-element_type=\"column\">\n\t\t\t<div class=\"elementor-widget-wrap elementor-element-populated\">\n\t\t\t\t\t\t\t\t<div class=\"elementor-element elementor-element-22f89eb elementor-widget elementor-widget-heading\" data-id=\"22f89eb\" data-element_type=\"widget\" data-widget_type=\"heading.default\">\n\t\t\t\t<div class=\"elementor-widget-container\">\n\t\t\t<style>\/*! elementor - v3.17.0 - 25-10-2023 *\/\n.elementor-heading-title{padding:0;margin:0;line-height:1}.elementor-widget-heading .elementor-heading-title[class*=elementor-size-]>a{color:inherit;font-size:inherit;line-height:inherit}.elementor-widget-heading .elementor-heading-title.elementor-size-small{font-size:15px}.elementor-widget-heading .elementor-heading-title.elementor-size-medium{font-size:19px}.elementor-widget-heading .elementor-heading-title.elementor-size-large{font-size:29px}.elementor-widget-heading .elementor-heading-title.elementor-size-xl{font-size:39px}.elementor-widget-heading .elementor-heading-title.elementor-size-xxl{font-size:59px}<\/style><h1 class=\"elementor-heading-title elementor-size-default\">TAPA BOTE 82 MM<\/h1>\t\t<\/div>\n\t\t\t\t<\/div>\n\t\t\t\t<div class=\"elementor-element elementor-element-1a62568 elementor-widget elementor-widget-text-editor\" data-id=\"1a62568\" data-element_type=\"widget\" data-widget_type=\"text-editor.default\">\n\t\t\t\t<div class=\"elementor-widget-container\">\n\t\t\t<style>\/*! elementor - v3.17.0 - 25-10-2023 *\/\n.elementor-widget-text-editor.elementor-drop-cap-view-stacked .elementor-drop-cap{background-color:#69727d;color:#fff}.elementor-widget-text-editor.elementor-drop-cap-view-framed .elementor-drop-cap{color:#69727d;border:3px solid;background-color:transparent}.elementor-widget-text-editor:not(.elementor-drop-cap-view-default) .elementor-drop-cap{margin-top:8px}.elementor-widget-text-editor:not(.elementor-drop-cap-view-default) .elementor-drop-cap-letter{width:1em;height:1em}.elementor-widget-text-editor .elementor-drop-cap{float:left;text-align:center;line-height:1;font-size:50px}.elementor-widget-text-editor .elementor-drop-cap-letter{display:inline-block}<\/style>\t\t\t\t<p>Rastas es una marca l\u00edder en el sector de las tapas de tarros y latas. Nuestros productos est\u00e1n fabricados con materiales de alta calidad y le ayudan a mantener sus alimentos frescos y seguros. Nuestras tapas de frascos f\u00e1ciles de usar se sellan herm\u00e9ticamente y evitan que los alimentos del interior se echen a perder.<\/p>\t\t\t\t\t\t<\/div>\n\t\t\t\t<\/div>\n\t\t\t\t\t<\/div>\n\t\t<\/div>\n\t\t\t\t\t\t\t<\/div>\n\t\t<\/section>\n\t\t\t\t<div class=\"elementor-element elementor-element-338b645 elementor-widget elementor-widget-text-editor\" data-id=\"338b645\" data-element_type=\"widget\" data-widget_type=\"text-editor.default\">\n\t\t\t\t<div class=\"elementor-widget-container\">\n\t\t\t\t\t\t\t<table>\n<tbody>\n<tr>\n<th class=\"text-center\" colspan=\"7\">82 MM ESPECIFICACIONES T\u00c9CNICAS<\/th>\n<\/tr>\n<tr>\n<td>MEDIDA DE LA TAPA<\/td>\n<td>ALTURA DE LA TAPA<\/td>\n<td>DI\u00c1METRO EXTERNO<\/td>\n<td>DI\u00c1METRO INTERNO ENTRE HILOS<\/td>\n<td>DI\u00c1METRO INTERNO RODADO M\u00cdN.<\/td>\n<td>GROSOR DE LA JUNTA M\u00cdN.<\/td>\n<td>ALTURA ENTRE JUNTA EXTERNA E INFERIOR<\/td>\n<\/tr>\n<tr>\n<td title=\"MEDIDA DE LA TAPA\">82 MM RTS-RSB<\/td>\n<td title=\"ALTURA DE LA TAPA\">10,55<\/td>\n<td title=\"DI\u00c1METRO EXTERNO\">85,20<\/td>\n<td title=\"DI\u00c1METRO INTERNO ENTRE HILOS\">78,00 m\u00edn. 78,75 m\u00e1x.<\/td>\n<td title=\"DI\u00c1METRO INTERNO RODADO M\u00cdN.\">81,20<\/td>\n<td title=\"GROSOR DE LA JUNTA M\u00cdN.\">0,75<\/td>\n<td title=\"ALTURA ENTRE JUNTA EXTERNA E INFERIOR\">7,80 m\u00edn. 8,90 m\u00e1x.<\/td>\n<\/tr>\n<\/tbody>\n<\/table>\n<table>\n<tbody>\n<tr>\n<th class=\"text-center\" colspan=\"5\">FRASCOS DE 82 MM COMPATIBLES CON TAPA<\/th>\n<\/tr>\n<tr>\n<td>TIPO DE CABEZA<\/td>\n<td>MARCA DEL FRASCO<\/td>\n<td>C\u00d3DIGO DEL FRASCO<\/td>\n<td>VOLUMEN (CC)<\/td>\n<\/tr>\n<tr>\n<td title=\"TIPO DE CABEZA\">82 MM<\/td>\n<td title=\"MARCA DEL FRASCO\">G\u00dcRALLAR<\/td>\n<td title=\"C\u00d3DIGO DEL FRASCO\">MER 058<\/td>\n<td title=\"VOLUMEN (CC)\">580 CC<\/td>\n<\/tr>\n<tr>\n<td title=\"TIPO DE CABEZA\">82 MM<\/td>\n<td title=\"MARCA DEL FRASCO\">G\u00dcRALLAR<\/td>\n<td title=\"C\u00d3DIGO DEL FRASCO\">MER 066<\/td>\n<td title=\"VOLUMEN (CC)\">660 CC<\/td>\n<\/tr>\n<tr>\n<td title=\"TIPO DE CABEZA\">82 MM<\/td>\n<td title=\"MARCA DEL FRASCO\">G\u00dcRALLAR<\/td>\n<td title=\"C\u00d3DIGO DEL FRASCO\">AKK 058<\/td>\n<td title=\"VOLUMEN (CC)\">580 CC<\/td>\n<\/tr>\n<tr>\n<td title=\"TIPO DE CABEZA\">82 MM<\/td>\n<td title=\"MARCA DEL FRASCO\">G\u00dcRALLAR<\/td>\n<td title=\"C\u00d3DIGO DEL FRASCO\">AKK 072<\/td>\n<td title=\"VOLUMEN (CC)\">720 CC<\/td>\n<\/tr>\n<tr>\n<td title=\"TIPO DE CABEZA\">82 MM<\/td>\n<td title=\"MARCA DEL FRASCO\">G\u00dcRALLAR<\/td>\n<td title=\"C\u00d3DIGO DEL FRASCO\">KVR 066<\/td>\n<td title=\"VOLUMEN (CC)\">660 CC<\/td>\n<\/tr>\n<tr>\n<td title=\"TIPO DE CABEZA\">82 MM<\/td>\n<td title=\"MARCA DEL FRASCO\">G\u00dcRALLAR<\/td>\n<td title=\"C\u00d3DIGO DEL FRASCO\">KVR 072<\/td>\n<td title=\"VOLUMEN (CC)\">720 CC<\/td>\n<\/tr>\n<tr>\n<td title=\"TIPO DE CABEZA\">82 MM<\/td>\n<td title=\"MARCA DEL FRASCO\">G\u00dcRALLAR<\/td>\n<td title=\"C\u00d3DIGO DEL FRASCO\">LPS 058<\/td>\n<td title=\"VOLUMEN (CC)\">580 CC<\/td>\n<\/tr>\n<tr>\n<td title=\"TIPO DE CABEZA\">82 MM<\/td>\n<td title=\"MARCA DEL FRASCO\">G\u00dcRALLAR<\/td>\n<td title=\"C\u00d3DIGO DEL FRASCO\">LPS 072<\/td>\n<td title=\"VOLUMEN (CC)\">720 CC<\/td>\n<\/tr>\n<tr>\n<td title=\"TIPO DE CABEZA\">82 MM<\/td>\n<td title=\"MARCA DEL FRASCO\">G\u00dcRALLAR<\/td>\n<td title=\"C\u00d3DIGO DEL FRASCO\">MER 042<\/td>\n<td title=\"VOLUMEN (CC)\">425 CC<\/td>\n<\/tr>\n<tr>\n<td title=\"TIPO DE CABEZA\">82 MM<\/td>\n<td title=\"MARCA DEL FRASCO\">G\u00dcRALLAR<\/td>\n<td title=\"C\u00d3DIGO DEL FRASCO\">MER 072<\/td>\n<td title=\"VOLUMEN (CC)\">720 CC<\/td>\n<\/tr>\n<tr>\n<td title=\"TIPO DE CABEZA\">82 MM<\/td>\n<td title=\"MARCA DEL FRASCO\">G\u00dcRALLAR<\/td>\n<td title=\"C\u00d3DIGO DEL FRASCO\">MER 081<\/td>\n<td title=\"VOLUMEN (CC)\">810 CC<\/td>\n<\/tr>\n<tr>\n<td title=\"TIPO DE CABEZA\">82 MM<\/td>\n<td title=\"MARCA DEL FRASCO\">G\u00dcRALLAR<\/td>\n<td title=\"C\u00d3DIGO DEL FRASCO\">MER 100<\/td>\n<td title=\"VOLUMEN (CC)\">1000 CC<\/td>\n<\/tr>\n<tr>\n<td title=\"TIPO DE CABEZA\">82 MM<\/td>\n<td title=\"MARCA DEL FRASCO\">\u015e\u0130\u015eECAM<\/td>\n<td title=\"C\u00d3DIGO DEL FRASCO\">189130<\/td>\n<td title=\"VOLUMEN (CC)\">300 CC<\/td>\n<\/tr>\n<tr>\n<td title=\"TIPO DE CABEZA\">82 MM<\/td>\n<td title=\"MARCA DEL FRASCO\">\u015e\u0130\u015eECAM<\/td>\n<td title=\"C\u00d3DIGO DEL FRASCO\">103340<\/td>\n<td title=\"VOLUMEN (CC)\">400 CC<\/td>\n<\/tr>\n<tr>\n<td title=\"TIPO DE CABEZA\">82 MM<\/td>\n<td title=\"MARCA DEL FRASCO\">\u015e\u0130\u015eECAM<\/td>\n<td title=\"C\u00d3DIGO DEL FRASCO\">141942<\/td>\n<td title=\"VOLUMEN (CC)\">425 CC<\/td>\n<\/tr>\n<tr>\n<td title=\"TIPO DE CABEZA\">82 MM<\/td>\n<td title=\"MARCA DEL FRASCO\">\u015e\u0130\u015eECAM<\/td>\n<td title=\"C\u00d3DIGO DEL FRASCO\">145558<\/td>\n<td title=\"VOLUMEN (CC)\">580 CC<\/td>\n<\/tr>\n<tr>\n<td title=\"TIPO DE CABEZA\">82 MM<\/td>\n<td title=\"MARCA DEL FRASCO\">\u015e\u0130\u015eECAM<\/td>\n<td title=\"C\u00d3DIGO DEL FRASCO\">150458<\/td>\n<td title=\"VOLUMEN (CC)\">580 CC<\/td>\n<\/tr>\n\n<tr>\n<td title=\"TIPO DE CABEZA\">82 MM<\/td>\n<td title=\"MARCA DEL FRASCO\">\u015e\u0130\u015eECAM<\/td>\n<td title=\"C\u00d3DIGO DEL FRASCO\">150472<\/td>\n<td title=\"VOLUMEN (CC)\">720 CC<\/td>\n<\/tr>\n<tr>\n<td title=\"TIPO DE CABEZA\">82 MM<\/td>\n<td title=\"MARCA DEL FRASCO\">\u015e\u0130\u015eECAM<\/td>\n<td title=\"C\u00d3DIGO DEL FRASCO\">182472<\/td>\n<td title=\"VOLUMEN (CC)\">720 CC<\/td>\n<\/tr>\n<tr>\n<td title=\"TIPO DE CABEZA\">82 MM<\/td>\n<td title=\"MARCA DEL FRASCO\">\u015e\u0130\u015eECAM<\/td>\n<td title=\"C\u00d3DIGO DEL FRASCO\">143372<\/td>\n<td title=\"VOLUMEN (CC)\">720 CC<\/td>\n<\/tr>\n<tr>\n<td title=\"TIPO DE CABEZA\">82 MM<\/td>\n<td title=\"MARCA DEL FRASCO\">\u015e\u0130\u015eECAM<\/td>\n<td title=\"C\u00d3DIGO DEL FRASCO\">170172<\/td>\n<td title=\"VOLUMEN (CC)\">720 CC<\/td>\n<\/tr>\n<tr>\n<td title=\"TIPO DE CABEZA\">82 MM<\/td>\n<td title=\"MARCA DEL FRASCO\">\u015e\u0130\u015eECAM<\/td>\n<td title=\"C\u00d3DIGO DEL FRASCO\">147375<\/td>\n<td title=\"VOLUMEN (CC)\">750 CC<\/td>\n<\/tr>\n<tr>\n<td title=\"TIPO DE CABEZA\">82 MM<\/td>\n<td title=\"MARCA DEL FRASCO\">\u015e\u0130\u015eECAM<\/td>\n<td title=\"C\u00d3DIGO DEL FRASCO\">165685<\/td>\n<td title=\"VOLUMEN (CC)\">850 CC<\/td>\n<\/tr>\n<tr>\n<td title=\"TIPO DE CABEZA\">82 MM<\/td>\n<td title=\"MARCA DEL FRASCO\">\u015e\u0130\u015eECAM<\/td>\n<td title=\"C\u00d3DIGO DEL FRASCO\">103599<\/td>\n<td title=\"VOLUMEN (CC)\">1000 CC<\/td>\n<\/tr>\n<tr>\n<td title=\"TIPO DE CABEZA\">82 MM<\/td>\n<td title=\"MARCA DEL FRASCO\">\u015e\u0130\u015eECAM<\/td>\n<td title=\"C\u00d3DIGO DEL FRASCO\">182999<\/td>\n<td title=\"VOLUMEN (CC)\">1000 CC<\/td>\n<\/tr>\n<tr>\n<td title=\"TIPO DE CABEZA\">82 MM<\/td>\n<td title=\"MARCA DEL FRASCO\">MARMARA CAM<\/td>\n<td title=\"C\u00d3DIGO DEL FRASCO\">111 101 0230<\/td>\n<td title=\"VOLUMEN (CC)\">230 CC<\/td>\n<\/tr>\n<tr>\n<td title=\"TIPO DE CABEZA\">82 MM<\/td>\n<td title=\"MARCA DEL FRASCO\">MARMARA CAM<\/td>\n<td title=\"C\u00d3DIGO DEL FRASCO\">111 104 0320<\/td>\n<td title=\"VOLUMEN (CC)\">320 CC<\/td>\n<\/tr>\n<tr>\n<td title=\"TIPO DE CABEZA\">82 MM<\/td>\n<td title=\"MARCA DEL FRASCO\">MARMARA CAM<\/td>\n<td title=\"C\u00d3DIGO DEL FRASCO\">111 105 0330<\/td>\n<td title=\"VOLUMEN (CC)\">330 CC<\/td>\n<\/tr>\n<tr>\n<td title=\"TIPO DE CABEZA\">82 MM<\/td>\n<td title=\"MARCA DEL FRASCO\">MARMARA CAM<\/td>\n<td title=\"C\u00d3DIGO DEL FRASCO\">111 101 0425<\/td>\n<td title=\"VOLUMEN (CC)\">425 CC<\/td>\n<\/tr>\n<tr>\n<td title=\"TIPO DE CABEZA\">82 MM<\/td>\n<td title=\"MARCA DEL FRASCO\">MARMARA CAM<\/td>\n<td title=\"C\u00d3DIGO DEL FRASCO\">111 108 0580<\/td>\n<td title=\"VOLUMEN (CC)\">580 CC<\/td>\n<\/tr>\n<tr>\n<td title=\"TIPO DE CABEZA\">82 MM<\/td>\n<td title=\"MARCA DEL FRASCO\">MARMARA CAM<\/td>\n<td title=\"C\u00d3DIGO DEL FRASCO\">111 101 0660<\/td>\n<td title=\"VOLUMEN (CC)\">660 CC<\/td>\n<\/tr>\n<tr>\n<td title=\"TIPO DE CABEZA\">82 MM<\/td>\n<td title=\"MARCA DEL FRASCO\">MARMARA CAM<\/td>\n<td title=\"C\u00d3DIGO DEL FRASCO\">111 109 0580<\/td>\n<td title=\"VOLUMEN (CC)\">580 CC<\/td>\n<\/tr>\n<tr>\n<td title=\"TIPO DE CABEZA\">82 MM<\/td>\n<td title=\"MARCA DEL FRASCO\">MARMARA CAM<\/td>\n<td title=\"C\u00d3DIGO DEL FRASCO\">111 111 0580<\/td>\n<td title=\"VOLUMEN (CC)\">580 CC<\/td>\n<\/tr>\n<tr>\n<td title=\"TIPO DE CABEZA\">82 MM<\/td>\n<td title=\"MARCA DEL FRASCO\">MARMARA CAM<\/td>\n<td title=\"C\u00d3DIGO DEL FRASCO\">111 115 0580<\/td>\n<td title=\"VOLUMEN (CC)\">580 CC<\/td>\n<\/tr>\n<tr>\n<td title=\"TIPO DE CABEZA\">82 MM<\/td>\n<td title=\"MARCA DEL FRASCO\">MARMARA CAM<\/td>\n<td title=\"C\u00d3DIGO DEL FRASCO\">111 102 0660<\/td>\n<td title=\"VOLUMEN (CC)\">660 CC<\/td>\n<\/tr>\n<tr>\n<td title=\"TIPO DE CABEZA\">82 MM<\/td>\n<td title=\"MARCA DEL FRASCO\">MARMARA CAM<\/td>\n<td title=\"C\u00d3DIGO DEL FRASCO\">111 104 0660<\/td>\n<td title=\"VOLUMEN (CC)\">660 CC<\/td>\n<\/tr>\n<tr>\n<td title=\"TIPO DE CABEZA\">82 MM<\/td>\n<td title=\"MARCA DEL FRASCO\">MARMARA CAM<\/td>\n<td title=\"C\u00d3DIGO DEL FRASCO\">111 101 0720<\/td>\n<td title=\"VOLUMEN (CC)\">720 CC<\/td>\n<\/tr>\n<tr>\n<td title=\"TIPO DE CABEZA\">82 MM<\/td>\n<td title=\"MARCA DEL FRASCO\">MARMARA CAM<\/td>\n<td title=\"C\u00d3DIGO DEL FRASCO\">111 102 0720<\/td>\n<td title=\"VOLUMEN (CC)\">720 CC<\/td>\n<\/tr>\n<tr>\n<td title=\"TIPO DE CABEZA\">82 MM<\/td>\n<td title=\"MARCA DEL FRASCO\">MARMARA CAM<\/td>\n<td title=\"C\u00d3DIGO DEL FRASCO\">111 103 0720<\/td>\n<td title=\"VOLUMEN (CC)\">720 CC<\/td>\n<\/tr>\n<tr>\n<td title=\"TIPO DE CABEZA\">82 MM<\/td>\n<td title=\"MARCA DEL FRASCO\">MARMARA CAM<\/td>\n<td title=\"C\u00d3DIGO DEL FRASCO\">111 108 0720<\/td>\n<td title=\"VOLUMEN (CC)\">720 CC<\/td>\n<\/tr>\n<tr>\n<td title=\"TIPO DE CABEZA\">82 MM<\/td>\n<td title=\"MARCA DEL FRASCO\">MARMARA CAM<\/td>\n<td title=\"C\u00d3DIGO DEL FRASCO\">111 109 0720<\/td>\n<td title=\"VOLUMEN (CC)\">720 CC<\/td>\n<\/tr>\n<tr>\n<td title=\"TIPO DE CABEZA\">82 MM<\/td>\n<td title=\"MARCA DEL FRASCO\">MARMARA CAM<\/td>\n<td title=\"C\u00d3DIGO DEL FRASCO\">111 101 0773<\/td>\n<td title=\"VOLUMEN (CC)\">773 CC<\/td>\n<\/tr>\n<tr>\n<td title=\"TIPO DE CABEZA\">82 MM<\/td>\n<td title=\"MARCA DEL FRASCO\">MARMARA CAM<\/td>\n<td title=\"C\u00d3DIGO DEL FRASCO\">111 102 0773<\/td>\n<td title=\"VOLUMEN (CC)\">773 CC<\/td>\n<\/tr>\n<tr>\n<td title=\"TIPO DE CABEZA\">82 MM<\/td>\n<td title=\"MARCA DEL FRASCO\">MARMARA CAM<\/td>\n<td title=\"C\u00d3DIGO DEL FRASCO\">111 102 0815<\/td>\n<td title=\"VOLUMEN (CC)\">815 CC<\/td>\n<\/tr>\n<tr>\n<td title=\"TIPO DE CABEZA\">82 MM<\/td>\n<td title=\"MARCA DEL FRASCO\">MARMARA CAM<\/td>\n<td title=\"C\u00d3DIGO DEL FRASCO\">111 101 0850<\/td>\n<td title=\"VOLUMEN (CC)\">850 CC<\/td>\n<\/tr>\n<tr>\n<td title=\"TIPO DE CABEZA\">82 MM<\/td>\n<td title=\"MARCA DEL FRASCO\">MARMARA CAM<\/td>\n<td title=\"C\u00d3DIGO DEL FRASCO\">111 102 1000<\/td>\n<td title=\"VOLUMEN (CC)\">1000 CC<\/td>\n<\/tr>\n<tr>\n<td title=\"TIPO DE CABEZA\">82 MM<\/td>\n<td title=\"MARCA DEL FRASCO\">MARMARA CAM<\/td>\n<td title=\"C\u00d3DIGO DEL FRASCO\">111 125 1000<\/td>\n<td title=\"VOLUMEN (CC)\">1000 CC<\/td>\n<\/tr>\n<tr>\n<td title=\"TIPO DE CABEZA\">82 MM<\/td>\n<td title=\"MARCA DEL FRASCO\">MARMARA CAM<\/td>\n<td title=\"C\u00d3DIGO DEL FRASCO\">111 101 1062<\/td>\n<td title=\"VOLUMEN (CC)\">1062 CC<\/td>\n<\/tr>\n<tr>\n<td title=\"TIPO DE CABEZA\">82 MM<\/td>\n<td title=\"MARCA DEL FRASCO\">MARMARA CAM<\/td>\n<td title=\"C\u00d3DIGO DEL FRASCO\">111 133 1500<\/td>\n<td title=\"VOLUMEN (CC)\">1500 CC<\/td>\n<\/tr>\n<tr>\n<td title=\"TIPO DE CABEZA\">82 MM<\/td>\n<td title=\"MARCA DEL FRASCO\">MARMARA CAM<\/td>\n<td title=\"C\u00d3DIGO DEL FRASCO\">111 101 1650<\/td>\n<td title=\"VOLUMEN (CC)\">1650 CC<\/td>\n<\/tr>\n<\/table>\n\n<\/table>\n\n\t\t\t\t\t\t<\/div>\n\t\t\t\t<\/div>\n\t\t\t\t\t<\/div>\n\t\t<\/div>\n\t\t\t\t<div class=\"elementor-column elementor-col-50 elementor-top-column elementor-element elementor-element-e65f07a\" data-id=\"e65f07a\" data-element_type=\"column\">\n\t\t\t<div class=\"elementor-widget-wrap elementor-element-populated\">\n\t\t\t\t\t\t\t\t<section class=\"elementor-section elementor-inner-section elementor-element elementor-element-a91066f page_sidebar elementor-section-boxed elementor-section-height-default elementor-section-height-default\" data-id=\"a91066f\" data-element_type=\"section\" data-settings=\"{&quot;background_background&quot;:&quot;classic&quot;}\">\n\t\t\t\t\t\t<div class=\"elementor-container elementor-column-gap-default\">\n\t\t\t\t\t<div class=\"elementor-column elementor-col-100 elementor-inner-column elementor-element elementor-element-7ee6706\" data-id=\"7ee6706\" data-element_type=\"column\">\n\t\t\t<div class=\"elementor-widget-wrap elementor-element-populated\">\n\t\t\t\t\t\t\t\t<div class=\"elementor-element elementor-element-16d8758 title elementor-widget elementor-widget-heading\" data-id=\"16d8758\" data-element_type=\"widget\" data-widget_type=\"heading.default\">\n\t\t\t\t<div class=\"elementor-widget-container\">\n\t\t\t<h4 class=\"elementor-heading-title elementor-size-default\">Nuestros productos<\/h4>\t\t<\/div>\n\t\t\t\t<\/div>\n\t\t\t\t<div class=\"elementor-element elementor-element-9d6fbfe elementor-nav-menu--dropdown-none elementor-widget elementor-widget-nav-menu\" data-id=\"9d6fbfe\" data-element_type=\"widget\" data-settings=\"{&quot;layout&quot;:&quot;vertical&quot;,&quot;submenu_icon&quot;:{&quot;value&quot;:&quot;&lt;i class=\\&quot;fas fa-caret-down\\&quot;&gt;&lt;\\\/i&gt;&quot;,&quot;library&quot;:&quot;fa-solid&quot;}}\" data-widget_type=\"nav-menu.default\">\n\t\t\t\t<div class=\"elementor-widget-container\">\n\t\t\t<link rel=\"stylesheet\" href=\"https:\/\/rastas.com.tr\/wp-content\/plugins\/elementor-pro\/assets\/css\/widget-nav-menu.min.css\">\t\t\t<nav class=\"elementor-nav-menu--main elementor-nav-menu__container elementor-nav-menu--layout-vertical e--pointer-background e--animation-fade\">\n\t\t\t\t<ul id=\"menu-1-9d6fbfe\" class=\"elementor-nav-menu sm-vertical\"><li class=\"menu-item menu-item-type-post_type menu-item-object-page menu-item-1429\"><a href=\"https:\/\/rastas.com.tr\/es\/tapa-bote-43-mm\/\" class=\"elementor-item\">TAPA BOTE 43 MM<\/a><\/li>\n<li class=\"menu-item menu-item-type-post_type menu-item-object-page menu-item-1442\"><a href=\"https:\/\/rastas.com.tr\/es\/tapa-bote-53-mm\/\" class=\"elementor-item\">TAPA BOTE 53 MM<\/a><\/li>\n<li class=\"menu-item menu-item-type-post_type menu-item-object-page menu-item-1443\"><a href=\"https:\/\/rastas.com.tr\/es\/tapa-bote-63-mm\/\" class=\"elementor-item\">TAPA BOTE 63 MM<\/a><\/li>\n<li class=\"menu-item menu-item-type-post_type menu-item-object-page menu-item-1444\"><a href=\"https:\/\/rastas.com.tr\/es\/tapa-de-bote-de-63-mm-de-profundidad\/\" class=\"elementor-item\">TAPA DE BOTE DE 63 MM DE PROFUNDIDAD<\/a><\/li>\n<li class=\"menu-item menu-item-type-post_type menu-item-object-page menu-item-1445\"><a href=\"https:\/\/rastas.com.tr\/es\/tapa-bote-66-mm\/\" class=\"elementor-item\">TAPA BOTE 66 MM<\/a><\/li>\n<li class=\"menu-item menu-item-type-post_type menu-item-object-page menu-item-1446\"><a href=\"https:\/\/rastas.com.tr\/es\/tapa-bote-82-mm\/\" class=\"elementor-item\">TAPA BOTE 82 MM<\/a><\/li>\n<li class=\"menu-item menu-item-type-post_type menu-item-object-page menu-item-1447\"><a href=\"https:\/\/rastas.com.tr\/es\/tapa-bote-100-mm\/\" class=\"elementor-item\">TAPA BOTE 100 MM<\/a><\/li>\n<\/ul>\t\t\t<\/nav>\n\t\t\t\t\t\t<nav class=\"elementor-nav-menu--dropdown elementor-nav-menu__container\" aria-hidden=\"true\">\n\t\t\t\t<ul id=\"menu-2-9d6fbfe\" class=\"elementor-nav-menu sm-vertical\"><li class=\"menu-item menu-item-type-post_type menu-item-object-page menu-item-1429\"><a href=\"https:\/\/rastas.com.tr\/es\/tapa-bote-43-mm\/\" class=\"elementor-item\" tabindex=\"-1\">TAPA BOTE 43 MM<\/a><\/li>\n<li class=\"menu-item menu-item-type-post_type menu-item-object-page menu-item-1442\"><a href=\"https:\/\/rastas.com.tr\/es\/tapa-bote-53-mm\/\" class=\"elementor-item\" tabindex=\"-1\">TAPA BOTE 53 MM<\/a><\/li>\n<li class=\"menu-item menu-item-type-post_type menu-item-object-page menu-item-1443\"><a href=\"https:\/\/rastas.com.tr\/es\/tapa-bote-63-mm\/\" class=\"elementor-item\" tabindex=\"-1\">TAPA BOTE 63 MM<\/a><\/li>\n<li class=\"menu-item menu-item-type-post_type menu-item-object-page menu-item-1444\"><a href=\"https:\/\/rastas.com.tr\/es\/tapa-de-bote-de-63-mm-de-profundidad\/\" class=\"elementor-item\" tabindex=\"-1\">TAPA DE BOTE DE 63 MM DE PROFUNDIDAD<\/a><\/li>\n<li class=\"menu-item menu-item-type-post_type menu-item-object-page menu-item-1445\"><a href=\"https:\/\/rastas.com.tr\/es\/tapa-bote-66-mm\/\" class=\"elementor-item\" tabindex=\"-1\">TAPA BOTE 66 MM<\/a><\/li>\n<li class=\"menu-item menu-item-type-post_type menu-item-object-page menu-item-1446\"><a href=\"https:\/\/rastas.com.tr\/es\/tapa-bote-82-mm\/\" class=\"elementor-item\" tabindex=\"-1\">TAPA BOTE 82 MM<\/a><\/li>\n<li class=\"menu-item menu-item-type-post_type menu-item-object-page menu-item-1447\"><a href=\"https:\/\/rastas.com.tr\/es\/tapa-bote-100-mm\/\" class=\"elementor-item\" tabindex=\"-1\">TAPA BOTE 100 MM<\/a><\/li>\n<\/ul>\t\t\t<\/nav>\n\t\t\t\t<\/div>\n\t\t\t\t<\/div>\n\t\t\t\t\t<\/div>\n\t\t<\/div>\n\t\t\t\t\t\t\t<\/div>\n\t\t<\/section>\n\t\t\t\t\t<\/div>\n\t\t<\/div>\n\t\t\t\t\t\t\t<\/div>\n\t\t<\/section>\n\t\t\t\t\t\t\t<\/div>\n\t\t","protected":false},"excerpt":{"rendered":"<p>Rastas es una marca l\u00edder en el sector de las tapas de tarros y latas. Nuestros productos est\u00e1n fabricados con materiales de alta calidad y le ayudan a mantener sus alimentos frescos y seguros. Nuestras tapas de frascos f\u00e1ciles de usar se sellan herm\u00e9ticamente y evitan que los alimentos del interior se echen a perder. [&hellip;]<\/p>\n","protected":false},"author":1,"featured_media":0,"parent":0,"menu_order":0,"comment_status":"closed","ping_status":"closed","template":"","meta":{"footnotes":""},"_links":{"self":[{"href":"https:\/\/rastas.com.tr\/es\/wp-json\/wp\/v2\/pages\/613"}],"collection":[{"href":"https:\/\/rastas.com.tr\/es\/wp-json\/wp\/v2\/pages"}],"about":[{"href":"https:\/\/rastas.com.tr\/es\/wp-json\/wp\/v2\/types\/page"}],"author":[{"embeddable":true,"href":"https:\/\/rastas.com.tr\/es\/wp-json\/wp\/v2\/users\/1"}],"replies":[{"embeddable":true,"href":"https:\/\/rastas.com.tr\/es\/wp-json\/wp\/v2\/comments?post=613"}],"version-history":[{"count":13,"href":"https:\/\/rastas.com.tr\/es\/wp-json\/wp\/v2\/pages\/613\/revisions"}],"predecessor-version":[{"id":2668,"href":"https:\/\/rastas.com.tr\/es\/wp-json\/wp\/v2\/pages\/613\/revisions\/2668"}],"wp:attachment":[{"href":"https:\/\/rastas.com.tr\/es\/wp-json\/wp\/v2\/media?parent=613"}],"curies":[{"name":"wp","href":"https:\/\/api.w.org\/{rel}","templated":true}]}}