{"id":625,"date":"2023-08-18T12:26:57","date_gmt":"2023-08-18T12:26:57","guid":{"rendered":"https:\/\/rastas.com.tr\/63-mm-kavanoz-kapagi\/"},"modified":"2023-09-20T13:21:24","modified_gmt":"2023-09-20T13:21:24","slug":"tapa-bote-63-mm","status":"publish","type":"page","link":"https:\/\/rastas.com.tr\/es\/tapa-bote-63-mm\/","title":{"rendered":"TAPA BOTE 63 MM"},"content":{"rendered":"\t\t<div data-elementor-type=\"wp-page\" data-elementor-id=\"625\" class=\"elementor elementor-625 elementor-275\" data-elementor-post-type=\"page\">\n\t\t\t\t\t\t\t\t\t<section class=\"elementor-section elementor-top-section elementor-element elementor-element-1bf258d elementor-section-boxed elementor-section-height-default elementor-section-height-default\" data-id=\"1bf258d\" data-element_type=\"section\" data-settings=\"{&quot;background_background&quot;:&quot;classic&quot;}\">\n\t\t\t\t\t\t<div class=\"elementor-container elementor-column-gap-default\">\n\t\t\t\t\t<div class=\"elementor-column elementor-col-50 elementor-top-column elementor-element elementor-element-75e79fd\" data-id=\"75e79fd\" data-element_type=\"column\">\n\t\t\t<div class=\"elementor-widget-wrap elementor-element-populated\">\n\t\t\t\t\t\t\t\t<section class=\"elementor-section elementor-inner-section elementor-element elementor-element-3bcef8a elementor-section-boxed elementor-section-height-default elementor-section-height-default\" data-id=\"3bcef8a\" data-element_type=\"section\" data-settings=\"{&quot;background_background&quot;:&quot;classic&quot;}\">\n\t\t\t\t\t\t<div class=\"elementor-container elementor-column-gap-default\">\n\t\t\t\t\t<div class=\"elementor-column elementor-col-100 elementor-inner-column elementor-element elementor-element-4ecc7e0 single-products\" data-id=\"4ecc7e0\" data-element_type=\"column\">\n\t\t\t<div class=\"elementor-widget-wrap elementor-element-populated\">\n\t\t\t\t\t\t\t\t<div class=\"elementor-element elementor-element-f7840b0 elementor-widget elementor-widget-heading\" data-id=\"f7840b0\" data-element_type=\"widget\" data-widget_type=\"heading.default\">\n\t\t\t\t<div class=\"elementor-widget-container\">\n\t\t\t<style>\/*! elementor - v3.17.0 - 25-10-2023 *\/\n.elementor-heading-title{padding:0;margin:0;line-height:1}.elementor-widget-heading .elementor-heading-title[class*=elementor-size-]>a{color:inherit;font-size:inherit;line-height:inherit}.elementor-widget-heading .elementor-heading-title.elementor-size-small{font-size:15px}.elementor-widget-heading .elementor-heading-title.elementor-size-medium{font-size:19px}.elementor-widget-heading .elementor-heading-title.elementor-size-large{font-size:29px}.elementor-widget-heading .elementor-heading-title.elementor-size-xl{font-size:39px}.elementor-widget-heading .elementor-heading-title.elementor-size-xxl{font-size:59px}<\/style><h1 class=\"elementor-heading-title elementor-size-default\">TAPA BOTE 63 MM<\/h1>\t\t<\/div>\n\t\t\t\t<\/div>\n\t\t\t\t<div class=\"elementor-element elementor-element-cffe06e elementor-widget elementor-widget-text-editor\" data-id=\"cffe06e\" data-element_type=\"widget\" data-widget_type=\"text-editor.default\">\n\t\t\t\t<div class=\"elementor-widget-container\">\n\t\t\t<style>\/*! elementor - v3.17.0 - 25-10-2023 *\/\n.elementor-widget-text-editor.elementor-drop-cap-view-stacked .elementor-drop-cap{background-color:#69727d;color:#fff}.elementor-widget-text-editor.elementor-drop-cap-view-framed .elementor-drop-cap{color:#69727d;border:3px solid;background-color:transparent}.elementor-widget-text-editor:not(.elementor-drop-cap-view-default) .elementor-drop-cap{margin-top:8px}.elementor-widget-text-editor:not(.elementor-drop-cap-view-default) .elementor-drop-cap-letter{width:1em;height:1em}.elementor-widget-text-editor .elementor-drop-cap{float:left;text-align:center;line-height:1;font-size:50px}.elementor-widget-text-editor .elementor-drop-cap-letter{display:inline-block}<\/style>\t\t\t\t<p>Rastas es una marca l\u00edder en el sector de las tapas de tarros y latas. Nuestros productos est\u00e1n fabricados con materiales de alta calidad y le ayudan a mantener sus alimentos frescos y seguros. Nuestras tapas de frascos f\u00e1ciles de usar se sellan herm\u00e9ticamente y evitan que los alimentos del interior se echen a perder.<\/p>\t\t\t\t\t\t<\/div>\n\t\t\t\t<\/div>\n\t\t\t\t<div class=\"elementor-element elementor-element-6d94e5e elementor-widget elementor-widget-text-editor\" data-id=\"6d94e5e\" data-element_type=\"widget\" data-widget_type=\"text-editor.default\">\n\t\t\t\t<div class=\"elementor-widget-container\">\n\t\t\t\t\t\t\t<table>\n<tbody>\n<tr>\n<th class=\"text-center\" colspan=\"7\">ESPECIFICACIONES T\u00c9CNICAS DE 63 MM<\/th>\n<\/tr>\n<tr>\n<td>MEDIDA DE TAPA<\/td>\n<td>ALTURA DE TAPA<\/td>\n<td>DI\u00c1METRO EXTERIOR<\/td>\n<td>DI\u00c1METRO ENTRE HILOS<\/td>\n<td>DI\u00c1METRO INTERIOR DE RODADURA M\u00cdN.<\/td>\n<td>GROSOR DE JUNTA M\u00cdN.<\/td>\n<td>ALTURA ENTRE BASE Y JUNTA EXTERIOR<\/td>\n<\/tr>\n<tr>\n<td title=\"MEDIDA DE TAPA\">63 MM RTS-RTB<\/td>\n<td title=\"ALTURA DE TAPA\">9,55<\/td>\n<td title=\"DI\u00c1METRO EXTERIOR\">66,45<\/td>\n<td title=\"DI\u00c1METRO ENTRE HILOS\">59,25 min. 60,05 max.<\/td>\n<td title=\"DI\u00c1METRO INTERIOR DE RODADURA M\u00cdN.\">62,50<\/td>\n<td title=\"GROSOR DE JUNTA M\u00cdN.\">0,75<\/td>\n<td title=\"ALTURA ENTRE BASE Y JUNTA EXTERIOR\">6,75 min. 7,90 max.<\/td>\n<\/tr>\n<\/tbody>\n<\/table>\n\n<table>\n<tbody>\n<tr>\n<th class=\"text-center\" colspan=\"5\">FRASCOS COMPATIBLES CON TAPA DE 63 MM<\/th>\n<\/tr>\n<tr>\n<td>TIPO DE CABEZA<\/td>\n<td>MARCA DEL FRASCO<\/td>\n<td>C\u00d3DIGO DEL FRASCO<\/td>\n<td>VOLUMEN (CC)<\/td>\n<\/tr>\n<tr>\n<td title=\"TIPO DE CABEZA\">63 MM<\/td>\n<td title=\"MARCA DEL FRASCO\">G\u00dcRALLAR<\/td>\n<td title=\"C\u00d3DIGO DEL FRASCO\">KVRS037<\/td>\n<td>370 CC<\/td>\n<\/tr>\n<tr>\n<td title=\"TIPO DE CABEZA\">63 MM<\/td>\n<td title=\"MARCA DEL FRASCO\">G\u00dcRALLAR<\/td>\n<td title=\"C\u00d3DIGO DEL FRASCO\">MER032<\/td>\n<td title=\"VOLUMEN (CC)\">320 CC<\/td>\n<\/tr>\n<tr>\n<td title=\"TIPO DE CABEZA\">63 MM<\/td>\n<td title=\"MARCA DEL FRASCO\">G\u00dcRALLAR<\/td>\n<td title=\"C\u00d3DIGO DEL FRASCO\">MER037<\/td>\n<td title=\"VOLUMEN (CC)\">370 CC<\/td>\n<\/tr>\n<tr>\n<td title=\"TIPO DE CABEZA\">63 MM<\/td>\n<td title=\"MARCA DEL FRASCO\">G\u00dcRALLAR<\/td>\n<td title=\"C\u00d3DIGO DEL FRASCO\">TPZ034<\/td>\n<td title=\"VOLUMEN (CC)\">340 CC<\/td>\n<\/tr>\n<tr>\n<td title=\"TIPO DE CABEZA\">63 MM<\/td>\n<td title=\"MARCA DEL FRASCO\">\u015e\u0130\u015eECAM<\/td>\n<td title=\"C\u00d3DIGO DEL FRASCO\">179721<\/td>\n<td title=\"VOLUMEN (CC)\">210 CC<\/td>\n<\/tr>\n<tr>\n<td title=\"TIPO DE CABEZA\">63 MM<\/td>\n<td title=\"MARCA DEL FRASCO\">\u015e\u0130\u015eECAM<\/td>\n<td title=\"C\u00d3DIGO DEL FRASCO\">165323<\/td>\n<td title=\"VOLUMEN (CC)\">228 CC<\/td>\n<\/tr>\n<tr>\n<td title=\"TIPO DE CABEZA\">63 MM<\/td>\n<td title=\"MARCA DEL FRASCO\">\u015e\u0130\u015eECAM<\/td>\n<td title=\"C\u00d3DIGO DEL FRASCO\">143932<\/td>\n<td title=\"VOLUMEN (CC)\">320 CC<\/td>\n<\/tr>\n<tr>\n<td title=\"TIPO DE CABEZA\">63 MM<\/td>\n<td title=\"MARCA DEL FRASCO\">\u015e\u0130\u015eECAM<\/td>\n<td title=\"C\u00d3DIGO DEL FRASCO\">179334<\/td>\n<td title=\"VOLUMEN (CC)\">340 CC<\/td>\n<\/tr>\n<tr>\n<td title=\"TIPO DE CABEZA\">63 MM<\/td>\n<td title=\"MARCA DEL FRASCO\">\u015e\u0130\u015eECAM<\/td>\n<td title=\"C\u00d3DIGO DEL FRASCO\">156137<\/td>\n<td title=\"VOLUMEN (CC)\">370 CC<\/td>\n<\/tr>\n<tr>\n<td title=\"TIPO DE CABEZA\">63 MM<\/td>\n<td title=\"MARCA DEL FRASCO\">\u015e\u0130\u015eECAM<\/td>\n<td title=\"C\u00d3DIGO DEL FRASCO\">153037<\/td>\n<td title=\"VOLUMEN (CC)\">370 CC<\/td>\n<\/tr>\n<tr>\n<td title=\"TIPO DE CABEZA\">63 MM<\/td>\n<td title=\"MARCA DEL FRASCO\">\u015e\u0130\u015eECAM<\/td>\n<td title=\"C\u00d3DIGO DEL FRASCO\">143437<\/td>\n<td title=\"VOLUMEN (CC)\">370 CC<\/td>\n<\/tr>\n<tr>\n<td title=\"TIPO DE CABEZA\">63 MM<\/td>\n<td title=\"MARCA DEL FRASCO\">\u015e\u0130\u015eECAM<\/td>\n<td title=\"C\u00d3DIGO DEL FRASCO\">181137<\/td>\n<td title=\"VOLUMEN (CC)\">370 CC<\/td>\n<\/tr>\n<tr>\n<td title=\"TIPO DE CABEZA\">63 MM<\/td>\n<td title=\"MARCA DEL FRASCO\">MARMARA CAM<\/td>\n<td title=\"C\u00d3DIGO DEL FRASCO\">111 105 0210<\/td>\n<td title=\"VOLUMEN (CC)\">210 CC<\/td>\n<\/tr>\n<tr>\n<td title=\"TIPO DE CABEZA\">63 MM<\/td>\n<td title=\"MARCA DEL FRASCO\">MARMARA CAM<\/td>\n<td title=\"C\u00d3DIGO DEL FRASCO\">111 101 0212<\/td>\n<td title=\"VOLUMEN (CC)\">212 CC<\/td>\n<\/tr>\n<tr>\n<td title=\"TIPO DE CABEZA\">63 MM<\/td>\n<td title=\"MARCA DEL FRASCO\">MARMARA CAM<\/td>\n<td title=\"C\u00d3DIGO DEL FRASCO\">111 101 0275<\/td>\n<td title=\"VOLUMEN (CC)\">275 CC<\/td>\n<\/tr>\n<tr>\n<td title=\"TIPO DE CABEZA\">63 MM<\/td>\n<td title=\"MARCA DEL FRASCO\">MARMARA CAM<\/td>\n<td title=\"C\u00d3DIGO DEL FRASCO\">111 103 0320<\/td>\n<td title=\"VOLUMEN (CC)\">320 CC<\/td>\n<\/tr>\n<tr>\n<td title=\"TIPO DE CABEZA\">63 MM<\/td>\n<td title=\"MARCA DEL FRASCO\">MARMARA CAM<\/td>\n<td title=\"C\u00d3DIGO DEL FRASCO\">111 103 0340<\/td>\n<td title=\"VOLUMEN (CC)\">340 CC<\/td>\n<\/tr>\n<tr>\n<td title=\"TIPO DE CABEZA\">63 MM<\/td>\n<td title=\"MARCA DEL FRASCO\">MARMARA CAM<\/td>\n<td title=\"C\u00d3DIGO DEL FRASCO\">111 101 0370<\/td>\n<td title=\"VOLUMEN (CC)\">370 CC<\/td>\n<\/tr>\n<tr>\n<td title=\"TIPO DE CABEZA\">63 MM<\/td>\n<td title=\"MARCA DEL FRASCO\">MARMARA CAM<\/td>\n<td title=\"C\u00d3DIGO DEL FRASCO\">111 102 0370<\/td>\n<td title=\"VOLUMEN (CC)\">370 CC<\/td>\n<\/tr>\n<tr>\n<td title=\"TIPO DE CABEZA\">63 MM<\/td>\n<td title=\"MARCA DEL FRASCO\">MARMARA CAM<\/td>\n<td title=\"C\u00d3DIGO DEL FRASCO\">111 104 0370<\/td>\n<td title=\"VOLUMEN (CC)\">370 CC<\/td>\n<\/tr>\n<tr>\n<td title=\"TIPO DE CABEZA\">63 MM<\/td>\n<td title=\"MARCA DEL FRASCO\">MARMARA CAM<\/td>\n<td title=\"C\u00d3DIGO DEL FRASCO\">111 106 0370<\/td>\n<td title=\"VOLUMEN (CC)\">370 CC<\/td>\n<\/tr>\n<tr>\n<td title=\"TIPO DE CABEZA\">63 MM<\/td>\n<td title=\"MARCA DEL FRASCO\">MARMARA CAM<\/td>\n<td title=\"C\u00d3DIGO DEL FRASCO\">111 111 0370<\/td>\n<td title=\"VOLUMEN (CC)\">370 CC<\/td>\n<\/tr>\n<tr>\n<td title=\"TIPO DE CABEZA\">63 MM<\/td>\n<td title=\"MARCA DEL FRASCO\">MARMARA CAM<\/td>\n<td title=\"C\u00d3DIGO DEL FRASCO\">111 113 0370<\/td>\n<td title=\"VOLUMEN (CC)\">370 CC<\/td>\n<\/tr>\n<tr>\n<td title=\"TIPO DE CABEZA\">63 MM<\/td>\n<td title=\"MARCA DEL FRASCO\">MARMARA CAM<\/td>\n<td title=\"C\u00d3DIGO DEL FRASCO\">111 117 0370<\/td>\n<td title=\"VOLUMEN (CC)\">370 CC<\/td>\n<\/tr>\n<tr>\n<td title=\"TIPO DE CABEZA\">63 MM<\/td>\n<td title=\"MARCA DEL FRASCO\">MARMARA CAM<\/td>\n<td title=\"C\u00d3DIGO DEL FRASCO\">111 118 0370<\/td>\n<td title=\"VOLUMEN (CC)\">370 CC<\/td>\n<\/tr>\n<\/tbody>\n<\/table>\n\t\t\t\t\t\t<\/div>\n\t\t\t\t<\/div>\n\t\t\t\t\t<\/div>\n\t\t<\/div>\n\t\t\t\t\t\t\t<\/div>\n\t\t<\/section>\n\t\t\t\t\t<\/div>\n\t\t<\/div>\n\t\t\t\t<div class=\"elementor-column elementor-col-50 elementor-top-column elementor-element elementor-element-5b78eac\" data-id=\"5b78eac\" data-element_type=\"column\">\n\t\t\t<div class=\"elementor-widget-wrap elementor-element-populated\">\n\t\t\t\t\t\t\t\t<section class=\"elementor-section elementor-inner-section elementor-element elementor-element-097b667 page_sidebar elementor-section-boxed elementor-section-height-default elementor-section-height-default\" data-id=\"097b667\" data-element_type=\"section\" data-settings=\"{&quot;background_background&quot;:&quot;classic&quot;}\">\n\t\t\t\t\t\t<div class=\"elementor-container elementor-column-gap-default\">\n\t\t\t\t\t<div class=\"elementor-column elementor-col-100 elementor-inner-column elementor-element elementor-element-4d1ff63\" data-id=\"4d1ff63\" data-element_type=\"column\">\n\t\t\t<div class=\"elementor-widget-wrap elementor-element-populated\">\n\t\t\t\t\t\t\t\t<div class=\"elementor-element elementor-element-cb86b51 title elementor-widget elementor-widget-heading\" data-id=\"cb86b51\" data-element_type=\"widget\" data-widget_type=\"heading.default\">\n\t\t\t\t<div class=\"elementor-widget-container\">\n\t\t\t<h4 class=\"elementor-heading-title elementor-size-default\">Nuestros productos<\/h4>\t\t<\/div>\n\t\t\t\t<\/div>\n\t\t\t\t<div class=\"elementor-element elementor-element-728715e elementor-nav-menu--dropdown-none elementor-widget elementor-widget-nav-menu\" data-id=\"728715e\" data-element_type=\"widget\" data-settings=\"{&quot;layout&quot;:&quot;vertical&quot;,&quot;submenu_icon&quot;:{&quot;value&quot;:&quot;&lt;i class=\\&quot;fas fa-caret-down\\&quot;&gt;&lt;\\\/i&gt;&quot;,&quot;library&quot;:&quot;fa-solid&quot;}}\" data-widget_type=\"nav-menu.default\">\n\t\t\t\t<div class=\"elementor-widget-container\">\n\t\t\t<link rel=\"stylesheet\" href=\"https:\/\/rastas.com.tr\/wp-content\/plugins\/elementor-pro\/assets\/css\/widget-nav-menu.min.css\">\t\t\t<nav class=\"elementor-nav-menu--main elementor-nav-menu__container elementor-nav-menu--layout-vertical e--pointer-background e--animation-fade\">\n\t\t\t\t<ul id=\"menu-1-728715e\" class=\"elementor-nav-menu sm-vertical\"><li class=\"menu-item menu-item-type-post_type menu-item-object-page menu-item-1429\"><a href=\"https:\/\/rastas.com.tr\/es\/tapa-bote-43-mm\/\" class=\"elementor-item\">TAPA BOTE 43 MM<\/a><\/li>\n<li class=\"menu-item menu-item-type-post_type menu-item-object-page menu-item-1442\"><a href=\"https:\/\/rastas.com.tr\/es\/tapa-bote-53-mm\/\" class=\"elementor-item\">TAPA BOTE 53 MM<\/a><\/li>\n<li class=\"menu-item menu-item-type-post_type menu-item-object-page menu-item-1443\"><a href=\"https:\/\/rastas.com.tr\/es\/tapa-bote-63-mm\/\" class=\"elementor-item\">TAPA BOTE 63 MM<\/a><\/li>\n<li class=\"menu-item menu-item-type-post_type menu-item-object-page menu-item-1444\"><a href=\"https:\/\/rastas.com.tr\/es\/tapa-de-bote-de-63-mm-de-profundidad\/\" class=\"elementor-item\">TAPA DE BOTE DE 63 MM DE PROFUNDIDAD<\/a><\/li>\n<li class=\"menu-item menu-item-type-post_type menu-item-object-page menu-item-1445\"><a href=\"https:\/\/rastas.com.tr\/es\/tapa-bote-66-mm\/\" class=\"elementor-item\">TAPA BOTE 66 MM<\/a><\/li>\n<li class=\"menu-item menu-item-type-post_type menu-item-object-page menu-item-1446\"><a href=\"https:\/\/rastas.com.tr\/es\/tapa-bote-82-mm\/\" class=\"elementor-item\">TAPA BOTE 82 MM<\/a><\/li>\n<li class=\"menu-item menu-item-type-post_type menu-item-object-page menu-item-1447\"><a href=\"https:\/\/rastas.com.tr\/es\/tapa-bote-100-mm\/\" class=\"elementor-item\">TAPA BOTE 100 MM<\/a><\/li>\n<\/ul>\t\t\t<\/nav>\n\t\t\t\t\t\t<nav class=\"elementor-nav-menu--dropdown elementor-nav-menu__container\" aria-hidden=\"true\">\n\t\t\t\t<ul id=\"menu-2-728715e\" class=\"elementor-nav-menu sm-vertical\"><li class=\"menu-item menu-item-type-post_type menu-item-object-page menu-item-1429\"><a href=\"https:\/\/rastas.com.tr\/es\/tapa-bote-43-mm\/\" class=\"elementor-item\" tabindex=\"-1\">TAPA BOTE 43 MM<\/a><\/li>\n<li class=\"menu-item menu-item-type-post_type menu-item-object-page menu-item-1442\"><a href=\"https:\/\/rastas.com.tr\/es\/tapa-bote-53-mm\/\" class=\"elementor-item\" tabindex=\"-1\">TAPA BOTE 53 MM<\/a><\/li>\n<li class=\"menu-item menu-item-type-post_type menu-item-object-page menu-item-1443\"><a href=\"https:\/\/rastas.com.tr\/es\/tapa-bote-63-mm\/\" class=\"elementor-item\" tabindex=\"-1\">TAPA BOTE 63 MM<\/a><\/li>\n<li class=\"menu-item menu-item-type-post_type menu-item-object-page menu-item-1444\"><a href=\"https:\/\/rastas.com.tr\/es\/tapa-de-bote-de-63-mm-de-profundidad\/\" class=\"elementor-item\" tabindex=\"-1\">TAPA DE BOTE DE 63 MM DE PROFUNDIDAD<\/a><\/li>\n<li class=\"menu-item menu-item-type-post_type menu-item-object-page menu-item-1445\"><a href=\"https:\/\/rastas.com.tr\/es\/tapa-bote-66-mm\/\" class=\"elementor-item\" tabindex=\"-1\">TAPA BOTE 66 MM<\/a><\/li>\n<li class=\"menu-item menu-item-type-post_type menu-item-object-page menu-item-1446\"><a href=\"https:\/\/rastas.com.tr\/es\/tapa-bote-82-mm\/\" class=\"elementor-item\" tabindex=\"-1\">TAPA BOTE 82 MM<\/a><\/li>\n<li class=\"menu-item menu-item-type-post_type menu-item-object-page menu-item-1447\"><a href=\"https:\/\/rastas.com.tr\/es\/tapa-bote-100-mm\/\" class=\"elementor-item\" tabindex=\"-1\">TAPA BOTE 100 MM<\/a><\/li>\n<\/ul>\t\t\t<\/nav>\n\t\t\t\t<\/div>\n\t\t\t\t<\/div>\n\t\t\t\t\t<\/div>\n\t\t<\/div>\n\t\t\t\t\t\t\t<\/div>\n\t\t<\/section>\n\t\t\t\t\t<\/div>\n\t\t<\/div>\n\t\t\t\t\t\t\t<\/div>\n\t\t<\/section>\n\t\t\t\t\t\t\t<\/div>\n\t\t","protected":false},"excerpt":{"rendered":"<p>Rastas es una marca l\u00edder en el sector de las tapas de tarros y latas. Nuestros productos est\u00e1n fabricados con materiales de alta calidad y le ayudan a mantener sus alimentos frescos y seguros. Nuestras tapas de frascos f\u00e1ciles de usar se sellan herm\u00e9ticamente y evitan que los alimentos del interior se echen a perder. [&hellip;]<\/p>\n","protected":false},"author":1,"featured_media":0,"parent":0,"menu_order":0,"comment_status":"closed","ping_status":"closed","template":"","meta":{"footnotes":""},"_links":{"self":[{"href":"https:\/\/rastas.com.tr\/es\/wp-json\/wp\/v2\/pages\/625"}],"collection":[{"href":"https:\/\/rastas.com.tr\/es\/wp-json\/wp\/v2\/pages"}],"about":[{"href":"https:\/\/rastas.com.tr\/es\/wp-json\/wp\/v2\/types\/page"}],"author":[{"embeddable":true,"href":"https:\/\/rastas.com.tr\/es\/wp-json\/wp\/v2\/users\/1"}],"replies":[{"embeddable":true,"href":"https:\/\/rastas.com.tr\/es\/wp-json\/wp\/v2\/comments?post=625"}],"version-history":[{"count":7,"href":"https:\/\/rastas.com.tr\/es\/wp-json\/wp\/v2\/pages\/625\/revisions"}],"predecessor-version":[{"id":2659,"href":"https:\/\/rastas.com.tr\/es\/wp-json\/wp\/v2\/pages\/625\/revisions\/2659"}],"wp:attachment":[{"href":"https:\/\/rastas.com.tr\/es\/wp-json\/wp\/v2\/media?parent=625"}],"curies":[{"name":"wp","href":"https:\/\/api.w.org\/{rel}","templated":true}]}}