{"id":629,"date":"2023-08-18T12:12:48","date_gmt":"2023-08-18T12:12:48","guid":{"rendered":"https:\/\/rastas.com.tr\/53-mm-kavanoz-kapagi\/"},"modified":"2023-09-20T13:21:19","modified_gmt":"2023-09-20T13:21:19","slug":"tapa-bote-53-mm","status":"publish","type":"page","link":"https:\/\/rastas.com.tr\/es\/tapa-bote-53-mm\/","title":{"rendered":"TAPA BOTE 53 MM"},"content":{"rendered":"\t\t<div data-elementor-type=\"wp-page\" data-elementor-id=\"629\" class=\"elementor elementor-629 elementor-265\" data-elementor-post-type=\"page\">\n\t\t\t\t\t\t\t\t\t<section class=\"elementor-section elementor-top-section elementor-element elementor-element-c6e9851 elementor-section-boxed elementor-section-height-default elementor-section-height-default\" data-id=\"c6e9851\" data-element_type=\"section\" data-settings=\"{&quot;background_background&quot;:&quot;classic&quot;}\">\n\t\t\t\t\t\t<div class=\"elementor-container elementor-column-gap-default\">\n\t\t\t\t\t<div class=\"elementor-column elementor-col-50 elementor-top-column elementor-element elementor-element-60a7d42\" data-id=\"60a7d42\" data-element_type=\"column\">\n\t\t\t<div class=\"elementor-widget-wrap elementor-element-populated\">\n\t\t\t\t\t\t\t\t<section class=\"elementor-section elementor-inner-section elementor-element elementor-element-8363884 elementor-section-boxed elementor-section-height-default elementor-section-height-default\" data-id=\"8363884\" data-element_type=\"section\" data-settings=\"{&quot;background_background&quot;:&quot;classic&quot;}\">\n\t\t\t\t\t\t<div class=\"elementor-container elementor-column-gap-default\">\n\t\t\t\t\t<div class=\"elementor-column elementor-col-100 elementor-inner-column elementor-element elementor-element-a41b1e8 single-products\" data-id=\"a41b1e8\" data-element_type=\"column\">\n\t\t\t<div class=\"elementor-widget-wrap elementor-element-populated\">\n\t\t\t\t\t\t\t\t<div class=\"elementor-element elementor-element-c2d30bc elementor-widget elementor-widget-heading\" data-id=\"c2d30bc\" data-element_type=\"widget\" data-widget_type=\"heading.default\">\n\t\t\t\t<div class=\"elementor-widget-container\">\n\t\t\t<style>\/*! elementor - v3.17.0 - 25-10-2023 *\/\n.elementor-heading-title{padding:0;margin:0;line-height:1}.elementor-widget-heading .elementor-heading-title[class*=elementor-size-]>a{color:inherit;font-size:inherit;line-height:inherit}.elementor-widget-heading .elementor-heading-title.elementor-size-small{font-size:15px}.elementor-widget-heading .elementor-heading-title.elementor-size-medium{font-size:19px}.elementor-widget-heading .elementor-heading-title.elementor-size-large{font-size:29px}.elementor-widget-heading .elementor-heading-title.elementor-size-xl{font-size:39px}.elementor-widget-heading .elementor-heading-title.elementor-size-xxl{font-size:59px}<\/style><h1 class=\"elementor-heading-title elementor-size-default\">TAPA BOTE 53 MM<\/h1>\t\t<\/div>\n\t\t\t\t<\/div>\n\t\t\t\t<div class=\"elementor-element elementor-element-00bc3ec elementor-widget elementor-widget-text-editor\" data-id=\"00bc3ec\" data-element_type=\"widget\" data-widget_type=\"text-editor.default\">\n\t\t\t\t<div class=\"elementor-widget-container\">\n\t\t\t<style>\/*! elementor - v3.17.0 - 25-10-2023 *\/\n.elementor-widget-text-editor.elementor-drop-cap-view-stacked .elementor-drop-cap{background-color:#69727d;color:#fff}.elementor-widget-text-editor.elementor-drop-cap-view-framed .elementor-drop-cap{color:#69727d;border:3px solid;background-color:transparent}.elementor-widget-text-editor:not(.elementor-drop-cap-view-default) .elementor-drop-cap{margin-top:8px}.elementor-widget-text-editor:not(.elementor-drop-cap-view-default) .elementor-drop-cap-letter{width:1em;height:1em}.elementor-widget-text-editor .elementor-drop-cap{float:left;text-align:center;line-height:1;font-size:50px}.elementor-widget-text-editor .elementor-drop-cap-letter{display:inline-block}<\/style>\t\t\t\t<p>Rastas es una marca l\u00edder en el sector de las tapas de tarros y latas. Nuestros productos est\u00e1n fabricados con materiales de alta calidad y le ayudan a mantener sus alimentos frescos y seguros. Nuestras tapas de frascos f\u00e1ciles de usar se sellan herm\u00e9ticamente y evitan que los alimentos del interior se echen a perder.<\/p>\t\t\t\t\t\t<\/div>\n\t\t\t\t<\/div>\n\t\t\t\t<div class=\"elementor-element elementor-element-de39059 elementor-widget elementor-widget-text-editor\" data-id=\"de39059\" data-element_type=\"widget\" data-widget_type=\"text-editor.default\">\n\t\t\t\t<div class=\"elementor-widget-container\">\n\t\t\t\t\t\t\t<table>\n<tbody>\n<tr>\n<th class=\"text-center\" colspan=\"7\">ESPECIFICACIONES T\u00c9CNICAS DE 53 MM<\/th>\n<\/tr>\n<tr>\n<td>MEDIDA DE TAPA<\/td>\n<td>ALTURA DE TAPA<\/td>\n<td>DI\u00c1METRO EXTERIOR<\/td>\n<td>DI\u00c1METRO ENTRE HILOS<\/td>\n<td>DI\u00c1METRO INTERIOR DE RODADURA M\u00cdN.<\/td>\n<td>GROSOR DE JUNTA M\u00cdN.<\/td>\n<td>ALTURA ENTRE BASE Y JUNTA EXTERIOR<\/td>\n<\/tr>\n<tr>\n<td title=\"MEDIDA DE TAPA\">53 MM RTO-RTB<\/td>\n<td title=\"ALTURA DE TAPA\">9,55<\/td>\n<td title=\"DI\u00c1METRO EXTERIOR\">56,30<\/td>\n<td title=\"DI\u00c1METRO ENTRE HILOS\">49,15 min. 49,95 max.<\/td>\n<td title=\"DI\u00c1METRO INTERIOR DE RODADURA M\u00cdN.\">52,30<\/td>\n<td title=\"GROSOR DE JUNTA M\u00cdN.\">0,75<\/td>\n<td title=\"ALTURA ENTRE BASE Y JUNTA EXTERIOR\">6,75 min. 7,90 max.<\/td>\n<\/tr>\n<\/tbody>\n<\/table>\n\n<table>\n<tbody>\n<tr>\n<th class=\"text-center\" colspan=\"5\">FRASCOS COMPATIBLES CON TAPA DE 53 MM<\/th>\n<\/tr>\n<tr>\n<td>TIPO DE CABEZA<\/td>\n<td>MARCA DEL FRASCO<\/td>\n<td>C\u00d3DIGO DEL FRASCO<\/td>\n<td>VOLUMEN (CC)<\/td>\n<\/tr>\n<tr>\n<td title=\"TIPO DE CABEZA\">53 MM<\/td>\n<td title=\"MARCA DEL FRASCO\">G\u00dcRALLAR<\/td>\n<td title=\"C\u00d3DIGO DEL FRASCO\">MER024<\/td>\n<td title=\"VOLUMEN (CC)\">244 CC<\/td>\n<\/tr>\n<tr>\n<td title=\"TIPO DE CABEZA\">53 MM<\/td>\n<td title=\"MARCA DEL FRASCO\">\u015e\u0130\u015eECAM<\/td>\n<td title=\"C\u00d3DIGO DEL FRASCO\">107119<\/td>\n<td title=\"VOLUMEN (CC)\">190 CC<\/td>\n<\/tr>\n<tr>\n<td title=\"TIPO DE CABEZA\">53 MM<\/td>\n<td title=\"MARCA DEL FRASCO\">\u015e\u0130\u015eECAM<\/td>\n<td title=\"C\u00d3DIGO DEL FRASCO\">184521<\/td>\n<td title=\"VOLUMEN (CC)\">212 CC<\/td>\n<\/tr>\n<tr>\n<td title=\"TIPO DE CABEZA\">53 MM<\/td>\n<td title=\"MARCA DEL FRASCO\">\u015e\u0130\u015eECAM<\/td>\n<td title=\"C\u00d3DIGO DEL FRASCO\">156824<\/td>\n<td title=\"VOLUMEN (CC)\">244 CC<\/td>\n<\/tr>\n<tr>\n<td title=\"TIPO DE CABEZA\">53 MM<\/td>\n<td title=\"MARCA DEL FRASCO\">\u015e\u0130\u015eECAM<\/td>\n<td title=\"C\u00d3DIGO DEL FRASCO\">420170<\/td>\n<td title=\"VOLUMEN (CC)\">700 CC<\/td>\n<\/tr>\n<tr>\n<td title=\"TIPO DE CABEZA\">53 MM<\/td>\n<td title=\"MARCA DEL FRASCO\">\u015e\u0130\u015eECAM<\/td>\n<td title=\"C\u00d3DIGO DEL FRASCO\">420272<\/td>\n<td title=\"VOLUMEN (CC)\">720 CC<\/td>\n<\/tr>\n<tr>\n<td title=\"TIPO DE CABEZA\">53 MM<\/td>\n<td title=\"MARCA DEL FRASCO\">\u015e\u0130\u015eECAM<\/td>\n<td title=\"C\u00d3DIGO DEL FRASCO\">486199<\/td>\n<td title=\"VOLUMEN (CC)\">1000 CC<\/td>\n<\/tr>\n<tr>\n<td title=\"TIPO DE CABEZA\">53 MM<\/td>\n<td title=\"MARCA DEL FRASCO\">MARMARA CAM<\/td>\n<td title=\"C\u00d3DIGO DEL FRASCO\">111 101 0160<\/td>\n<td title=\"VOLUMEN (CC)\">160 CC<\/td>\n<\/tr>\n<tr>\n<td title=\"TIPO DE CABEZA\">53 MM<\/td>\n<td title=\"MARCA DEL FRASCO\">MARMARA CAM<\/td>\n<td title=\"C\u00d3DIGO DEL FRASCO\">111 101 0190<\/td>\n<td title=\"VOLUMEN (CC)\">190 CC<\/td>\n<\/tr>\n<tr>\n<td title=\"TIPO DE CABEZA\">53 MM<\/td>\n<td title=\"MARCA DEL FRASCO\">MARMARA CAM<\/td>\n<td title=\"C\u00d3DIGO DEL FRASCO\">111 102 0200<\/td>\n<td title=\"VOLUMEN (CC)\">200 CC<\/td>\n<\/tr>\n<tr>\n<td title=\"TIPO DE CABEZA\">53 MM<\/td>\n<td title=\"MARCA DEL FRASCO\">MARMARA CAM<\/td>\n<td title=\"C\u00d3DIGO DEL FRASCO\">111 105 0200<\/td>\n<td title=\"VOLUMEN (CC)\">200 CC<\/td>\n<\/tr>\n<tr>\n<td title=\"TIPO DE CABEZA\">53 MM<\/td>\n<td title=\"MARCA DEL FRASCO\">MARMARA CAM<\/td>\n<td title=\"C\u00d3DIGO DEL FRASCO\">111 101 0210<\/td>\n<td title=\"VOLUMEN (CC)\">210 CC<\/td>\n<\/tr>\n<tr>\n<td title=\"TIPO DE CABEZA\">53 MM<\/td>\n<td title=\"MARCA DEL FRASCO\">MARMARA CAM<\/td>\n<td title=\"C\u00d3DIGO DEL FRASCO\">111 101 0245<\/td>\n<td title=\"VOLUMEN (CC)\">245 CC<\/td>\n<\/tr>\n<tr>\n<td title=\"TIPO DE CABEZA\">53 MM<\/td>\n<td title=\"MARCA DEL FRASCO\">MARMARA CAM<\/td>\n<td title=\"C\u00d3DIGO DEL FRASCO\">111 101 0220<\/td>\n<td title=\"VOLUMEN (CC)\">220 CC<\/td>\n<\/tr>\n<\/tbody>\n<\/table>\n\t\t\t\t\t\t<\/div>\n\t\t\t\t<\/div>\n\t\t\t\t\t<\/div>\n\t\t<\/div>\n\t\t\t\t\t\t\t<\/div>\n\t\t<\/section>\n\t\t\t\t\t<\/div>\n\t\t<\/div>\n\t\t\t\t<div class=\"elementor-column elementor-col-50 elementor-top-column elementor-element elementor-element-e28fa25\" data-id=\"e28fa25\" data-element_type=\"column\">\n\t\t\t<div class=\"elementor-widget-wrap elementor-element-populated\">\n\t\t\t\t\t\t\t\t<section class=\"elementor-section elementor-inner-section elementor-element elementor-element-c9f497e page_sidebar elementor-section-boxed elementor-section-height-default elementor-section-height-default\" data-id=\"c9f497e\" data-element_type=\"section\" data-settings=\"{&quot;background_background&quot;:&quot;classic&quot;}\">\n\t\t\t\t\t\t<div class=\"elementor-container elementor-column-gap-default\">\n\t\t\t\t\t<div class=\"elementor-column elementor-col-100 elementor-inner-column elementor-element elementor-element-4800dac\" data-id=\"4800dac\" data-element_type=\"column\">\n\t\t\t<div class=\"elementor-widget-wrap elementor-element-populated\">\n\t\t\t\t\t\t\t\t<div class=\"elementor-element elementor-element-18aa733 title elementor-widget elementor-widget-heading\" data-id=\"18aa733\" data-element_type=\"widget\" data-widget_type=\"heading.default\">\n\t\t\t\t<div class=\"elementor-widget-container\">\n\t\t\t<h4 class=\"elementor-heading-title elementor-size-default\">Nuestros productos<\/h4>\t\t<\/div>\n\t\t\t\t<\/div>\n\t\t\t\t<div class=\"elementor-element elementor-element-5077a20 elementor-nav-menu--dropdown-none elementor-widget elementor-widget-nav-menu\" data-id=\"5077a20\" data-element_type=\"widget\" data-settings=\"{&quot;layout&quot;:&quot;vertical&quot;,&quot;submenu_icon&quot;:{&quot;value&quot;:&quot;&lt;i class=\\&quot;fas fa-caret-down\\&quot;&gt;&lt;\\\/i&gt;&quot;,&quot;library&quot;:&quot;fa-solid&quot;}}\" data-widget_type=\"nav-menu.default\">\n\t\t\t\t<div class=\"elementor-widget-container\">\n\t\t\t<link rel=\"stylesheet\" href=\"https:\/\/rastas.com.tr\/wp-content\/plugins\/elementor-pro\/assets\/css\/widget-nav-menu.min.css\">\t\t\t<nav class=\"elementor-nav-menu--main elementor-nav-menu__container elementor-nav-menu--layout-vertical e--pointer-background e--animation-fade\">\n\t\t\t\t<ul id=\"menu-1-5077a20\" class=\"elementor-nav-menu sm-vertical\"><li class=\"menu-item menu-item-type-post_type menu-item-object-page menu-item-1429\"><a href=\"https:\/\/rastas.com.tr\/es\/tapa-bote-43-mm\/\" class=\"elementor-item\">TAPA BOTE 43 MM<\/a><\/li>\n<li class=\"menu-item menu-item-type-post_type menu-item-object-page menu-item-1442\"><a href=\"https:\/\/rastas.com.tr\/es\/tapa-bote-53-mm\/\" class=\"elementor-item\">TAPA BOTE 53 MM<\/a><\/li>\n<li class=\"menu-item menu-item-type-post_type menu-item-object-page menu-item-1443\"><a href=\"https:\/\/rastas.com.tr\/es\/tapa-bote-63-mm\/\" class=\"elementor-item\">TAPA BOTE 63 MM<\/a><\/li>\n<li class=\"menu-item menu-item-type-post_type menu-item-object-page menu-item-1444\"><a href=\"https:\/\/rastas.com.tr\/es\/tapa-de-bote-de-63-mm-de-profundidad\/\" class=\"elementor-item\">TAPA DE BOTE DE 63 MM DE PROFUNDIDAD<\/a><\/li>\n<li class=\"menu-item menu-item-type-post_type menu-item-object-page menu-item-1445\"><a href=\"https:\/\/rastas.com.tr\/es\/tapa-bote-66-mm\/\" class=\"elementor-item\">TAPA BOTE 66 MM<\/a><\/li>\n<li class=\"menu-item menu-item-type-post_type menu-item-object-page menu-item-1446\"><a href=\"https:\/\/rastas.com.tr\/es\/tapa-bote-82-mm\/\" class=\"elementor-item\">TAPA BOTE 82 MM<\/a><\/li>\n<li class=\"menu-item menu-item-type-post_type menu-item-object-page menu-item-1447\"><a href=\"https:\/\/rastas.com.tr\/es\/tapa-bote-100-mm\/\" class=\"elementor-item\">TAPA BOTE 100 MM<\/a><\/li>\n<\/ul>\t\t\t<\/nav>\n\t\t\t\t\t\t<nav class=\"elementor-nav-menu--dropdown elementor-nav-menu__container\" aria-hidden=\"true\">\n\t\t\t\t<ul id=\"menu-2-5077a20\" class=\"elementor-nav-menu sm-vertical\"><li class=\"menu-item menu-item-type-post_type menu-item-object-page menu-item-1429\"><a href=\"https:\/\/rastas.com.tr\/es\/tapa-bote-43-mm\/\" class=\"elementor-item\" tabindex=\"-1\">TAPA BOTE 43 MM<\/a><\/li>\n<li class=\"menu-item menu-item-type-post_type menu-item-object-page menu-item-1442\"><a href=\"https:\/\/rastas.com.tr\/es\/tapa-bote-53-mm\/\" class=\"elementor-item\" tabindex=\"-1\">TAPA BOTE 53 MM<\/a><\/li>\n<li class=\"menu-item menu-item-type-post_type menu-item-object-page menu-item-1443\"><a href=\"https:\/\/rastas.com.tr\/es\/tapa-bote-63-mm\/\" class=\"elementor-item\" tabindex=\"-1\">TAPA BOTE 63 MM<\/a><\/li>\n<li class=\"menu-item menu-item-type-post_type menu-item-object-page menu-item-1444\"><a href=\"https:\/\/rastas.com.tr\/es\/tapa-de-bote-de-63-mm-de-profundidad\/\" class=\"elementor-item\" tabindex=\"-1\">TAPA DE BOTE DE 63 MM DE PROFUNDIDAD<\/a><\/li>\n<li class=\"menu-item menu-item-type-post_type menu-item-object-page menu-item-1445\"><a href=\"https:\/\/rastas.com.tr\/es\/tapa-bote-66-mm\/\" class=\"elementor-item\" tabindex=\"-1\">TAPA BOTE 66 MM<\/a><\/li>\n<li class=\"menu-item menu-item-type-post_type menu-item-object-page menu-item-1446\"><a href=\"https:\/\/rastas.com.tr\/es\/tapa-bote-82-mm\/\" class=\"elementor-item\" tabindex=\"-1\">TAPA BOTE 82 MM<\/a><\/li>\n<li class=\"menu-item menu-item-type-post_type menu-item-object-page menu-item-1447\"><a href=\"https:\/\/rastas.com.tr\/es\/tapa-bote-100-mm\/\" class=\"elementor-item\" tabindex=\"-1\">TAPA BOTE 100 MM<\/a><\/li>\n<\/ul>\t\t\t<\/nav>\n\t\t\t\t<\/div>\n\t\t\t\t<\/div>\n\t\t\t\t\t<\/div>\n\t\t<\/div>\n\t\t\t\t\t\t\t<\/div>\n\t\t<\/section>\n\t\t\t\t\t<\/div>\n\t\t<\/div>\n\t\t\t\t\t\t\t<\/div>\n\t\t<\/section>\n\t\t\t\t\t\t\t<\/div>\n\t\t","protected":false},"excerpt":{"rendered":"<p>Rastas es una marca l\u00edder en el sector de las tapas de tarros y latas. Nuestros productos est\u00e1n fabricados con materiales de alta calidad y le ayudan a mantener sus alimentos frescos y seguros. Nuestras tapas de frascos f\u00e1ciles de usar se sellan herm\u00e9ticamente y evitan que los alimentos del interior se echen a perder. [&hellip;]<\/p>\n","protected":false},"author":1,"featured_media":0,"parent":0,"menu_order":0,"comment_status":"closed","ping_status":"closed","template":"","meta":{"footnotes":""},"_links":{"self":[{"href":"https:\/\/rastas.com.tr\/es\/wp-json\/wp\/v2\/pages\/629"}],"collection":[{"href":"https:\/\/rastas.com.tr\/es\/wp-json\/wp\/v2\/pages"}],"about":[{"href":"https:\/\/rastas.com.tr\/es\/wp-json\/wp\/v2\/types\/page"}],"author":[{"embeddable":true,"href":"https:\/\/rastas.com.tr\/es\/wp-json\/wp\/v2\/users\/1"}],"replies":[{"embeddable":true,"href":"https:\/\/rastas.com.tr\/es\/wp-json\/wp\/v2\/comments?post=629"}],"version-history":[{"count":13,"href":"https:\/\/rastas.com.tr\/es\/wp-json\/wp\/v2\/pages\/629\/revisions"}],"predecessor-version":[{"id":2656,"href":"https:\/\/rastas.com.tr\/es\/wp-json\/wp\/v2\/pages\/629\/revisions\/2656"}],"wp:attachment":[{"href":"https:\/\/rastas.com.tr\/es\/wp-json\/wp\/v2\/media?parent=629"}],"curies":[{"name":"wp","href":"https:\/\/api.w.org\/{rel}","templated":true}]}}