{"id":649,"date":"2023-08-18T10:28:06","date_gmt":"2023-08-18T10:28:06","guid":{"rendered":"https:\/\/rastas.com.tr\/kalite-politikamiz\/"},"modified":"2023-08-22T14:26:25","modified_gmt":"2023-08-22T14:26:25","slug":"nuestra-politica-de-calidad","status":"publish","type":"page","link":"https:\/\/rastas.com.tr\/es\/institucional\/nuestra-politica-de-calidad\/","title":{"rendered":"Nuestra pol\u00edtica de calidad"},"content":{"rendered":"\t\t<div data-elementor-type=\"wp-page\" data-elementor-id=\"649\" class=\"elementor elementor-649 elementor-167\" data-elementor-post-type=\"page\">\n\t\t\t\t\t\t\t\t\t<section class=\"elementor-section elementor-top-section elementor-element elementor-element-309c589 elementor-section-boxed elementor-section-height-default elementor-section-height-default\" data-id=\"309c589\" data-element_type=\"section\" data-settings=\"{&quot;background_background&quot;:&quot;classic&quot;}\">\n\t\t\t\t\t\t<div class=\"elementor-container elementor-column-gap-default\">\n\t\t\t\t\t<div class=\"elementor-column elementor-col-50 elementor-top-column elementor-element elementor-element-cd9958b\" data-id=\"cd9958b\" data-element_type=\"column\">\n\t\t\t<div class=\"elementor-widget-wrap elementor-element-populated\">\n\t\t\t\t\t\t\t\t<section class=\"elementor-section elementor-inner-section elementor-element elementor-element-c0e1e27 elementor-section-boxed elementor-section-height-default elementor-section-height-default\" data-id=\"c0e1e27\" data-element_type=\"section\" data-settings=\"{&quot;background_background&quot;:&quot;classic&quot;}\">\n\t\t\t\t\t\t<div class=\"elementor-container elementor-column-gap-default\">\n\t\t\t\t\t<div class=\"elementor-column elementor-col-100 elementor-inner-column elementor-element elementor-element-e998bdc\" data-id=\"e998bdc\" data-element_type=\"column\">\n\t\t\t<div class=\"elementor-widget-wrap elementor-element-populated\">\n\t\t\t\t\t\t\t\t<div class=\"elementor-element elementor-element-429f4cd elementor-widget elementor-widget-heading\" data-id=\"429f4cd\" data-element_type=\"widget\" data-widget_type=\"heading.default\">\n\t\t\t\t<div class=\"elementor-widget-container\">\n\t\t\t<style>\/*! elementor - v3.17.0 - 25-10-2023 *\/\n.elementor-heading-title{padding:0;margin:0;line-height:1}.elementor-widget-heading .elementor-heading-title[class*=elementor-size-]>a{color:inherit;font-size:inherit;line-height:inherit}.elementor-widget-heading .elementor-heading-title.elementor-size-small{font-size:15px}.elementor-widget-heading .elementor-heading-title.elementor-size-medium{font-size:19px}.elementor-widget-heading .elementor-heading-title.elementor-size-large{font-size:29px}.elementor-widget-heading .elementor-heading-title.elementor-size-xl{font-size:39px}.elementor-widget-heading .elementor-heading-title.elementor-size-xxl{font-size:59px}<\/style><h1 class=\"elementor-heading-title elementor-size-default\">Nuestra pol\u00edtica de calidad<\/h1>\t\t<\/div>\n\t\t\t\t<\/div>\n\t\t\t\t<div class=\"elementor-element elementor-element-bc7f282 elementor-widget elementor-widget-text-editor\" data-id=\"bc7f282\" data-element_type=\"widget\" data-widget_type=\"text-editor.default\">\n\t\t\t\t<div class=\"elementor-widget-container\">\n\t\t\t<style>\/*! elementor - v3.17.0 - 25-10-2023 *\/\n.elementor-widget-text-editor.elementor-drop-cap-view-stacked .elementor-drop-cap{background-color:#69727d;color:#fff}.elementor-widget-text-editor.elementor-drop-cap-view-framed .elementor-drop-cap{color:#69727d;border:3px solid;background-color:transparent}.elementor-widget-text-editor:not(.elementor-drop-cap-view-default) .elementor-drop-cap{margin-top:8px}.elementor-widget-text-editor:not(.elementor-drop-cap-view-default) .elementor-drop-cap-letter{width:1em;height:1em}.elementor-widget-text-editor .elementor-drop-cap{float:left;text-align:center;line-height:1;font-size:50px}.elementor-widget-text-editor .elementor-drop-cap-letter{display:inline-block}<\/style>\t\t\t\t<p>Dando importancia a la seriedad del trabajo realizado, cada gorro es producido por nuestra unidad de control de calidad, de acuerdo con todo tipo de exigencias sociales, en condiciones higi\u00e9nicas y aptas para la alimentaci\u00f3n.<\/p><p>Est\u00e1 orgulloso de ser uno de los primeros fabricantes de tapas para frascos en Turqu\u00eda y utiliza la \u00faltima tecnolog\u00eda.<br \/>Tenemos una confianza infinita en nuestra funda producida en m\u00e1quinas.<\/p><p>Somos conscientes de la importancia que tiene el tap\u00f3n que producimos en la industria del packaging como consecuencia del contacto con los alimentos, y en el marco de este principio, cada uno de nuestros tapones se envasa intacto a mano en bolsas transparentes tras pasar por nuestra unidad de control de calidad. .<\/p>\t\t\t\t\t\t<\/div>\n\t\t\t\t<\/div>\n\t\t\t\t\t<\/div>\n\t\t<\/div>\n\t\t\t\t\t\t\t<\/div>\n\t\t<\/section>\n\t\t\t\t\t<\/div>\n\t\t<\/div>\n\t\t\t\t<div class=\"elementor-column elementor-col-50 elementor-top-column elementor-element elementor-element-cabe5c6\" data-id=\"cabe5c6\" data-element_type=\"column\">\n\t\t\t<div class=\"elementor-widget-wrap elementor-element-populated\">\n\t\t\t\t\t\t\t\t<section class=\"elementor-section elementor-inner-section elementor-element elementor-element-04548ae page_sidebar elementor-section-boxed elementor-section-height-default elementor-section-height-default\" data-id=\"04548ae\" data-element_type=\"section\" data-settings=\"{&quot;background_background&quot;:&quot;classic&quot;}\">\n\t\t\t\t\t\t<div class=\"elementor-container elementor-column-gap-default\">\n\t\t\t\t\t<div class=\"elementor-column elementor-col-100 elementor-inner-column elementor-element elementor-element-b8f0dce\" data-id=\"b8f0dce\" data-element_type=\"column\">\n\t\t\t<div class=\"elementor-widget-wrap elementor-element-populated\">\n\t\t\t\t\t\t\t\t<div class=\"elementor-element elementor-element-9e5f664 title elementor-widget elementor-widget-heading\" data-id=\"9e5f664\" data-element_type=\"widget\" data-widget_type=\"heading.default\">\n\t\t\t\t<div class=\"elementor-widget-container\">\n\t\t\t<h4 class=\"elementor-heading-title elementor-size-default\">Nuestra pol\u00edtica de calidad<\/h4>\t\t<\/div>\n\t\t\t\t<\/div>\n\t\t\t\t<div class=\"elementor-element elementor-element-0c89f05 elementor-nav-menu--dropdown-none elementor-widget elementor-widget-nav-menu\" data-id=\"0c89f05\" data-element_type=\"widget\" data-settings=\"{&quot;layout&quot;:&quot;vertical&quot;,&quot;submenu_icon&quot;:{&quot;value&quot;:&quot;&lt;i class=\\&quot;fas fa-caret-down\\&quot;&gt;&lt;\\\/i&gt;&quot;,&quot;library&quot;:&quot;fa-solid&quot;}}\" data-widget_type=\"nav-menu.default\">\n\t\t\t\t<div class=\"elementor-widget-container\">\n\t\t\t<link rel=\"stylesheet\" href=\"https:\/\/rastas.com.tr\/wp-content\/plugins\/elementor-pro\/assets\/css\/widget-nav-menu.min.css\">\t\t\t<nav class=\"elementor-nav-menu--main elementor-nav-menu__container elementor-nav-menu--layout-vertical e--pointer-background e--animation-fade\">\n\t\t\t\t<ul id=\"menu-1-0c89f05\" class=\"elementor-nav-menu sm-vertical\"><li class=\"menu-item menu-item-type-post_type menu-item-object-page menu-item-1421\"><a href=\"https:\/\/rastas.com.tr\/es\/institucional\/\" class=\"elementor-item\">Institucional<\/a><\/li>\n<li class=\"menu-item menu-item-type-post_type menu-item-object-page menu-item-1422\"><a href=\"https:\/\/rastas.com.tr\/es\/institucional\/nuestra-politica-de-calidad\/\" class=\"elementor-item\">Nuestra pol\u00edtica de calidad<\/a><\/li>\n<li class=\"menu-item menu-item-type-post_type menu-item-object-page menu-item-1423\"><a href=\"https:\/\/rastas.com.tr\/es\/institucional\/gestion-de-residuos\/\" class=\"elementor-item\">Gesti\u00f3n de residuos<\/a><\/li>\n<li class=\"menu-item menu-item-type-post_type menu-item-object-page menu-item-1424\"><a href=\"https:\/\/rastas.com.tr\/es\/institucional\/linea-de-lacado-maquinaria-e-impresion\/\" class=\"elementor-item\">L\u00ednea de Lacado Maquinaria e Impresi\u00f3n<\/a><\/li>\n<\/ul>\t\t\t<\/nav>\n\t\t\t\t\t\t<nav class=\"elementor-nav-menu--dropdown elementor-nav-menu__container\" aria-hidden=\"true\">\n\t\t\t\t<ul id=\"menu-2-0c89f05\" class=\"elementor-nav-menu sm-vertical\"><li class=\"menu-item menu-item-type-post_type menu-item-object-page menu-item-1421\"><a href=\"https:\/\/rastas.com.tr\/es\/institucional\/\" class=\"elementor-item\" tabindex=\"-1\">Institucional<\/a><\/li>\n<li class=\"menu-item menu-item-type-post_type menu-item-object-page menu-item-1422\"><a href=\"https:\/\/rastas.com.tr\/es\/institucional\/nuestra-politica-de-calidad\/\" class=\"elementor-item\" tabindex=\"-1\">Nuestra pol\u00edtica de calidad<\/a><\/li>\n<li class=\"menu-item menu-item-type-post_type menu-item-object-page menu-item-1423\"><a href=\"https:\/\/rastas.com.tr\/es\/institucional\/gestion-de-residuos\/\" class=\"elementor-item\" tabindex=\"-1\">Gesti\u00f3n de residuos<\/a><\/li>\n<li class=\"menu-item menu-item-type-post_type menu-item-object-page menu-item-1424\"><a href=\"https:\/\/rastas.com.tr\/es\/institucional\/linea-de-lacado-maquinaria-e-impresion\/\" class=\"elementor-item\" tabindex=\"-1\">L\u00ednea de Lacado Maquinaria e Impresi\u00f3n<\/a><\/li>\n<\/ul>\t\t\t<\/nav>\n\t\t\t\t<\/div>\n\t\t\t\t<\/div>\n\t\t\t\t\t<\/div>\n\t\t<\/div>\n\t\t\t\t\t\t\t<\/div>\n\t\t<\/section>\n\t\t\t\t\t<\/div>\n\t\t<\/div>\n\t\t\t\t\t\t\t<\/div>\n\t\t<\/section>\n\t\t\t\t\t\t\t<\/div>\n\t\t","protected":false},"excerpt":{"rendered":"<p>Dando importancia a la seriedad del trabajo realizado, cada gorro es producido por nuestra unidad de control de calidad, de acuerdo con todo tipo de exigencias sociales, en condiciones higi\u00e9nicas y aptas para la alimentaci\u00f3n. Est\u00e1 orgulloso de ser uno de los primeros fabricantes de tapas para frascos en Turqu\u00eda y utiliza la \u00faltima tecnolog\u00eda.Tenemos [&hellip;]<\/p>\n","protected":false},"author":1,"featured_media":0,"parent":653,"menu_order":0,"comment_status":"closed","ping_status":"closed","template":"","meta":{"footnotes":""},"_links":{"self":[{"href":"https:\/\/rastas.com.tr\/es\/wp-json\/wp\/v2\/pages\/649"}],"collection":[{"href":"https:\/\/rastas.com.tr\/es\/wp-json\/wp\/v2\/pages"}],"about":[{"href":"https:\/\/rastas.com.tr\/es\/wp-json\/wp\/v2\/types\/page"}],"author":[{"embeddable":true,"href":"https:\/\/rastas.com.tr\/es\/wp-json\/wp\/v2\/users\/1"}],"replies":[{"embeddable":true,"href":"https:\/\/rastas.com.tr\/es\/wp-json\/wp\/v2\/comments?post=649"}],"version-history":[{"count":13,"href":"https:\/\/rastas.com.tr\/es\/wp-json\/wp\/v2\/pages\/649\/revisions"}],"predecessor-version":[{"id":1149,"href":"https:\/\/rastas.com.tr\/es\/wp-json\/wp\/v2\/pages\/649\/revisions\/1149"}],"up":[{"embeddable":true,"href":"https:\/\/rastas.com.tr\/es\/wp-json\/wp\/v2\/pages\/653"}],"wp:attachment":[{"href":"https:\/\/rastas.com.tr\/es\/wp-json\/wp\/v2\/media?parent=649"}],"curies":[{"name":"wp","href":"https:\/\/api.w.org\/{rel}","templated":true}]}}