{"id":653,"date":"2023-08-18T08:42:03","date_gmt":"2023-08-18T08:42:03","guid":{"rendered":"https:\/\/rastas.com.tr\/kurumsal\/"},"modified":"2023-08-22T14:26:03","modified_gmt":"2023-08-22T14:26:03","slug":"institucional","status":"publish","type":"page","link":"https:\/\/rastas.com.tr\/es\/institucional\/","title":{"rendered":"Institucional"},"content":{"rendered":"\t\t<div data-elementor-type=\"wp-page\" data-elementor-id=\"653\" class=\"elementor elementor-653 elementor-142\" data-elementor-post-type=\"page\">\n\t\t\t\t\t\t\t\t\t<section class=\"elementor-section elementor-top-section elementor-element elementor-element-bb04475 elementor-section-boxed elementor-section-height-default elementor-section-height-default\" data-id=\"bb04475\" data-element_type=\"section\" data-settings=\"{&quot;background_background&quot;:&quot;classic&quot;}\">\n\t\t\t\t\t\t<div class=\"elementor-container elementor-column-gap-default\">\n\t\t\t\t\t<div class=\"elementor-column elementor-col-50 elementor-top-column elementor-element elementor-element-f7073ac\" data-id=\"f7073ac\" data-element_type=\"column\">\n\t\t\t<div class=\"elementor-widget-wrap elementor-element-populated\">\n\t\t\t\t\t\t\t\t<section class=\"elementor-section elementor-inner-section elementor-element elementor-element-f8b98b2 elementor-section-boxed elementor-section-height-default elementor-section-height-default\" data-id=\"f8b98b2\" data-element_type=\"section\" data-settings=\"{&quot;background_background&quot;:&quot;classic&quot;}\">\n\t\t\t\t\t\t<div class=\"elementor-container elementor-column-gap-default\">\n\t\t\t\t\t<div class=\"elementor-column elementor-col-100 elementor-inner-column elementor-element elementor-element-0405235\" data-id=\"0405235\" data-element_type=\"column\">\n\t\t\t<div class=\"elementor-widget-wrap elementor-element-populated\">\n\t\t\t\t\t\t\t\t<div class=\"elementor-element elementor-element-14fc088 elementor-widget elementor-widget-heading\" data-id=\"14fc088\" data-element_type=\"widget\" data-widget_type=\"heading.default\">\n\t\t\t\t<div class=\"elementor-widget-container\">\n\t\t\t<style>\/*! elementor - v3.17.0 - 25-10-2023 *\/\n.elementor-heading-title{padding:0;margin:0;line-height:1}.elementor-widget-heading .elementor-heading-title[class*=elementor-size-]>a{color:inherit;font-size:inherit;line-height:inherit}.elementor-widget-heading .elementor-heading-title.elementor-size-small{font-size:15px}.elementor-widget-heading .elementor-heading-title.elementor-size-medium{font-size:19px}.elementor-widget-heading .elementor-heading-title.elementor-size-large{font-size:29px}.elementor-widget-heading .elementor-heading-title.elementor-size-xl{font-size:39px}.elementor-widget-heading .elementor-heading-title.elementor-size-xxl{font-size:59px}<\/style><h1 class=\"elementor-heading-title elementor-size-default\">Sobre nosotros<\/h1>\t\t<\/div>\n\t\t\t\t<\/div>\n\t\t\t\t<div class=\"elementor-element elementor-element-382e2f8 elementor-widget elementor-widget-text-editor\" data-id=\"382e2f8\" data-element_type=\"widget\" data-widget_type=\"text-editor.default\">\n\t\t\t\t<div class=\"elementor-widget-container\">\n\t\t\t<style>\/*! elementor - v3.17.0 - 25-10-2023 *\/\n.elementor-widget-text-editor.elementor-drop-cap-view-stacked .elementor-drop-cap{background-color:#69727d;color:#fff}.elementor-widget-text-editor.elementor-drop-cap-view-framed .elementor-drop-cap{color:#69727d;border:3px solid;background-color:transparent}.elementor-widget-text-editor:not(.elementor-drop-cap-view-default) .elementor-drop-cap{margin-top:8px}.elementor-widget-text-editor:not(.elementor-drop-cap-view-default) .elementor-drop-cap-letter{width:1em;height:1em}.elementor-widget-text-editor .elementor-drop-cap{float:left;text-align:center;line-height:1;font-size:50px}.elementor-widget-text-editor .elementor-drop-cap-letter{display:inline-block}<\/style>\t\t\t\t<p>Nuestra empresa tuvo como objetivo brindar soluciones a las necesidades de embalaje operando en el sector del embalaje como industria del embalaje de hojalata en 1985. Ha logrado grandes avances al iniciar la producci\u00f3n de tapas de frascos en 1998 bajo el nombre de Rastas Ambalaj. Como pionero en la industria del embalaje con una experiencia de m\u00e1s de 35 a\u00f1os, Rastas Ambalaj ha seguido cambios e innovaci\u00f3n continuos y ha estado utilizando tecnolog\u00edas avanzadas en la producci\u00f3n de tapas de frascos durante m\u00e1s de 20 a\u00f1os. Adem\u00e1s de los 5000 m\u00b2 existentes en la zona industrial organizada donde llevamos a cabo nuestras actividades de producci\u00f3n, tambi\u00e9n producimos tapas para frascos en nuestra nueva \u00e1rea de inversi\u00f3n de 12000 m\u00b2. Demostramos nuestra calidad realizando trabajos en diferentes colores y calidad de impresi\u00f3n con nuestra propia imprenta. Hemos creado un mercado importante en Turqu\u00eda y en todo el mundo reflejando nuestra experiencia de casi medio siglo en la calidad de nuestros productos, y exportamos el 20% de nuestra producci\u00f3n a 25 pa\u00edses diferentes.<\/p>\t\t\t\t\t\t<\/div>\n\t\t\t\t<\/div>\n\t\t\t\t\t<\/div>\n\t\t<\/div>\n\t\t\t\t\t\t\t<\/div>\n\t\t<\/section>\n\t\t\t\t\t<\/div>\n\t\t<\/div>\n\t\t\t\t<div class=\"elementor-column elementor-col-50 elementor-top-column elementor-element elementor-element-53de43a\" data-id=\"53de43a\" data-element_type=\"column\">\n\t\t\t<div class=\"elementor-widget-wrap elementor-element-populated\">\n\t\t\t\t\t\t\t\t<section class=\"elementor-section elementor-inner-section elementor-element elementor-element-50a2622 page_sidebar elementor-section-boxed elementor-section-height-default elementor-section-height-default\" data-id=\"50a2622\" data-element_type=\"section\" data-settings=\"{&quot;background_background&quot;:&quot;classic&quot;}\">\n\t\t\t\t\t\t<div class=\"elementor-container elementor-column-gap-default\">\n\t\t\t\t\t<div class=\"elementor-column elementor-col-100 elementor-inner-column elementor-element elementor-element-da6ed09\" data-id=\"da6ed09\" data-element_type=\"column\">\n\t\t\t<div class=\"elementor-widget-wrap elementor-element-populated\">\n\t\t\t\t\t\t\t\t<div class=\"elementor-element elementor-element-667b375 title elementor-widget elementor-widget-heading\" data-id=\"667b375\" data-element_type=\"widget\" data-widget_type=\"heading.default\">\n\t\t\t\t<div class=\"elementor-widget-container\">\n\t\t\t<h4 class=\"elementor-heading-title elementor-size-default\">Sobre nosotros<\/h4>\t\t<\/div>\n\t\t\t\t<\/div>\n\t\t\t\t<div class=\"elementor-element elementor-element-4c73b69 elementor-nav-menu--dropdown-none elementor-widget elementor-widget-nav-menu\" data-id=\"4c73b69\" data-element_type=\"widget\" data-settings=\"{&quot;layout&quot;:&quot;vertical&quot;,&quot;submenu_icon&quot;:{&quot;value&quot;:&quot;&lt;i class=\\&quot;fas fa-caret-down\\&quot;&gt;&lt;\\\/i&gt;&quot;,&quot;library&quot;:&quot;fa-solid&quot;}}\" data-widget_type=\"nav-menu.default\">\n\t\t\t\t<div class=\"elementor-widget-container\">\n\t\t\t<link rel=\"stylesheet\" href=\"https:\/\/rastas.com.tr\/wp-content\/plugins\/elementor-pro\/assets\/css\/widget-nav-menu.min.css\">\t\t\t<nav class=\"elementor-nav-menu--main elementor-nav-menu__container elementor-nav-menu--layout-vertical e--pointer-background e--animation-fade\">\n\t\t\t\t<ul id=\"menu-1-4c73b69\" class=\"elementor-nav-menu sm-vertical\"><li class=\"menu-item menu-item-type-post_type menu-item-object-page menu-item-1421\"><a href=\"https:\/\/rastas.com.tr\/es\/institucional\/\" class=\"elementor-item\">Institucional<\/a><\/li>\n<li class=\"menu-item menu-item-type-post_type menu-item-object-page menu-item-1422\"><a href=\"https:\/\/rastas.com.tr\/es\/institucional\/nuestra-politica-de-calidad\/\" class=\"elementor-item\">Nuestra pol\u00edtica de calidad<\/a><\/li>\n<li class=\"menu-item menu-item-type-post_type menu-item-object-page menu-item-1423\"><a href=\"https:\/\/rastas.com.tr\/es\/institucional\/gestion-de-residuos\/\" class=\"elementor-item\">Gesti\u00f3n de residuos<\/a><\/li>\n<li class=\"menu-item menu-item-type-post_type menu-item-object-page menu-item-1424\"><a href=\"https:\/\/rastas.com.tr\/es\/institucional\/linea-de-lacado-maquinaria-e-impresion\/\" class=\"elementor-item\">L\u00ednea de Lacado Maquinaria e Impresi\u00f3n<\/a><\/li>\n<\/ul>\t\t\t<\/nav>\n\t\t\t\t\t\t<nav class=\"elementor-nav-menu--dropdown elementor-nav-menu__container\" aria-hidden=\"true\">\n\t\t\t\t<ul id=\"menu-2-4c73b69\" class=\"elementor-nav-menu sm-vertical\"><li class=\"menu-item menu-item-type-post_type menu-item-object-page menu-item-1421\"><a href=\"https:\/\/rastas.com.tr\/es\/institucional\/\" class=\"elementor-item\" tabindex=\"-1\">Institucional<\/a><\/li>\n<li class=\"menu-item menu-item-type-post_type menu-item-object-page menu-item-1422\"><a href=\"https:\/\/rastas.com.tr\/es\/institucional\/nuestra-politica-de-calidad\/\" class=\"elementor-item\" tabindex=\"-1\">Nuestra pol\u00edtica de calidad<\/a><\/li>\n<li class=\"menu-item menu-item-type-post_type menu-item-object-page menu-item-1423\"><a href=\"https:\/\/rastas.com.tr\/es\/institucional\/gestion-de-residuos\/\" class=\"elementor-item\" tabindex=\"-1\">Gesti\u00f3n de residuos<\/a><\/li>\n<li class=\"menu-item menu-item-type-post_type menu-item-object-page menu-item-1424\"><a href=\"https:\/\/rastas.com.tr\/es\/institucional\/linea-de-lacado-maquinaria-e-impresion\/\" class=\"elementor-item\" tabindex=\"-1\">L\u00ednea de Lacado Maquinaria e Impresi\u00f3n<\/a><\/li>\n<\/ul>\t\t\t<\/nav>\n\t\t\t\t<\/div>\n\t\t\t\t<\/div>\n\t\t\t\t\t<\/div>\n\t\t<\/div>\n\t\t\t\t\t\t\t<\/div>\n\t\t<\/section>\n\t\t\t\t\t<\/div>\n\t\t<\/div>\n\t\t\t\t\t\t\t<\/div>\n\t\t<\/section>\n\t\t\t\t\t\t\t<\/div>\n\t\t","protected":false},"excerpt":{"rendered":"<p>Sobre nosotros Nuestra empresa tuvo como objetivo brindar soluciones a las necesidades de embalaje operando en el sector del embalaje como industria del embalaje de hojalata en 1985. Ha logrado grandes avances al iniciar la producci\u00f3n de tapas de frascos en 1998 bajo el nombre de Rastas Ambalaj. Como pionero en la industria del embalaje [&hellip;]<\/p>\n","protected":false},"author":1,"featured_media":0,"parent":0,"menu_order":0,"comment_status":"closed","ping_status":"closed","template":"","meta":{"footnotes":""},"_links":{"self":[{"href":"https:\/\/rastas.com.tr\/es\/wp-json\/wp\/v2\/pages\/653"}],"collection":[{"href":"https:\/\/rastas.com.tr\/es\/wp-json\/wp\/v2\/pages"}],"about":[{"href":"https:\/\/rastas.com.tr\/es\/wp-json\/wp\/v2\/types\/page"}],"author":[{"embeddable":true,"href":"https:\/\/rastas.com.tr\/es\/wp-json\/wp\/v2\/users\/1"}],"replies":[{"embeddable":true,"href":"https:\/\/rastas.com.tr\/es\/wp-json\/wp\/v2\/comments?post=653"}],"version-history":[{"count":10,"href":"https:\/\/rastas.com.tr\/es\/wp-json\/wp\/v2\/pages\/653\/revisions"}],"predecessor-version":[{"id":1146,"href":"https:\/\/rastas.com.tr\/es\/wp-json\/wp\/v2\/pages\/653\/revisions\/1146"}],"wp:attachment":[{"href":"https:\/\/rastas.com.tr\/es\/wp-json\/wp\/v2\/media?parent=653"}],"curies":[{"name":"wp","href":"https:\/\/api.w.org\/{rel}","templated":true}]}}