{"id":620,"date":"2023-08-18T12:46:53","date_gmt":"2023-08-18T12:46:53","guid":{"rendered":"https:\/\/rastas.com.tr\/63-mm-derin-kavanoz-kapagi\/"},"modified":"2023-08-23T05:27:28","modified_gmt":"2023-08-23T05:27:28","slug":"63-mm-%d0%ba%d1%80%d1%8b%d1%88%d0%ba%d0%b0-%d0%b4%d0%bb%d1%8f-%d0%b3%d0%bb%d1%83%d0%b1%d0%be%d0%ba%d0%be%d0%b9-%d0%b1%d0%b0%d0%bd%d0%ba%d0%b8","status":"publish","type":"page","link":"https:\/\/rastas.com.tr\/ru\/63-mm-%d0%ba%d1%80%d1%8b%d1%88%d0%ba%d0%b0-%d0%b4%d0%bb%d1%8f-%d0%b3%d0%bb%d1%83%d0%b1%d0%be%d0%ba%d0%be%d0%b9-%d0%b1%d0%b0%d0%bd%d0%ba%d0%b8\/","title":{"rendered":"63 MM \u041a\u0420\u042b\u0428\u041a\u0410 \u0414\u041b\u042f \u0413\u041b\u0423\u0411\u041e\u041a\u041e\u0419 \u0411\u0410\u041d\u041a\u0418"},"content":{"rendered":"\t\t<div data-elementor-type=\"wp-page\" data-elementor-id=\"620\" class=\"elementor elementor-620 elementor-285\" data-elementor-post-type=\"page\">\n\t\t\t\t\t\t\t\t\t<section class=\"elementor-section elementor-top-section elementor-element elementor-element-9122c90 elementor-section-boxed elementor-section-height-default elementor-section-height-default\" data-id=\"9122c90\" data-element_type=\"section\" data-settings=\"{&quot;background_background&quot;:&quot;classic&quot;}\">\n\t\t\t\t\t\t<div class=\"elementor-container elementor-column-gap-default\">\n\t\t\t\t\t<div class=\"elementor-column elementor-col-50 elementor-top-column elementor-element elementor-element-d75d122\" data-id=\"d75d122\" data-element_type=\"column\">\n\t\t\t<div class=\"elementor-widget-wrap elementor-element-populated\">\n\t\t\t\t\t\t\t\t<section class=\"elementor-section elementor-inner-section elementor-element elementor-element-983225b elementor-section-boxed elementor-section-height-default elementor-section-height-default\" data-id=\"983225b\" data-element_type=\"section\" data-settings=\"{&quot;background_background&quot;:&quot;classic&quot;}\">\n\t\t\t\t\t\t<div class=\"elementor-container elementor-column-gap-default\">\n\t\t\t\t\t<div class=\"elementor-column elementor-col-100 elementor-inner-column elementor-element elementor-element-2c20dcc single-products\" data-id=\"2c20dcc\" data-element_type=\"column\">\n\t\t\t<div class=\"elementor-widget-wrap elementor-element-populated\">\n\t\t\t\t\t\t\t\t<div class=\"elementor-element elementor-element-679cb7a elementor-widget elementor-widget-heading\" data-id=\"679cb7a\" data-element_type=\"widget\" data-widget_type=\"heading.default\">\n\t\t\t\t<div class=\"elementor-widget-container\">\n\t\t\t<style>\/*! elementor - v3.17.0 - 25-10-2023 *\/\n.elementor-heading-title{padding:0;margin:0;line-height:1}.elementor-widget-heading .elementor-heading-title[class*=elementor-size-]>a{color:inherit;font-size:inherit;line-height:inherit}.elementor-widget-heading .elementor-heading-title.elementor-size-small{font-size:15px}.elementor-widget-heading .elementor-heading-title.elementor-size-medium{font-size:19px}.elementor-widget-heading .elementor-heading-title.elementor-size-large{font-size:29px}.elementor-widget-heading .elementor-heading-title.elementor-size-xl{font-size:39px}.elementor-widget-heading .elementor-heading-title.elementor-size-xxl{font-size:59px}<\/style><h1 class=\"elementor-heading-title elementor-size-default\">63 MM \u041a\u0420\u042b\u0428\u041a\u0410 \u0414\u041b\u042f \u0413\u041b\u0423\u0411\u041e\u041a\u041e\u0419 \u0411\u0410\u041d\u041a\u0418<\/h1>\t\t<\/div>\n\t\t\t\t<\/div>\n\t\t\t\t<div class=\"elementor-element elementor-element-a6b1e9d elementor-widget elementor-widget-text-editor\" data-id=\"a6b1e9d\" data-element_type=\"widget\" data-widget_type=\"text-editor.default\">\n\t\t\t\t<div class=\"elementor-widget-container\">\n\t\t\t<style>\/*! elementor - v3.17.0 - 25-10-2023 *\/\n.elementor-widget-text-editor.elementor-drop-cap-view-stacked .elementor-drop-cap{background-color:#69727d;color:#fff}.elementor-widget-text-editor.elementor-drop-cap-view-framed .elementor-drop-cap{color:#69727d;border:3px solid;background-color:transparent}.elementor-widget-text-editor:not(.elementor-drop-cap-view-default) .elementor-drop-cap{margin-top:8px}.elementor-widget-text-editor:not(.elementor-drop-cap-view-default) .elementor-drop-cap-letter{width:1em;height:1em}.elementor-widget-text-editor .elementor-drop-cap{float:left;text-align:center;line-height:1;font-size:50px}.elementor-widget-text-editor .elementor-drop-cap-letter{display:inline-block}<\/style>\t\t\t\t<p>Rastas \u2014 \u0432\u0435\u0434\u0443\u0449\u0438\u0439 \u0431\u0440\u0435\u043d\u0434 \u0432 \u043e\u0431\u043b\u0430\u0441\u0442\u0438 \u043a\u0440\u044b\u0448\u0435\u043a \u0434\u043b\u044f \u0431\u0430\u043d\u043e\u043a \u0438 \u0431\u0430\u043d\u043e\u043a. \u041d\u0430\u0448\u0430 \u043f\u0440\u043e\u0434\u0443\u043a\u0446\u0438\u044f \u0438\u0437\u0433\u043e\u0442\u043e\u0432\u043b\u0435\u043d\u0430 \u0438\u0437 \u0432\u044b\u0441\u043e\u043a\u043e\u043a\u0430\u0447\u0435\u0441\u0442\u0432\u0435\u043d\u043d\u044b\u0445 \u043c\u0430\u0442\u0435\u0440\u0438\u0430\u043b\u043e\u0432 \u0438 \u043f\u043e\u043c\u043e\u0436\u0435\u0442 \u0432\u0430\u043c \u0441\u043e\u0445\u0440\u0430\u043d\u0438\u0442\u044c \u0432\u0430\u0448\u0438 \u043f\u0440\u043e\u0434\u0443\u043a\u0442\u044b \u0441\u0432\u0435\u0436\u0438\u043c\u0438 \u0438 \u0431\u0435\u0437\u043e\u043f\u0430\u0441\u043d\u044b\u043c\u0438. \u041d\u0430\u0448\u0438 \u043f\u0440\u043e\u0441\u0442\u044b\u0435 \u0432 \u0438\u0441\u043f\u043e\u043b\u044c\u0437\u043e\u0432\u0430\u043d\u0438\u0438 \u043a\u0440\u044b\u0448\u043a\u0438 \u0434\u043b\u044f \u0431\u0430\u043d\u043e\u043a \u043f\u043b\u043e\u0442\u043d\u043e \u0437\u0430\u043a\u0440\u044b\u0432\u0430\u044e\u0442\u0441\u044f \u0438 \u043f\u0440\u0435\u0434\u043e\u0442\u0432\u0440\u0430\u0449\u0430\u044e\u0442 \u043f\u043e\u0440\u0447\u0443 \u043f\u0440\u043e\u0434\u0443\u043a\u0442\u043e\u0432 \u0432\u043d\u0443\u0442\u0440\u0438.<\/p>\t\t\t\t\t\t<\/div>\n\t\t\t\t<\/div>\n\t\t\t\t<div class=\"elementor-element elementor-element-aa9580d elementor-widget elementor-widget-image\" data-id=\"aa9580d\" data-element_type=\"widget\" data-widget_type=\"image.default\">\n\t\t\t\t<div class=\"elementor-widget-container\">\n\t\t\t<style>\/*! elementor - v3.17.0 - 25-10-2023 *\/\n.elementor-widget-image{text-align:center}.elementor-widget-image a{display:inline-block}.elementor-widget-image a img[src$=\".svg\"]{width:48px}.elementor-widget-image img{vertical-align:middle;display:inline-block}<\/style>\t\t\t\t\t\t\t\t\t\t\t\t<img loading=\"lazy\" decoding=\"async\" width=\"500\" height=\"120\" src=\"https:\/\/rastas.com.tr\/wp-content\/uploads\/2023\/08\/63mm-derin-kapak-1.jpg\" class=\"attachment-large size-large wp-image-287\" alt=\"\" srcset=\"https:\/\/rastas.com.tr\/wp-content\/uploads\/2023\/08\/63mm-derin-kapak-1.jpg 500w, https:\/\/rastas.com.tr\/wp-content\/uploads\/2023\/08\/63mm-derin-kapak-1-300x72.jpg 300w\" sizes=\"(max-width: 500px) 100vw, 500px\" \/>\t\t\t\t\t\t\t\t\t\t\t\t\t\t\t<\/div>\n\t\t\t\t<\/div>\n\t\t\t\t<div class=\"elementor-element elementor-element-9038cb3 elementor-widget elementor-widget-text-editor\" data-id=\"9038cb3\" data-element_type=\"widget\" data-widget_type=\"text-editor.default\">\n\t\t\t\t<div class=\"elementor-widget-container\">\n\t\t\t\t\t\t\t<table>\n<tbody>\n<tr>\n<th class=\"text-center\" colspan=\"7\">63 \u041c\u041c \u0413\u041b\u0423\u0411\u041e\u041a\u0418\u0415 \u0422\u0415\u0425\u041d\u0418\u0427\u0415\u0421\u041a\u0418\u0415 \u0425\u0410\u0420\u0410\u041a\u0422\u0415\u0420\u0418\u0421\u0422\u0418\u041a\u0418<\/th>\n<\/tr>\n<tr>\n<td>\u0420\u0410\u0417\u041c\u0415\u0420 \u041a\u0420\u042b\u0428\u041a\u0418<\/td>\n<td>\u0412\u042b\u0421\u041e\u0422\u0410 \u041a\u0420\u042b\u0428\u041a\u0418<\/td>\n<td>\u0412\u041d\u0415\u0428\u041d\u0418\u0419 \u0414\u0418\u0410\u041c\u0415\u0422\u0420<\/td>\n<td>\u0414\u0418\u0410\u041c\u0415\u0422\u0420 \u041c\u0415\u0416\u0414\u0423 \u0420\u0415\u0417\u042c\u0411\u041e\u0412\u042b\u041c\u0418 \u041f\u041e\u0412\u0415\u0420\u0425\u041d\u041e\u0421\u0422\u042f\u041c\u0418<\/td>\n<td>\u041c\u0418\u041d\u0418\u041c\u0410\u041b\u042c\u041d\u042b\u0419 \u0412\u041d\u0423\u0422\u0420\u0415\u041d\u041d\u0418\u0419 \u0414\u0418\u0410\u041c\u0415\u0422\u0420 \u0412\u0410\u041b\u042c\u0426\u041e\u0412\u041a\u0418<\/td>\n<td>\u041c\u0418\u041d\u0418\u041c\u0410\u041b\u042c\u041d\u0410\u042f \u0422\u041e\u041b\u0429\u0418\u041d\u0410 \u0423\u041f\u041b\u041e\u0422\u041d\u0415\u041d\u0418\u042f<\/td>\n<td>\u0412\u042b\u0421\u041e\u0422\u0410 \u041c\u0415\u0416\u0414\u0423 \u0412\u041d\u0415\u0428\u041d\u0415\u0419 \u041f\u041e\u0412\u0415\u0420\u0425\u041d\u041e\u0421\u0422\u042c\u042e \u0414\u041d\u0410 \u0418 \u0423\u041f\u041b\u041e\u0422\u041d\u0415\u041d\u0418\u0415\u041c<\/td>\n<\/tr>\n<tr>\n<td title=\"\u0420\u0410\u0417\u041c\u0415\u0420 \u041a\u0420\u042b\u0428\u041a\u0418\">63 \u041c\u041c DWO-DWB<\/td>\n<td title=\"\u0412\u042b\u0421\u041e\u0422\u0410 \u041a\u0420\u042b\u0428\u041a\u0418\">14,60<\/td>\n<td title=\"\u0412\u041d\u0415\u0428\u041d\u0418\u0419 \u0414\u0418\u0410\u041c\u0415\u0422\u0420\">66,45<\/td>\n<td title=\"\u0414\u0418\u0410\u041c\u0415\u0422\u0420 \u041c\u0415\u0416\u0414\u0423 \u0420\u0415\u0417\u042c\u0411\u041e\u0412\u042b\u041c\u0418 \u041f\u041e\u0412\u0415\u0420\u0425\u041d\u041e\u0421\u0422\u042f\u041c\u0418\">59,25 \u043c\u0438\u043d. 60,05 \u043c\u0430\u043a\u0441.<\/td>\n<td title=\"\u041c\u0418\u041d\u0418\u041c\u0410\u041b\u042c\u041d\u042b\u0419 \u0412\u041d\u0423\u0422\u0420\u0415\u041d\u041d\u0418\u0419 \u0414\u0418\u0410\u041c\u0415\u0422\u0420 \u0412\u0410\u041b\u042c\u0426\u041e\u0412\u041a\u0418\">62,50<\/td>\n<td title=\"\u041c\u0418\u041d\u0418\u041c\u0410\u041b\u042c\u041d\u0410\u042f \u0422\u041e\u041b\u0429\u0418\u041d\u0410 \u0423\u041f\u041b\u041e\u0422\u041d\u0415\u041d\u0418\u042f\">0,75<\/td>\n<td title=\"\u0412\u042b\u0421\u041e\u0422\u0410 \u041c\u0415\u0416\u0414\u0423 \u0412\u041d\u0415\u0428\u041d\u0415\u0419 \u041f\u041e\u0412\u0415\u0420\u0425\u041d\u041e\u0421\u0422\u042c\u042e \u0414\u041d\u0410 \u0418 \u0423\u041f\u041b\u041e\u0422\u041d\u0415\u041d\u0418\u0415\u041c\">11,70 \u043c\u0438\u043d. 12,90 \u043c\u0430\u043a\u0441.<\/td>\n<\/tr>\n<\/tbody>\n<\/table>\n<table>\n<tbody>\n<tr>\n<th class=\"text-center\" colspan=\"5\">63 \u041c\u041c \u0413\u041b\u0423\u0411\u041e\u041a\u0418\u0415 \u041a\u0420\u042b\u0428\u041a\u0418 \u041f\u041e\u0414\u0425\u041e\u0414\u042f\u0422 \u041a \u0411\u0410\u041d\u041a\u0410\u041c<\/th>\n<\/tr>\n<tr>\n<td>\u0422\u0418\u041f \u0413\u041e\u041b\u041e\u0412\u041a\u0418<\/td>\n<td>\u041c\u0410\u0420\u041a\u0410 \u0411\u0410\u041d\u041a\u0418<\/td>\n<td>\u041a\u041e\u0414 \u0411\u0410\u041d\u041a\u0418<\/td>\n<td>\u041e\u0411\u042a\u0415\u041c (CC)<\/td>\n<\/tr>\n<tr>\n<td title=\"\u0422\u0418\u041f \u0413\u041e\u041b\u041e\u0412\u041a\u0418\">63 \u041c\u041c \u0413\u041b\u0423\u0411\u041e\u041a\u0418\u0415<\/td>\n<td title=\"\u041c\u0410\u0420\u041a\u0410 \u0411\u0410\u041d\u041a\u0418\">G\u00dcRALLAR<\/td>\n<td title=\"\u041a\u041e\u0414 \u0411\u0410\u041d\u041a\u0418\">AKK033<\/td>\n<td title=\"\u041e\u0411\u042a\u0415\u041c (CC)\">330 CC<\/td>\n<\/tr>\n<tr>\n<td title=\"\u0422\u0418\u041f \u0413\u041e\u041b\u041e\u0412\u041a\u0418\">63 \u041c\u041c \u0413\u041b\u0423\u0411\u041e\u041a\u0418\u0415<\/td>\n<td title=\"\u041c\u0410\u0420\u041a\u0410 \u0411\u0410\u041d\u041a\u0418\">G\u00dcRALLAR<\/td>\n<td title=\"\u041a\u041e\u0414 \u0411\u0410\u041d\u041a\u0418\">ZMR032<\/td>\n<td title=\"\u041e\u0411\u042a\u0415\u041c (CC)\">326 CC<\/td>\n<\/tr>\n<tr>\n<td title=\"\u0422\u0418\u041f \u0413\u041e\u041b\u041e\u0412\u041a\u0418\">63 \u041c\u041c \u0413\u041b\u0423\u0411\u041e\u041a\u0418\u0415<\/td>\n<td title=\"\u041c\u0410\u0420\u041a\u0410 \u0411\u0410\u041d\u041a\u0418\">\u015e\u0130\u015eECAM<\/td>\n<td title=\"\u041a\u041e\u0414 \u0411\u0410\u041d\u041a\u0418\">154833<\/td>\n<td title=\"\u041e\u0411\u042a\u0415\u041c (CC)\">326 CC<\/td>\n<\/tr>\n<tr>\n<td title=\"\u0422\u0418\u041f \u0413\u041e\u041b\u041e\u0412\u041a\u0418\">63 \u041c\u041c \u0413\u041b\u0423\u0411\u041e\u041a\u0418\u0415<\/td>\n<td title=\"\u041c\u0410\u0420\u041a\u0410 \u0411\u0410\u041d\u041a\u0418\">MARMARA CAM<\/td>\n<td title=\"\u041a\u041e\u0414 \u0411\u0410\u041d\u041a\u0418\">111 101 0314<\/td>\n<td title=\"\u041e\u0411\u042a\u0415\u041c (CC)\">314 CC<\/td>\n<\/tr>\n<tr>\n<td title=\"\u0422\u0418\u041f \u0413\u041e\u041b\u041e\u0412\u041a\u0418\">63 \u041c\u041c \u0413\u041b\u0423\u0411\u041e\u041a\u0418\u0415<\/td>\n<td title=\"\u041c\u0410\u0420\u041a\u0410 \u0411\u0410\u041d\u041a\u0418\">MARMARA CAM<\/td>\n<td title=\"\u041a\u041e\u0414 \u0411\u0410\u041d\u041a\u0418\">111 103 0326<\/td>\n<td title=\"\u041e\u0411\u042a\u0415\u041c (CC)\">326 CC<\/td>\n<\/tr>\n<tr>\n<td title=\"\u0422\u0418\u041f \u0413\u041e\u041b\u041e\u0412\u041a\u0418\">63 \u041c\u041c \u0413\u041b\u0423\u0411\u041e\u041a\u0418\u0415<\/td>\n<td title=\"\u041c\u0410\u0420\u041a\u0410 \u0411\u0410\u041d\u041a\u0418\">MARMARA CAM<\/td>\n<td title=\"\u041a\u041e\u0414 \u0411\u0410\u041d\u041a\u0418\">111 104 0326<\/td>\n<td title=\"\u041e\u0411\u042a\u0415\u041c (CC)\">326 CC<\/td>\n<\/tr>\n<tr>\n<td title=\"\u0422\u0418\u041f \u0413\u041e\u041b\u041e\u0412\u041a\u0418\">63 \u041c\u041c \u0413\u041b\u0423\u0411\u041e\u041a\u0418\u0415<\/td>\n<td title=\"\u041c\u0410\u0420\u041a\u0410 \u0411\u0410\u041d\u041a\u0418\">MARMARA CAM<\/td>\n<td title=\"\u041a\u041e\u0414 \u0411\u0410\u041d\u041a\u0418\">111 102 0326<\/td>\n<td title=\"\u041e\u0411\u042a\u0415\u041c (CC)\">326 CC<\/td>\n<\/tr>\n<tr>\n<td title=\"\u0422\u0418\u041f \u0413\u041e\u041b\u041e\u0412\u041a\u0418\">63 \u041c\u041c \u0413\u041b\u0423\u0411\u041e\u041a\u0418\u0415<\/td>\n<td title=\"\u041c\u0410\u0420\u041a\u0410 \u0411\u0410\u041d\u041a\u0418\">MARMARA CAM<\/td>\n<td title=\"\u041a\u041e\u0414 \u0411\u0410\u041d\u041a\u0418\">111 101 0330<\/td>\n<td title=\"\u041e\u0411\u042a\u0415\u041c (CC)\">330 CC<\/td>\n<\/tr>\n<tr>\n<td title=\"\u0422\u0418\u041f \u0413\u041e\u041b\u041e\u0412\u041a\u0418\">63 \u041c\u041c \u0413\u041b\u0423\u0411\u041e\u041a\u0418\u0415<\/td>\n<td title=\"\u041c\u0410\u0420\u041a\u0410 \u0411\u0410\u041d\u041a\u0418\">MARMARA CAM<\/td>\n<td title=\"\u041a\u041e\u0414 \u0411\u0410\u041d\u041a\u0418\">111 104 0330<\/td>\n<td title=\"\u041e\u0411\u042a\u0415\u041c (CC)\">330 CC<\/td>\n<\/tr>\n<\/tbody>\n<\/table>\n\t\t\t\t\t\t<\/div>\n\t\t\t\t<\/div>\n\t\t\t\t\t<\/div>\n\t\t<\/div>\n\t\t\t\t\t\t\t<\/div>\n\t\t<\/section>\n\t\t\t\t\t<\/div>\n\t\t<\/div>\n\t\t\t\t<div class=\"elementor-column elementor-col-50 elementor-top-column elementor-element elementor-element-7633329\" data-id=\"7633329\" data-element_type=\"column\">\n\t\t\t<div class=\"elementor-widget-wrap elementor-element-populated\">\n\t\t\t\t\t\t\t\t<section class=\"elementor-section elementor-inner-section elementor-element elementor-element-be3442b page_sidebar elementor-section-boxed elementor-section-height-default elementor-section-height-default\" data-id=\"be3442b\" data-element_type=\"section\" data-settings=\"{&quot;background_background&quot;:&quot;classic&quot;}\">\n\t\t\t\t\t\t<div class=\"elementor-container elementor-column-gap-default\">\n\t\t\t\t\t<div class=\"elementor-column elementor-col-100 elementor-inner-column elementor-element elementor-element-4fdab10\" data-id=\"4fdab10\" data-element_type=\"column\">\n\t\t\t<div class=\"elementor-widget-wrap elementor-element-populated\">\n\t\t\t\t\t\t\t\t<div class=\"elementor-element elementor-element-a3b3e6a title elementor-widget elementor-widget-heading\" data-id=\"a3b3e6a\" data-element_type=\"widget\" data-widget_type=\"heading.default\">\n\t\t\t\t<div class=\"elementor-widget-container\">\n\t\t\t<h4 class=\"elementor-heading-title elementor-size-default\">\u041d\u0430\u0448\u0438 \u043f\u0440\u043e\u0434\u0443\u043a\u0442\u044b\n<\/h4>\t\t<\/div>\n\t\t\t\t<\/div>\n\t\t\t\t<div class=\"elementor-element elementor-element-c8b3384 elementor-nav-menu--dropdown-none elementor-widget elementor-widget-nav-menu\" data-id=\"c8b3384\" data-element_type=\"widget\" data-settings=\"{&quot;layout&quot;:&quot;vertical&quot;,&quot;submenu_icon&quot;:{&quot;value&quot;:&quot;&lt;i class=\\&quot;fas fa-caret-down\\&quot;&gt;&lt;\\\/i&gt;&quot;,&quot;library&quot;:&quot;fa-solid&quot;}}\" data-widget_type=\"nav-menu.default\">\n\t\t\t\t<div class=\"elementor-widget-container\">\n\t\t\t<link rel=\"stylesheet\" href=\"https:\/\/rastas.com.tr\/wp-content\/plugins\/elementor-pro\/assets\/css\/widget-nav-menu.min.css\">\t\t\t<nav class=\"elementor-nav-menu--main elementor-nav-menu__container elementor-nav-menu--layout-vertical e--pointer-background e--animation-fade\">\n\t\t\t\t<ul id=\"menu-1-c8b3384\" class=\"elementor-nav-menu sm-vertical\"><li class=\"menu-item menu-item-type-post_type menu-item-object-page menu-item-1428\"><a href=\"https:\/\/rastas.com.tr\/ru\/43-mm-%d0%ba%d1%80%d1%8b%d1%88%d0%ba%d0%b0-%d0%b1%d0%b0%d0%bd%d0%ba%d0%b8\/\" class=\"elementor-item\">43 MM \u041a\u0420\u042b\u0428\u041a\u0410 \u0411\u0410\u041d\u041a\u0418<\/a><\/li>\n<li class=\"menu-item menu-item-type-post_type menu-item-object-page menu-item-1436\"><a href=\"https:\/\/rastas.com.tr\/ru\/53-mm-%d0%ba%d1%80%d1%8b%d1%88%d0%ba%d0%b0-%d0%b1%d0%b0%d0%bd%d0%ba%d0%b8\/\" class=\"elementor-item\">53 MM \u041a\u0420\u042b\u0428\u041a\u0410 \u0411\u0410\u041d\u041a\u0418<\/a><\/li>\n<li class=\"menu-item menu-item-type-post_type menu-item-object-page menu-item-1437\"><a href=\"https:\/\/rastas.com.tr\/ru\/63-mm-%d0%ba%d1%80%d1%8b%d1%88%d0%ba%d0%b0-%d0%b1%d0%b0%d0%bd%d0%ba%d0%b8\/\" class=\"elementor-item\">63 MM \u041a\u0420\u042b\u0428\u041a\u0410 \u0411\u0410\u041d\u041a\u0418<\/a><\/li>\n<li class=\"menu-item menu-item-type-post_type menu-item-object-page menu-item-1438\"><a href=\"https:\/\/rastas.com.tr\/ru\/63-mm-%d0%ba%d1%80%d1%8b%d1%88%d0%ba%d0%b0-%d0%b4%d0%bb%d1%8f-%d0%b3%d0%bb%d1%83%d0%b1%d0%be%d0%ba%d0%be%d0%b9-%d0%b1%d0%b0%d0%bd%d0%ba%d0%b8\/\" class=\"elementor-item\">63 MM \u041a\u0420\u042b\u0428\u041a\u0410 \u0414\u041b\u042f \u0413\u041b\u0423\u0411\u041e\u041a\u041e\u0419 \u0411\u0410\u041d\u041a\u0418<\/a><\/li>\n<li class=\"menu-item menu-item-type-post_type menu-item-object-page menu-item-1439\"><a href=\"https:\/\/rastas.com.tr\/ru\/66-mm-%d0%ba%d1%80%d1%8b%d1%88%d0%ba%d0%b0-%d0%b1%d0%b0%d0%bd%d0%ba%d0%b8\/\" class=\"elementor-item\">66 MM \u041a\u0420\u042b\u0428\u041a\u0410 \u0411\u0410\u041d\u041a\u0418<\/a><\/li>\n<li class=\"menu-item menu-item-type-post_type menu-item-object-page menu-item-1440\"><a href=\"https:\/\/rastas.com.tr\/ru\/82-mm-%d0%ba%d1%80%d1%8b%d1%88%d0%ba%d0%b0-%d0%b1%d0%b0%d0%bd%d0%ba%d0%b8\/\" class=\"elementor-item\">82 MM \u041a\u0420\u042b\u0428\u041a\u0410 \u0411\u0410\u041d\u041a\u0418<\/a><\/li>\n<li class=\"menu-item menu-item-type-post_type menu-item-object-page menu-item-1441\"><a href=\"https:\/\/rastas.com.tr\/ru\/100-mm-%d0%ba%d1%80%d1%8b%d1%88%d0%ba%d0%b0-%d0%b1%d0%b0%d0%bd%d0%ba%d0%b8\/\" class=\"elementor-item\">100 MM \u041a\u0420\u042b\u0428\u041a\u0410 \u0411\u0410\u041d\u041a\u0418<\/a><\/li>\n<\/ul>\t\t\t<\/nav>\n\t\t\t\t\t\t<nav class=\"elementor-nav-menu--dropdown elementor-nav-menu__container\" aria-hidden=\"true\">\n\t\t\t\t<ul id=\"menu-2-c8b3384\" class=\"elementor-nav-menu sm-vertical\"><li class=\"menu-item menu-item-type-post_type menu-item-object-page menu-item-1428\"><a href=\"https:\/\/rastas.com.tr\/ru\/43-mm-%d0%ba%d1%80%d1%8b%d1%88%d0%ba%d0%b0-%d0%b1%d0%b0%d0%bd%d0%ba%d0%b8\/\" class=\"elementor-item\" tabindex=\"-1\">43 MM \u041a\u0420\u042b\u0428\u041a\u0410 \u0411\u0410\u041d\u041a\u0418<\/a><\/li>\n<li class=\"menu-item menu-item-type-post_type menu-item-object-page menu-item-1436\"><a href=\"https:\/\/rastas.com.tr\/ru\/53-mm-%d0%ba%d1%80%d1%8b%d1%88%d0%ba%d0%b0-%d0%b1%d0%b0%d0%bd%d0%ba%d0%b8\/\" class=\"elementor-item\" tabindex=\"-1\">53 MM \u041a\u0420\u042b\u0428\u041a\u0410 \u0411\u0410\u041d\u041a\u0418<\/a><\/li>\n<li class=\"menu-item menu-item-type-post_type menu-item-object-page menu-item-1437\"><a href=\"https:\/\/rastas.com.tr\/ru\/63-mm-%d0%ba%d1%80%d1%8b%d1%88%d0%ba%d0%b0-%d0%b1%d0%b0%d0%bd%d0%ba%d0%b8\/\" class=\"elementor-item\" tabindex=\"-1\">63 MM \u041a\u0420\u042b\u0428\u041a\u0410 \u0411\u0410\u041d\u041a\u0418<\/a><\/li>\n<li class=\"menu-item menu-item-type-post_type menu-item-object-page menu-item-1438\"><a href=\"https:\/\/rastas.com.tr\/ru\/63-mm-%d0%ba%d1%80%d1%8b%d1%88%d0%ba%d0%b0-%d0%b4%d0%bb%d1%8f-%d0%b3%d0%bb%d1%83%d0%b1%d0%be%d0%ba%d0%be%d0%b9-%d0%b1%d0%b0%d0%bd%d0%ba%d0%b8\/\" class=\"elementor-item\" tabindex=\"-1\">63 MM \u041a\u0420\u042b\u0428\u041a\u0410 \u0414\u041b\u042f \u0413\u041b\u0423\u0411\u041e\u041a\u041e\u0419 \u0411\u0410\u041d\u041a\u0418<\/a><\/li>\n<li class=\"menu-item menu-item-type-post_type menu-item-object-page menu-item-1439\"><a href=\"https:\/\/rastas.com.tr\/ru\/66-mm-%d0%ba%d1%80%d1%8b%d1%88%d0%ba%d0%b0-%d0%b1%d0%b0%d0%bd%d0%ba%d0%b8\/\" class=\"elementor-item\" tabindex=\"-1\">66 MM \u041a\u0420\u042b\u0428\u041a\u0410 \u0411\u0410\u041d\u041a\u0418<\/a><\/li>\n<li class=\"menu-item menu-item-type-post_type menu-item-object-page menu-item-1440\"><a href=\"https:\/\/rastas.com.tr\/ru\/82-mm-%d0%ba%d1%80%d1%8b%d1%88%d0%ba%d0%b0-%d0%b1%d0%b0%d0%bd%d0%ba%d0%b8\/\" class=\"elementor-item\" tabindex=\"-1\">82 MM \u041a\u0420\u042b\u0428\u041a\u0410 \u0411\u0410\u041d\u041a\u0418<\/a><\/li>\n<li class=\"menu-item menu-item-type-post_type menu-item-object-page menu-item-1441\"><a href=\"https:\/\/rastas.com.tr\/ru\/100-mm-%d0%ba%d1%80%d1%8b%d1%88%d0%ba%d0%b0-%d0%b1%d0%b0%d0%bd%d0%ba%d0%b8\/\" class=\"elementor-item\" tabindex=\"-1\">100 MM \u041a\u0420\u042b\u0428\u041a\u0410 \u0411\u0410\u041d\u041a\u0418<\/a><\/li>\n<\/ul>\t\t\t<\/nav>\n\t\t\t\t<\/div>\n\t\t\t\t<\/div>\n\t\t\t\t\t<\/div>\n\t\t<\/div>\n\t\t\t\t\t\t\t<\/div>\n\t\t<\/section>\n\t\t\t\t\t<\/div>\n\t\t<\/div>\n\t\t\t\t\t\t\t<\/div>\n\t\t<\/section>\n\t\t\t\t\t\t\t<\/div>\n\t\t","protected":false},"excerpt":{"rendered":"<p>Rastas \u2014 \u0432\u0435\u0434\u0443\u0449\u0438\u0439 \u0431\u0440\u0435\u043d\u0434 \u0432 \u043e\u0431\u043b\u0430\u0441\u0442\u0438 \u043a\u0440\u044b\u0448\u0435\u043a \u0434\u043b\u044f \u0431\u0430\u043d\u043e\u043a \u0438 \u0431\u0430\u043d\u043e\u043a. \u041d\u0430\u0448\u0430 \u043f\u0440\u043e\u0434\u0443\u043a\u0446\u0438\u044f \u0438\u0437\u0433\u043e\u0442\u043e\u0432\u043b\u0435\u043d\u0430 \u0438\u0437 \u0432\u044b\u0441\u043e\u043a\u043e\u043a\u0430\u0447\u0435\u0441\u0442\u0432\u0435\u043d\u043d\u044b\u0445 \u043c\u0430\u0442\u0435\u0440\u0438\u0430\u043b\u043e\u0432 \u0438 \u043f\u043e\u043c\u043e\u0436\u0435\u0442 \u0432\u0430\u043c \u0441\u043e\u0445\u0440\u0430\u043d\u0438\u0442\u044c \u0432\u0430\u0448\u0438 \u043f\u0440\u043e\u0434\u0443\u043a\u0442\u044b \u0441\u0432\u0435\u0436\u0438\u043c\u0438 \u0438 \u0431\u0435\u0437\u043e\u043f\u0430\u0441\u043d\u044b\u043c\u0438. \u041d\u0430\u0448\u0438 \u043f\u0440\u043e\u0441\u0442\u044b\u0435 \u0432 \u0438\u0441\u043f\u043e\u043b\u044c\u0437\u043e\u0432\u0430\u043d\u0438\u0438 \u043a\u0440\u044b\u0448\u043a\u0438 \u0434\u043b\u044f \u0431\u0430\u043d\u043e\u043a \u043f\u043b\u043e\u0442\u043d\u043e \u0437\u0430\u043a\u0440\u044b\u0432\u0430\u044e\u0442\u0441\u044f \u0438 \u043f\u0440\u0435\u0434\u043e\u0442\u0432\u0440\u0430\u0449\u0430\u044e\u0442 \u043f\u043e\u0440\u0447\u0443 \u043f\u0440\u043e\u0434\u0443\u043a\u0442\u043e\u0432 \u0432\u043d\u0443\u0442\u0440\u0438. 63 \u041c\u041c \u0413\u041b\u0423\u0411\u041e\u041a\u0418\u0415 \u0422\u0415\u0425\u041d\u0418\u0427\u0415\u0421\u041a\u0418\u0415 \u0425\u0410\u0420\u0410\u041a\u0422\u0415\u0420\u0418\u0421\u0422\u0418\u041a\u0418 \u0420\u0410\u0417\u041c\u0415\u0420 \u041a\u0420\u042b\u0428\u041a\u0418 \u0412\u042b\u0421\u041e\u0422\u0410 \u041a\u0420\u042b\u0428\u041a\u0418 \u0412\u041d\u0415\u0428\u041d\u0418\u0419 \u0414\u0418\u0410\u041c\u0415\u0422\u0420 \u0414\u0418\u0410\u041c\u0415\u0422\u0420 \u041c\u0415\u0416\u0414\u0423 \u0420\u0415\u0417\u042c\u0411\u041e\u0412\u042b\u041c\u0418 \u041f\u041e\u0412\u0415\u0420\u0425\u041d\u041e\u0421\u0422\u042f\u041c\u0418 [&hellip;]<\/p>\n","protected":false},"author":1,"featured_media":0,"parent":0,"menu_order":0,"comment_status":"closed","ping_status":"closed","template":"","meta":{"footnotes":""},"_links":{"self":[{"href":"https:\/\/rastas.com.tr\/ru\/wp-json\/wp\/v2\/pages\/620"}],"collection":[{"href":"https:\/\/rastas.com.tr\/ru\/wp-json\/wp\/v2\/pages"}],"about":[{"href":"https:\/\/rastas.com.tr\/ru\/wp-json\/wp\/v2\/types\/page"}],"author":[{"embeddable":true,"href":"https:\/\/rastas.com.tr\/ru\/wp-json\/wp\/v2\/users\/1"}],"replies":[{"embeddable":true,"href":"https:\/\/rastas.com.tr\/ru\/wp-json\/wp\/v2\/comments?post=620"}],"version-history":[{"count":7,"href":"https:\/\/rastas.com.tr\/ru\/wp-json\/wp\/v2\/pages\/620\/revisions"}],"predecessor-version":[{"id":1226,"href":"https:\/\/rastas.com.tr\/ru\/wp-json\/wp\/v2\/pages\/620\/revisions\/1226"}],"wp:attachment":[{"href":"https:\/\/rastas.com.tr\/ru\/wp-json\/wp\/v2\/media?parent=620"}],"curies":[{"name":"wp","href":"https:\/\/api.w.org\/{rel}","templated":true}]}}