{"id":632,"date":"2023-08-18T11:28:32","date_gmt":"2023-08-18T11:28:32","guid":{"rendered":"https:\/\/rastas.com.tr\/43-mm-kavanoz-kapagi\/"},"modified":"2023-08-23T05:26:37","modified_gmt":"2023-08-23T05:26:37","slug":"43-mm-%d0%ba%d1%80%d1%8b%d1%88%d0%ba%d0%b0-%d0%b1%d0%b0%d0%bd%d0%ba%d0%b8","status":"publish","type":"page","link":"https:\/\/rastas.com.tr\/ru\/43-mm-%d0%ba%d1%80%d1%8b%d1%88%d0%ba%d0%b0-%d0%b1%d0%b0%d0%bd%d0%ba%d0%b8\/","title":{"rendered":"43 MM \u041a\u0420\u042b\u0428\u041a\u0410 \u0411\u0410\u041d\u041a\u0418"},"content":{"rendered":"\t\t<div data-elementor-type=\"wp-page\" data-elementor-id=\"632\" class=\"elementor elementor-632 elementor-224\" data-elementor-post-type=\"page\">\n\t\t\t\t\t\t\t\t\t<section class=\"elementor-section elementor-top-section elementor-element elementor-element-f5c6cd2 elementor-section-boxed elementor-section-height-default elementor-section-height-default\" data-id=\"f5c6cd2\" data-element_type=\"section\" data-settings=\"{&quot;background_background&quot;:&quot;classic&quot;}\">\n\t\t\t\t\t\t<div class=\"elementor-container elementor-column-gap-default\">\n\t\t\t\t\t<div class=\"elementor-column elementor-col-50 elementor-top-column elementor-element elementor-element-b966592\" data-id=\"b966592\" data-element_type=\"column\">\n\t\t\t<div class=\"elementor-widget-wrap elementor-element-populated\">\n\t\t\t\t\t\t\t\t<section class=\"elementor-section elementor-inner-section elementor-element elementor-element-1bec8ca elementor-section-boxed elementor-section-height-default elementor-section-height-default\" data-id=\"1bec8ca\" data-element_type=\"section\" data-settings=\"{&quot;background_background&quot;:&quot;classic&quot;}\">\n\t\t\t\t\t\t<div class=\"elementor-container elementor-column-gap-default\">\n\t\t\t\t\t<div class=\"elementor-column elementor-col-100 elementor-inner-column elementor-element elementor-element-2767eb0 single-products\" data-id=\"2767eb0\" data-element_type=\"column\">\n\t\t\t<div class=\"elementor-widget-wrap elementor-element-populated\">\n\t\t\t\t\t\t\t\t<div class=\"elementor-element elementor-element-d6272fd elementor-widget elementor-widget-heading\" data-id=\"d6272fd\" data-element_type=\"widget\" data-widget_type=\"heading.default\">\n\t\t\t\t<div class=\"elementor-widget-container\">\n\t\t\t<style>\/*! elementor - v3.17.0 - 25-10-2023 *\/\n.elementor-heading-title{padding:0;margin:0;line-height:1}.elementor-widget-heading .elementor-heading-title[class*=elementor-size-]>a{color:inherit;font-size:inherit;line-height:inherit}.elementor-widget-heading .elementor-heading-title.elementor-size-small{font-size:15px}.elementor-widget-heading .elementor-heading-title.elementor-size-medium{font-size:19px}.elementor-widget-heading .elementor-heading-title.elementor-size-large{font-size:29px}.elementor-widget-heading .elementor-heading-title.elementor-size-xl{font-size:39px}.elementor-widget-heading .elementor-heading-title.elementor-size-xxl{font-size:59px}<\/style><h1 class=\"elementor-heading-title elementor-size-default\">43 MM \u041a\u0420\u042b\u0428\u041a\u0410 \u0411\u0410\u041d\u041a\u0418<\/h1>\t\t<\/div>\n\t\t\t\t<\/div>\n\t\t\t\t<div class=\"elementor-element elementor-element-ba8ef29 elementor-widget elementor-widget-text-editor\" data-id=\"ba8ef29\" data-element_type=\"widget\" data-widget_type=\"text-editor.default\">\n\t\t\t\t<div class=\"elementor-widget-container\">\n\t\t\t<style>\/*! elementor - v3.17.0 - 25-10-2023 *\/\n.elementor-widget-text-editor.elementor-drop-cap-view-stacked .elementor-drop-cap{background-color:#69727d;color:#fff}.elementor-widget-text-editor.elementor-drop-cap-view-framed .elementor-drop-cap{color:#69727d;border:3px solid;background-color:transparent}.elementor-widget-text-editor:not(.elementor-drop-cap-view-default) .elementor-drop-cap{margin-top:8px}.elementor-widget-text-editor:not(.elementor-drop-cap-view-default) .elementor-drop-cap-letter{width:1em;height:1em}.elementor-widget-text-editor .elementor-drop-cap{float:left;text-align:center;line-height:1;font-size:50px}.elementor-widget-text-editor .elementor-drop-cap-letter{display:inline-block}<\/style>\t\t\t\t<p>Rastas \u2014 \u0432\u0435\u0434\u0443\u0449\u0438\u0439 \u0431\u0440\u0435\u043d\u0434 \u0432 \u043e\u0431\u043b\u0430\u0441\u0442\u0438 \u043a\u0440\u044b\u0448\u0435\u043a \u0434\u043b\u044f \u0431\u0430\u043d\u043e\u043a \u0438 \u0431\u0430\u043d\u043e\u043a. \u041d\u0430\u0448\u0430 \u043f\u0440\u043e\u0434\u0443\u043a\u0446\u0438\u044f \u0438\u0437\u0433\u043e\u0442\u043e\u0432\u043b\u0435\u043d\u0430 \u0438\u0437 \u0432\u044b\u0441\u043e\u043a\u043e\u043a\u0430\u0447\u0435\u0441\u0442\u0432\u0435\u043d\u043d\u044b\u0445 \u043c\u0430\u0442\u0435\u0440\u0438\u0430\u043b\u043e\u0432 \u0438 \u043f\u043e\u043c\u043e\u0436\u0435\u0442 \u0432\u0430\u043c \u0441\u043e\u0445\u0440\u0430\u043d\u0438\u0442\u044c \u0432\u0430\u0448\u0438 \u043f\u0440\u043e\u0434\u0443\u043a\u0442\u044b \u0441\u0432\u0435\u0436\u0438\u043c\u0438 \u0438 \u0431\u0435\u0437\u043e\u043f\u0430\u0441\u043d\u044b\u043c\u0438. \u041d\u0430\u0448\u0438 \u043f\u0440\u043e\u0441\u0442\u044b\u0435 \u0432 \u0438\u0441\u043f\u043e\u043b\u044c\u0437\u043e\u0432\u0430\u043d\u0438\u0438 \u043a\u0440\u044b\u0448\u043a\u0438 \u0434\u043b\u044f \u0431\u0430\u043d\u043e\u043a \u043f\u043b\u043e\u0442\u043d\u043e \u0437\u0430\u043a\u0440\u044b\u0432\u0430\u044e\u0442\u0441\u044f \u0438 \u043f\u0440\u0435\u0434\u043e\u0442\u0432\u0440\u0430\u0449\u0430\u044e\u0442 \u043f\u043e\u0440\u0447\u0443 \u043f\u0440\u043e\u0434\u0443\u043a\u0442\u043e\u0432 \u0432\u043d\u0443\u0442\u0440\u0438.<\/p>\t\t\t\t\t\t<\/div>\n\t\t\t\t<\/div>\n\t\t\t\t<div class=\"elementor-element elementor-element-bb8023a elementor-widget elementor-widget-image\" data-id=\"bb8023a\" data-element_type=\"widget\" data-widget_type=\"image.default\">\n\t\t\t\t<div class=\"elementor-widget-container\">\n\t\t\t<style>\/*! elementor - v3.17.0 - 25-10-2023 *\/\n.elementor-widget-image{text-align:center}.elementor-widget-image a{display:inline-block}.elementor-widget-image a img[src$=\".svg\"]{width:48px}.elementor-widget-image img{vertical-align:middle;display:inline-block}<\/style>\t\t\t\t\t\t\t\t\t\t\t\t<img loading=\"lazy\" decoding=\"async\" width=\"340\" height=\"89\" src=\"https:\/\/rastas.com.tr\/wp-content\/uploads\/2023\/08\/43mm-rastas-kavanoz-kapak.jpg\" class=\"attachment-large size-large wp-image-242\" alt=\"\" srcset=\"https:\/\/rastas.com.tr\/wp-content\/uploads\/2023\/08\/43mm-rastas-kavanoz-kapak.jpg 340w, https:\/\/rastas.com.tr\/wp-content\/uploads\/2023\/08\/43mm-rastas-kavanoz-kapak-300x79.jpg 300w\" sizes=\"(max-width: 340px) 100vw, 340px\" \/>\t\t\t\t\t\t\t\t\t\t\t\t\t\t\t<\/div>\n\t\t\t\t<\/div>\n\t\t\t\t<div class=\"elementor-element elementor-element-4435bb8 elementor-widget elementor-widget-text-editor\" data-id=\"4435bb8\" data-element_type=\"widget\" data-widget_type=\"text-editor.default\">\n\t\t\t\t<div class=\"elementor-widget-container\">\n\t\t\t\t\t\t\t<table>\n<tbody>\n<tr>\n<th class=\"text-center\" colspan=\"7\">\u0422\u0415\u0425\u041d\u0418\u0427\u0415\u0421\u041a\u0418\u0415 \u0425\u0410\u0420\u0410\u041a\u0422\u0415\u0420\u0418\u0421\u0422\u0418\u041a\u0418 43 \u041c\u041c<\/th>\n<\/tr>\n<tr>\n<td>\u0420\u0410\u0417\u041c\u0415\u0420 \u041a\u0420\u042b\u0428\u041a\u0418<\/td>\n<td>\u0412\u042b\u0421\u041e\u0422\u0410 \u041a\u0420\u042b\u0428\u041a\u0418<\/td>\n<td>\u0412\u041d\u0415\u0428\u041d\u0418\u0419 \u0414\u0418\u0410\u041c\u0415\u0422\u0420<\/td>\n<td>\u041c\u0415\u0416\u0414\u0423\u0417\u0423\u0411\u0426\u041e\u0412\u042b\u0419 \u0414\u0418\u0410\u041c\u0415\u0422\u0420<\/td>\n<td>\u041c\u0418\u041d\u0418\u041c\u0410\u041b\u042c\u041d\u042b\u0419 \u0412\u041d\u0423\u0422\u0420\u0415\u041d\u041d\u0418\u0419 \u0414\u0418\u0410\u041c\u0415\u0422\u0420 \u0421\u041a\u0420\u0423\u0427\u0418\u0412\u0410\u041d\u0418\u042f<\/td>\n<td>\u041c\u0418\u041d\u0418\u041c\u0410\u041b\u042c\u041d\u0410\u042f \u0422\u041e\u041b\u0429\u0418\u041d\u0410 \u0423\u041f\u041b\u041e\u0422\u041d\u0415\u041d\u0418\u042f<\/td>\n<td>\u0412\u041d\u0415\u0428\u041d\u042f\u042f \u0412\u042b\u0421\u041e\u0422\u0410 \u041c\u0415\u0416\u0414\u0423 \u0414\u041d\u041e\u041c \u0418 \u0423\u041f\u041b\u041e\u0422\u041d\u0415\u041d\u0418\u0415\u041c<\/td>\n<\/tr>\n<tr>\n<td title=\"\u0420\u0410\u0417\u041c\u0415\u0420 \u041a\u0420\u042b\u0428\u041a\u0418\">43 \u041c\u041c RTO-RTB<\/td>\n<td title=\"\u0412\u042b\u0421\u041e\u0422\u0410 \u041a\u0420\u042b\u0428\u041a\u0418\">8,65<\/td>\n<td title=\"\u0412\u041d\u0415\u0428\u041d\u0418\u0419 \u0414\u0418\u0410\u041c\u0415\u0422\u0420\">44,80<\/td>\n<td title=\"\u041c\u0415\u0416\u0414\u0423\u0417\u0423\u0411\u0426\u041e\u0412\u042b\u0419 \u0414\u0418\u0410\u041c\u0415\u0422\u0420\">38,40 \u043c\u0438\u043d. 38,95 \u043c\u0430\u043a\u0441.<\/td>\n<td title=\"\u041c\u0418\u041d\u0418\u041c\u0410\u041b\u042c\u041d\u042b\u0419 \u0412\u041d\u0423\u0422\u0420\u0415\u041d\u041d\u0418\u0419 \u0414\u0418\u0410\u041c\u0415\u0422\u0420 \u0421\u041a\u0420\u0423\u0427\u0418\u0412\u0410\u041d\u0418\u042f\">40,80<\/td>\n<td title=\"\u041c\u0418\u041d\u0418\u041c\u0410\u041b\u042c\u041d\u0410\u042f \u0422\u041e\u041b\u0429\u0418\u041d\u0410 \u0423\u041f\u041b\u041e\u0422\u041d\u0415\u041d\u0418\u042f\">0,70<\/td>\n<td title=\"\u0412\u041d\u0415\u0428\u041d\u042f\u042f \u0412\u042b\u0421\u041e\u0422\u0410 \u041c\u0415\u0416\u0414\u0423 \u0414\u041d\u041e\u041c \u0418 \u0423\u041f\u041b\u041e\u0422\u041d\u0415\u041d\u0418\u0415\u041c\">5,75 \u043c\u0438\u043d. 6,75 \u043c\u0430\u043a\u0441.<\/td>\n<\/tr>\n<\/tbody>\n<\/table>\n<table>\n<tbody>\n<tr>\n<th class=\"text-center\" colspan=\"5\">\u041a\u0410\u0412\u0410\u041d\u041e\u0417\u042b \u041f\u041e\u0414\u0425\u041e\u0414\u042f\u0429\u0418\u0415 \u041f\u041e \u0420\u0410\u0417\u041c\u0415\u0420\u0423 43 \u041c\u041c \u041a\u0420\u042b\u0428\u041a\u0418<\/th>\n<\/tr>\n<tr>\n<td>\u0420\u0410\u0417\u041c\u0415\u0420 \u041a\u0420\u042b\u0428\u041a\u0418<\/td>\n<td>\u0411\u0420\u0415\u041d\u0414 \u041a\u0410\u0412\u0410\u041d\u041e\u0417\u0410<\/td>\n<td>\u041a\u041e\u0414 \u041a\u0410\u0412\u0410\u041d\u041e\u0417\u0410<\/td>\n<td>\u041e\u0411\u042a\u0415\u041c (CC)<\/td>\n<\/tr>\n<tr>\n<td title=\"\u0420\u0410\u0417\u041c\u0415\u0420 \u041a\u0420\u042b\u0428\u041a\u0418\">43 \u041c\u041c \u041a\u0420\u042b\u0428\u041a\u0410<\/td>\n<td title=\"\u0411\u0420\u0415\u041d\u0414 \u041a\u0410\u0412\u0410\u041d\u041e\u0417\u0410\">\u015e\u0130\u015eECAM<\/td>\n<td title=\"\u041a\u041e\u0414 \u041a\u0410\u0412\u0410\u041d\u041e\u0417\u0410\">141202<\/td>\n<td title=\"\u041e\u0411\u042a\u0415\u041c (CC)\">29 CC<\/td>\n<\/tr>\n<tr>\n<td title=\"\u0420\u0410\u0417\u041c\u0415\u0420 \u041a\u0420\u042b\u0428\u041a\u0418\">43 \u041c\u041c \u041a\u0420\u042b\u0428\u041a\u0410<\/td>\n<td title=\"\u0411\u0420\u0415\u041d\u0414 \u041a\u0410\u0412\u0410\u041d\u041e\u0417\u0410\">\u015e\u0130\u015eECAM<\/td>\n<td title=\"\u041a\u041e\u0414 \u041a\u0410\u0412\u0410\u041d\u041e\u0417\u0410\">141004<\/td>\n<td title=\"\u041e\u0411\u042a\u0415\u041c (CC)\">40 CC<\/td>\n<\/tr>\n<tr>\n<td title=\"\u0420\u0410\u0417\u041c\u0415\u0420 \u041a\u0420\u042b\u0428\u041a\u0418\">43 \u041c\u041c \u041a\u0420\u042b\u0428\u041a\u0410<\/td>\n<td title=\"\u0411\u0420\u0415\u041d\u0414 \u041a\u0410\u0412\u0410\u041d\u041e\u0417\u0410\">MARMARA CAM<\/td>\n<td title=\"\u041a\u041e\u0414 \u041a\u0410\u0412\u0410\u041d\u041e\u0417\u0410\">111 101 0033<\/td>\n<td title=\"\u041e\u0411\u042a\u0415\u041c (CC)\">33 CC<\/td>\n<\/tr>\n<\/tbody>\n<\/table>\n\t\t\t\t\t\t<\/div>\n\t\t\t\t<\/div>\n\t\t\t\t\t<\/div>\n\t\t<\/div>\n\t\t\t\t\t\t\t<\/div>\n\t\t<\/section>\n\t\t\t\t\t<\/div>\n\t\t<\/div>\n\t\t\t\t<div class=\"elementor-column elementor-col-50 elementor-top-column elementor-element elementor-element-de35f7b\" data-id=\"de35f7b\" data-element_type=\"column\">\n\t\t\t<div class=\"elementor-widget-wrap elementor-element-populated\">\n\t\t\t\t\t\t\t\t<section class=\"elementor-section elementor-inner-section elementor-element elementor-element-97fc89e page_sidebar elementor-section-boxed elementor-section-height-default elementor-section-height-default\" data-id=\"97fc89e\" data-element_type=\"section\" data-settings=\"{&quot;background_background&quot;:&quot;classic&quot;}\">\n\t\t\t\t\t\t<div class=\"elementor-container elementor-column-gap-default\">\n\t\t\t\t\t<div class=\"elementor-column elementor-col-100 elementor-inner-column elementor-element elementor-element-7778e47\" data-id=\"7778e47\" data-element_type=\"column\">\n\t\t\t<div class=\"elementor-widget-wrap elementor-element-populated\">\n\t\t\t\t\t\t\t\t<div class=\"elementor-element elementor-element-7fe3e13 title elementor-widget elementor-widget-heading\" data-id=\"7fe3e13\" data-element_type=\"widget\" data-widget_type=\"heading.default\">\n\t\t\t\t<div class=\"elementor-widget-container\">\n\t\t\t<h4 class=\"elementor-heading-title elementor-size-default\">\u041d\u0430\u0448\u0438 \u043f\u0440\u043e\u0434\u0443\u043a\u0442\u044b<\/h4>\t\t<\/div>\n\t\t\t\t<\/div>\n\t\t\t\t<div class=\"elementor-element elementor-element-a61ebb5 elementor-nav-menu--dropdown-none elementor-widget elementor-widget-nav-menu\" data-id=\"a61ebb5\" data-element_type=\"widget\" data-settings=\"{&quot;layout&quot;:&quot;vertical&quot;,&quot;submenu_icon&quot;:{&quot;value&quot;:&quot;&lt;i class=\\&quot;fas fa-caret-down\\&quot;&gt;&lt;\\\/i&gt;&quot;,&quot;library&quot;:&quot;fa-solid&quot;}}\" data-widget_type=\"nav-menu.default\">\n\t\t\t\t<div class=\"elementor-widget-container\">\n\t\t\t<link rel=\"stylesheet\" href=\"https:\/\/rastas.com.tr\/wp-content\/plugins\/elementor-pro\/assets\/css\/widget-nav-menu.min.css\">\t\t\t<nav class=\"elementor-nav-menu--main elementor-nav-menu__container elementor-nav-menu--layout-vertical e--pointer-background e--animation-fade\">\n\t\t\t\t<ul id=\"menu-1-a61ebb5\" class=\"elementor-nav-menu sm-vertical\"><li class=\"menu-item menu-item-type-post_type menu-item-object-page menu-item-1428\"><a href=\"https:\/\/rastas.com.tr\/ru\/43-mm-%d0%ba%d1%80%d1%8b%d1%88%d0%ba%d0%b0-%d0%b1%d0%b0%d0%bd%d0%ba%d0%b8\/\" class=\"elementor-item\">43 MM \u041a\u0420\u042b\u0428\u041a\u0410 \u0411\u0410\u041d\u041a\u0418<\/a><\/li>\n<li class=\"menu-item menu-item-type-post_type menu-item-object-page menu-item-1436\"><a href=\"https:\/\/rastas.com.tr\/ru\/53-mm-%d0%ba%d1%80%d1%8b%d1%88%d0%ba%d0%b0-%d0%b1%d0%b0%d0%bd%d0%ba%d0%b8\/\" class=\"elementor-item\">53 MM \u041a\u0420\u042b\u0428\u041a\u0410 \u0411\u0410\u041d\u041a\u0418<\/a><\/li>\n<li class=\"menu-item menu-item-type-post_type menu-item-object-page menu-item-1437\"><a href=\"https:\/\/rastas.com.tr\/ru\/63-mm-%d0%ba%d1%80%d1%8b%d1%88%d0%ba%d0%b0-%d0%b1%d0%b0%d0%bd%d0%ba%d0%b8\/\" class=\"elementor-item\">63 MM \u041a\u0420\u042b\u0428\u041a\u0410 \u0411\u0410\u041d\u041a\u0418<\/a><\/li>\n<li class=\"menu-item menu-item-type-post_type menu-item-object-page menu-item-1438\"><a href=\"https:\/\/rastas.com.tr\/ru\/63-mm-%d0%ba%d1%80%d1%8b%d1%88%d0%ba%d0%b0-%d0%b4%d0%bb%d1%8f-%d0%b3%d0%bb%d1%83%d0%b1%d0%be%d0%ba%d0%be%d0%b9-%d0%b1%d0%b0%d0%bd%d0%ba%d0%b8\/\" class=\"elementor-item\">63 MM \u041a\u0420\u042b\u0428\u041a\u0410 \u0414\u041b\u042f \u0413\u041b\u0423\u0411\u041e\u041a\u041e\u0419 \u0411\u0410\u041d\u041a\u0418<\/a><\/li>\n<li class=\"menu-item menu-item-type-post_type menu-item-object-page menu-item-1439\"><a href=\"https:\/\/rastas.com.tr\/ru\/66-mm-%d0%ba%d1%80%d1%8b%d1%88%d0%ba%d0%b0-%d0%b1%d0%b0%d0%bd%d0%ba%d0%b8\/\" class=\"elementor-item\">66 MM \u041a\u0420\u042b\u0428\u041a\u0410 \u0411\u0410\u041d\u041a\u0418<\/a><\/li>\n<li class=\"menu-item menu-item-type-post_type menu-item-object-page menu-item-1440\"><a href=\"https:\/\/rastas.com.tr\/ru\/82-mm-%d0%ba%d1%80%d1%8b%d1%88%d0%ba%d0%b0-%d0%b1%d0%b0%d0%bd%d0%ba%d0%b8\/\" class=\"elementor-item\">82 MM \u041a\u0420\u042b\u0428\u041a\u0410 \u0411\u0410\u041d\u041a\u0418<\/a><\/li>\n<li class=\"menu-item menu-item-type-post_type menu-item-object-page menu-item-1441\"><a href=\"https:\/\/rastas.com.tr\/ru\/100-mm-%d0%ba%d1%80%d1%8b%d1%88%d0%ba%d0%b0-%d0%b1%d0%b0%d0%bd%d0%ba%d0%b8\/\" class=\"elementor-item\">100 MM \u041a\u0420\u042b\u0428\u041a\u0410 \u0411\u0410\u041d\u041a\u0418<\/a><\/li>\n<\/ul>\t\t\t<\/nav>\n\t\t\t\t\t\t<nav class=\"elementor-nav-menu--dropdown elementor-nav-menu__container\" aria-hidden=\"true\">\n\t\t\t\t<ul id=\"menu-2-a61ebb5\" class=\"elementor-nav-menu sm-vertical\"><li class=\"menu-item menu-item-type-post_type menu-item-object-page menu-item-1428\"><a href=\"https:\/\/rastas.com.tr\/ru\/43-mm-%d0%ba%d1%80%d1%8b%d1%88%d0%ba%d0%b0-%d0%b1%d0%b0%d0%bd%d0%ba%d0%b8\/\" class=\"elementor-item\" tabindex=\"-1\">43 MM \u041a\u0420\u042b\u0428\u041a\u0410 \u0411\u0410\u041d\u041a\u0418<\/a><\/li>\n<li class=\"menu-item menu-item-type-post_type menu-item-object-page menu-item-1436\"><a href=\"https:\/\/rastas.com.tr\/ru\/53-mm-%d0%ba%d1%80%d1%8b%d1%88%d0%ba%d0%b0-%d0%b1%d0%b0%d0%bd%d0%ba%d0%b8\/\" class=\"elementor-item\" tabindex=\"-1\">53 MM \u041a\u0420\u042b\u0428\u041a\u0410 \u0411\u0410\u041d\u041a\u0418<\/a><\/li>\n<li class=\"menu-item menu-item-type-post_type menu-item-object-page menu-item-1437\"><a href=\"https:\/\/rastas.com.tr\/ru\/63-mm-%d0%ba%d1%80%d1%8b%d1%88%d0%ba%d0%b0-%d0%b1%d0%b0%d0%bd%d0%ba%d0%b8\/\" class=\"elementor-item\" tabindex=\"-1\">63 MM \u041a\u0420\u042b\u0428\u041a\u0410 \u0411\u0410\u041d\u041a\u0418<\/a><\/li>\n<li class=\"menu-item menu-item-type-post_type menu-item-object-page menu-item-1438\"><a href=\"https:\/\/rastas.com.tr\/ru\/63-mm-%d0%ba%d1%80%d1%8b%d1%88%d0%ba%d0%b0-%d0%b4%d0%bb%d1%8f-%d0%b3%d0%bb%d1%83%d0%b1%d0%be%d0%ba%d0%be%d0%b9-%d0%b1%d0%b0%d0%bd%d0%ba%d0%b8\/\" class=\"elementor-item\" tabindex=\"-1\">63 MM \u041a\u0420\u042b\u0428\u041a\u0410 \u0414\u041b\u042f \u0413\u041b\u0423\u0411\u041e\u041a\u041e\u0419 \u0411\u0410\u041d\u041a\u0418<\/a><\/li>\n<li class=\"menu-item menu-item-type-post_type menu-item-object-page menu-item-1439\"><a href=\"https:\/\/rastas.com.tr\/ru\/66-mm-%d0%ba%d1%80%d1%8b%d1%88%d0%ba%d0%b0-%d0%b1%d0%b0%d0%bd%d0%ba%d0%b8\/\" class=\"elementor-item\" tabindex=\"-1\">66 MM \u041a\u0420\u042b\u0428\u041a\u0410 \u0411\u0410\u041d\u041a\u0418<\/a><\/li>\n<li class=\"menu-item menu-item-type-post_type menu-item-object-page menu-item-1440\"><a href=\"https:\/\/rastas.com.tr\/ru\/82-mm-%d0%ba%d1%80%d1%8b%d1%88%d0%ba%d0%b0-%d0%b1%d0%b0%d0%bd%d0%ba%d0%b8\/\" class=\"elementor-item\" tabindex=\"-1\">82 MM \u041a\u0420\u042b\u0428\u041a\u0410 \u0411\u0410\u041d\u041a\u0418<\/a><\/li>\n<li class=\"menu-item menu-item-type-post_type menu-item-object-page menu-item-1441\"><a href=\"https:\/\/rastas.com.tr\/ru\/100-mm-%d0%ba%d1%80%d1%8b%d1%88%d0%ba%d0%b0-%d0%b1%d0%b0%d0%bd%d0%ba%d0%b8\/\" class=\"elementor-item\" tabindex=\"-1\">100 MM \u041a\u0420\u042b\u0428\u041a\u0410 \u0411\u0410\u041d\u041a\u0418<\/a><\/li>\n<\/ul>\t\t\t<\/nav>\n\t\t\t\t<\/div>\n\t\t\t\t<\/div>\n\t\t\t\t\t<\/div>\n\t\t<\/div>\n\t\t\t\t\t\t\t<\/div>\n\t\t<\/section>\n\t\t\t\t\t<\/div>\n\t\t<\/div>\n\t\t\t\t\t\t\t<\/div>\n\t\t<\/section>\n\t\t\t\t\t\t\t<\/div>\n\t\t","protected":false},"excerpt":{"rendered":"<p>Rastas \u2014 \u0432\u0435\u0434\u0443\u0449\u0438\u0439 \u0431\u0440\u0435\u043d\u0434 \u0432 \u043e\u0431\u043b\u0430\u0441\u0442\u0438 \u043a\u0440\u044b\u0448\u0435\u043a \u0434\u043b\u044f \u0431\u0430\u043d\u043e\u043a \u0438 \u0431\u0430\u043d\u043e\u043a. \u041d\u0430\u0448\u0430 \u043f\u0440\u043e\u0434\u0443\u043a\u0446\u0438\u044f \u0438\u0437\u0433\u043e\u0442\u043e\u0432\u043b\u0435\u043d\u0430 \u0438\u0437 \u0432\u044b\u0441\u043e\u043a\u043e\u043a\u0430\u0447\u0435\u0441\u0442\u0432\u0435\u043d\u043d\u044b\u0445 \u043c\u0430\u0442\u0435\u0440\u0438\u0430\u043b\u043e\u0432 \u0438 \u043f\u043e\u043c\u043e\u0436\u0435\u0442 \u0432\u0430\u043c \u0441\u043e\u0445\u0440\u0430\u043d\u0438\u0442\u044c \u0432\u0430\u0448\u0438 \u043f\u0440\u043e\u0434\u0443\u043a\u0442\u044b \u0441\u0432\u0435\u0436\u0438\u043c\u0438 \u0438 \u0431\u0435\u0437\u043e\u043f\u0430\u0441\u043d\u044b\u043c\u0438. \u041d\u0430\u0448\u0438 \u043f\u0440\u043e\u0441\u0442\u044b\u0435 \u0432 \u0438\u0441\u043f\u043e\u043b\u044c\u0437\u043e\u0432\u0430\u043d\u0438\u0438 \u043a\u0440\u044b\u0448\u043a\u0438 \u0434\u043b\u044f \u0431\u0430\u043d\u043e\u043a \u043f\u043b\u043e\u0442\u043d\u043e \u0437\u0430\u043a\u0440\u044b\u0432\u0430\u044e\u0442\u0441\u044f \u0438 \u043f\u0440\u0435\u0434\u043e\u0442\u0432\u0440\u0430\u0449\u0430\u044e\u0442 \u043f\u043e\u0440\u0447\u0443 \u043f\u0440\u043e\u0434\u0443\u043a\u0442\u043e\u0432 \u0432\u043d\u0443\u0442\u0440\u0438. \u0422\u0415\u0425\u041d\u0418\u0427\u0415\u0421\u041a\u0418\u0415 \u0425\u0410\u0420\u0410\u041a\u0422\u0415\u0420\u0418\u0421\u0422\u0418\u041a\u0418 43 \u041c\u041c \u0420\u0410\u0417\u041c\u0415\u0420 \u041a\u0420\u042b\u0428\u041a\u0418 \u0412\u042b\u0421\u041e\u0422\u0410 \u041a\u0420\u042b\u0428\u041a\u0418 \u0412\u041d\u0415\u0428\u041d\u0418\u0419 \u0414\u0418\u0410\u041c\u0415\u0422\u0420 \u041c\u0415\u0416\u0414\u0423\u0417\u0423\u0411\u0426\u041e\u0412\u042b\u0419 \u0414\u0418\u0410\u041c\u0415\u0422\u0420 \u041c\u0418\u041d\u0418\u041c\u0410\u041b\u042c\u041d\u042b\u0419 \u0412\u041d\u0423\u0422\u0420\u0415\u041d\u041d\u0418\u0419 \u0414\u0418\u0410\u041c\u0415\u0422\u0420 [&hellip;]<\/p>\n","protected":false},"author":1,"featured_media":0,"parent":0,"menu_order":0,"comment_status":"closed","ping_status":"closed","template":"","meta":{"footnotes":""},"_links":{"self":[{"href":"https:\/\/rastas.com.tr\/ru\/wp-json\/wp\/v2\/pages\/632"}],"collection":[{"href":"https:\/\/rastas.com.tr\/ru\/wp-json\/wp\/v2\/pages"}],"about":[{"href":"https:\/\/rastas.com.tr\/ru\/wp-json\/wp\/v2\/types\/page"}],"author":[{"embeddable":true,"href":"https:\/\/rastas.com.tr\/ru\/wp-json\/wp\/v2\/users\/1"}],"replies":[{"embeddable":true,"href":"https:\/\/rastas.com.tr\/ru\/wp-json\/wp\/v2\/comments?post=632"}],"version-history":[{"count":7,"href":"https:\/\/rastas.com.tr\/ru\/wp-json\/wp\/v2\/pages\/632\/revisions"}],"predecessor-version":[{"id":1217,"href":"https:\/\/rastas.com.tr\/ru\/wp-json\/wp\/v2\/pages\/632\/revisions\/1217"}],"wp:attachment":[{"href":"https:\/\/rastas.com.tr\/ru\/wp-json\/wp\/v2\/media?parent=632"}],"curies":[{"name":"wp","href":"https:\/\/api.w.org\/{rel}","templated":true}]}}